




























































































































































































{"id":60186,"date":"2023-06-27T07:05:37","date_gmt":"2023-06-27T05:05:37","guid":{"rendered":"https:\/\/www.campingsnavarra.com\/?page_id=60186"},"modified":"2024-06-20T15:41:27","modified_gmt":"2024-06-20T13:41:27","slug":"atlantische-kustroute-grind","status":"publish","type":"page","link":"https:\/\/www.campingsnavarra.com\/nl\/atlantische-kustroute-grind\/","title":{"rendered":"Atlantische kustroute (grind)"},"content":{"rendered":"[vc_row type=&#8221;in_container&#8221; full_screen_row_position=&#8221;middle&#8221; column_margin=&#8221;default&#8221; column_direction=&#8221;default&#8221; column_direction_tablet=&#8221;default&#8221; column_direction_phone=&#8221;default&#8221; scene_position=&#8221;center&#8221; top_padding=&#8221;12%&#8221; text_color=&#8221;dark&#8221; text_align=&#8221;left&#8221; row_border_radius=&#8221;none&#8221; row_border_radius_applies=&#8221;bg&#8221; overlay_strength=&#8221;0.3&#8243; gradient_direction=&#8221;left_to_right&#8221; shape_divider_position=&#8221;bottom&#8221; bg_image_animation=&#8221;none&#8221; shape_type=&#8221;&#8221;][vc_column column_padding=&#8221;no-extra-padding&#8221; column_padding_tablet=&#8221;inherit&#8221; column_padding_phone=&#8221;inherit&#8221; column_padding_position=&#8221;all&#8221; column_element_spacing=&#8221;default&#8221; background_color_opacity=&#8221;1&#8243; background_hover_color_opacity=&#8221;1&#8243; column_shadow=&#8221;none&#8221; column_border_radius=&#8221;none&#8221; column_link_target=&#8221;_self&#8221; gradient_direction=&#8221;left_to_right&#8221; overlay_strength=&#8221;0.3&#8243; width=&#8221;1\/2&#8243; tablet_width_inherit=&#8221;default&#8221; tablet_text_alignment=&#8221;default&#8221; phone_text_alignment=&#8221;default&#8221; bg_image_animation=&#8221;none&#8221; border_type=&#8221;simple&#8221; column_border_width=&#8221;none&#8221; column_border_style=&#8221;solid&#8221;][split_line_heading animation_type=&#8221;default&#8221;]<strong><span style=\"color: #62a74e; font-size: 35px;\">ROUTE VAN DE ATLANTISCHE KUST<\/span><\/strong><br \/>\n<strong><span style=\"color: #62a74e; font-size: 25px;\">ROUTE LIJN<\/span><\/strong><br \/>\n<strong><span style=\"color: #62a74e; font-size: 20px;\">Typologie: GRAVEL<\/span><\/strong>[\/split_line_heading][vc_column_text]<strong>EuroVelo 1<\/strong> komt Navarra binnen langs de Bidasoa Greenway. <strong>Van Endarlatsa<\/strong>, via Bera <strong>naar Doneztebe\/Santesteban<\/strong>, loopt dit in onbruik geraakte spoorwegtraject door prachtige landschappen met groene weiden vol boerderijen, pittoreske tunnels, typische dorpjes en zelfs een vergeten bunker. Een gemakkelijke en aangename route, met een vrijwel vlak profiel. Camping Ariztigain ligt in het dorp Sunbilla en is na een korte wandeling te bereiken.<\/p>\n<p>In de <strong>Malerreka-vallei<\/strong>, geflankeerd door verschillende bergen zoals Mendaur, ligt het elegante dorp <strong>Doneztebe\/Santesteban<\/strong>, vanwaar de route begint richting de Basaburua-vallei, om uiteindelijk Irurtzun te bereiken, waar, naast de dam, een van de delen van de Plazaola Greenway eindigt. Bij Latasa is er de mogelijkheid om van de route af te slaan en verder te gaan via de Plazaola Greenway naar de Aralar Campsite in Lekunberri.<\/p>\n<p>De route loopt verder door de gemeente Iza en neemt bij A\u00f1ezcar een omweg die naar de camping Ezcaba leidt, waarbij de offici\u00eble route voor een paar kilometer wordt verlaten. Neem vanaf de camping de rivier de Arga naar Pamplona-Iru\u00f1a.<\/p>\n<p>Vanaf Pamplona-Iru\u00f1a gaat de route verder naar <strong>Estella-Lizarra<\/strong> langs de Camino de Santiago, die ook samenvalt met de EuroVelo 3. Een route vol straatdorpen, middeleeuwse bruggen, prachtige monumenten, landschappen die met de seizoenen van kleur veranderen, wijngaarden en gastronomie van hoge kwaliteit. Camping Lizarra ligt in de omgeving van Estella-lizarra.<\/p>\n<p>Net buiten Estella-Lizarra ligt het klooster van Iratxe en daarnaast de camping Iratxe. Verderop laten we het rotsachtige kasteel van Villamayor de Monjard\u00edn achter ons en bereiken we Los Arcos, Torres del R\u00edo en ten slotte Viana, dat op een heuvel ligt en rustig naar de horizon kijkt, in de richting van \u00c1lava en La Rioja.<\/p>\n<p>Om deze route te volgen kunnen we gebruik maken van vijf campings; <strong>Ariztigain, Aralar, Ezcaba, Lizarra en Iratxe.<\/strong> De afstand tussen de ingang van Navarra en Camping Ariztigain is 25,7 km, tussen Camping Ariztigain en Camping Aralar is het 61,9 km, tussen Camping Aralar en Camping Ezcaba is het 36 km, tussen Camping Ezcaba en Camping Lizarra is het 68,2 km, tussen Camping Lizarra en Camping Iratxe is het slechts 7 km en tussen deze laatste en de grens tussen Navarra en La Rioja is het 44,9 km.<\/p>\n<p>We raden het gebruik van gravel- of MTB-fietsen aan, maar geen racefietsen omdat er nogal wat onverharde stukken zijn.<br \/>\n(Tekst: Turismo Navarra)[\/vc_column_text][\/vc_column][vc_column column_padding=&#8221;no-extra-padding&#8221; column_padding_tablet=&#8221;inherit&#8221; column_padding_phone=&#8221;inherit&#8221; column_padding_position=&#8221;all&#8221; column_element_spacing=&#8221;default&#8221; background_color_opacity=&#8221;1&#8243; background_hover_color_opacity=&#8221;1&#8243; column_shadow=&#8221;none&#8221; column_border_radius=&#8221;none&#8221; column_link_target=&#8221;_self&#8221; gradient_direction=&#8221;left_to_right&#8221; overlay_strength=&#8221;0.3&#8243; width=&#8221;1\/2&#8243; tablet_width_inherit=&#8221;default&#8221; tablet_text_alignment=&#8221;default&#8221; phone_text_alignment=&#8221;default&#8221; bg_image_animation=&#8221;none&#8221; border_type=&#8221;simple&#8221; column_border_width=&#8221;none&#8221; column_border_style=&#8221;solid&#8221;][image_with_animation image_url=&#8221;60189&#8243; animation=&#8221;Fade In&#8221; hover_animation=&#8221;none&#8221; alignment=&#8221;&#8221; border_radius=&#8221;10px&#8221; box_shadow=&#8221;medium_depth&#8221; image_loading=&#8221;default&#8221; max_width=&#8221;100%&#8221; max_width_mobile=&#8221;default&#8221;][\/vc_column][\/vc_row][vc_row type=&#8221;in_container&#8221; full_screen_row_position=&#8221;middle&#8221; column_margin=&#8221;default&#8221; column_direction=&#8221;default&#8221; column_direction_tablet=&#8221;default&#8221; column_direction_phone=&#8221;default&#8221; scene_position=&#8221;center&#8221; text_color=&#8221;dark&#8221; text_align=&#8221;left&#8221; row_border_radius=&#8221;none&#8221; row_border_radius_applies=&#8221;bg&#8221; overlay_strength=&#8221;0.3&#8243; gradient_direction=&#8221;left_to_right&#8221; shape_divider_position=&#8221;bottom&#8221; bg_image_animation=&#8221;none&#8221;][vc_column column_padding=&#8221;no-extra-padding&#8221; column_padding_tablet=&#8221;inherit&#8221; column_padding_phone=&#8221;inherit&#8221; column_padding_position=&#8221;all&#8221; column_element_spacing=&#8221;default&#8221; background_color_opacity=&#8221;1&#8243; background_hover_color_opacity=&#8221;1&#8243; column_shadow=&#8221;none&#8221; column_border_radius=&#8221;none&#8221; column_link_target=&#8221;_self&#8221; gradient_direction=&#8221;left_to_right&#8221; overlay_strength=&#8221;0.3&#8243; width=&#8221;1\/1&#8243; tablet_width_inherit=&#8221;default&#8221; tablet_text_alignment=&#8221;default&#8221; phone_text_alignment=&#8221;default&#8221; bg_image_animation=&#8221;none&#8221; border_type=&#8221;simple&#8221; column_border_width=&#8221;none&#8221; column_border_style=&#8221;solid&#8221;][vc_column_text]De route loopt verder door de gemeente <strong>Iza<\/strong> en neemt bij <strong>A\u00f1ezcar<\/strong> een omweg die naar de <strong>camping Ezcaba<\/strong> leidt, waarbij de offici\u00eble route voor een paar kilometer wordt verlaten. Neem vanaf de camping de <strong>rivier de Arga<\/strong> naar <strong>Pamplona-Iru\u00f1a<\/strong>.<br \/>\nVanaf Pamplona-Iru\u00f1a gaat de route verder naar <strong>Estella-Lizarra<\/strong> langs de <strong>Camino de Santiago<\/strong>, die ook samenvalt met de EuroVelo 3. Een route vol straatdorpen, middeleeuwse bruggen, prachtige monumenten, landschappen die met de seizoenen van kleur veranderen, wijngaarden en gastronomie van hoge kwaliteit. <strong>Camping Lizarra<\/strong> ligt in de omgeving van Estella-lizarra.<br \/>\nNet buiten Estella-Lizarra ligt het <strong>klooster van Iratxe<\/strong> en daarnaast de <strong>camping Iratxe<\/strong>. Verderop laten we het rotsachtige kasteel van <strong>Villamayor de Monjard\u00edn<\/strong> achter ons en bereiken we <strong>Los Arcos<\/strong>, <strong>Torres del R\u00edo<\/strong> en ten slotte <strong>Viana<\/strong>, dat op een heuvel ligt en rustig naar de horizon kijkt, in de richting van \u00c1lava en La Rioja.<br \/>\nOm deze route te volgen kunnen we gebruik maken van vijf campings; <strong>Ariztigain<\/strong>, <strong>Aralar<\/strong>, <strong>Ezcaba<\/strong>, <strong>Lizarra<\/strong> en <strong>Iratxe<\/strong>. De afstand tussen de ingang van Navarra en Camping Ariztigain is 25,7 km, tussen Camping Ariztigain en Camping Aralar is het 61,9 km, tussen Camping Aralar en Camping Ezcaba is het 36 km, tussen Camping Ezcaba en Camping Lizarra is het 68,2 km, tussen Camping Lizarra en Camping Iratxe is het slechts 7 km en tussen deze laatste en de grens tussen Navarra en La Rioja is het 44,9 km.<br \/>\nWe raden het gebruik van <strong>gravel- of MTB-fietsen<\/strong> aan, maar geen racefietsen omdat er nogal wat onverharde stukken zijn.<br \/>\n(Tekst: Turismo Navarra)[\/vc_column_text][\/vc_column][\/vc_row][vc_row type=&#8221;in_container&#8221; full_screen_row_position=&#8221;middle&#8221; column_margin=&#8221;default&#8221; column_direction=&#8221;default&#8221; column_direction_tablet=&#8221;default&#8221; column_direction_phone=&#8221;default&#8221; scene_position=&#8221;center&#8221; text_color=&#8221;dark&#8221; text_align=&#8221;left&#8221; row_border_radius=&#8221;none&#8221; row_border_radius_applies=&#8221;bg&#8221; overlay_strength=&#8221;0.3&#8243; gradient_direction=&#8221;left_to_right&#8221; shape_divider_position=&#8221;bottom&#8221; bg_image_animation=&#8221;none&#8221;][vc_column column_padding=&#8221;no-extra-padding&#8221; column_padding_tablet=&#8221;inherit&#8221; column_padding_phone=&#8221;inherit&#8221; column_padding_position=&#8221;all&#8221; column_element_spacing=&#8221;default&#8221; background_color_opacity=&#8221;1&#8243; background_hover_color_opacity=&#8221;1&#8243; column_shadow=&#8221;none&#8221; column_border_radius=&#8221;none&#8221; column_link_target=&#8221;_self&#8221; gradient_direction=&#8221;left_to_right&#8221; overlay_strength=&#8221;0.3&#8243; width=&#8221;1\/1&#8243; tablet_width_inherit=&#8221;default&#8221; tablet_text_alignment=&#8221;default&#8221; phone_text_alignment=&#8221;default&#8221; bg_image_animation=&#8221;none&#8221; border_type=&#8221;simple&#8221; column_border_width=&#8221;none&#8221; column_border_style=&#8221;solid&#8221;][split_line_heading animation_type=&#8221;default&#8221;]\n<h3>TECHNISCHE GEGEVENS<\/h3>\n[\/split_line_heading][vc_column_text]<strong>Typologie<\/strong>: GRAVEL<br \/>\n<strong>Afstand<\/strong>: 242,7 km.<br \/>\n<strong>Cumulatief positief hoogteverschil (volgens IBP-index)<\/strong>: 3.584 m.<br \/>\n<strong>Moeilijkheidsgraad (IBP-index)<\/strong>: 276[\/vc_column_text][\/vc_column][\/vc_row][vc_row type=&#8221;in_container&#8221; full_screen_row_position=&#8221;middle&#8221; column_margin=&#8221;default&#8221; column_direction=&#8221;default&#8221; column_direction_tablet=&#8221;default&#8221; column_direction_phone=&#8221;default&#8221; scene_position=&#8221;center&#8221; text_color=&#8221;dark&#8221; text_align=&#8221;left&#8221; row_border_radius=&#8221;none&#8221; row_border_radius_applies=&#8221;bg&#8221; overlay_strength=&#8221;0.3&#8243; gradient_direction=&#8221;left_to_right&#8221; shape_divider_position=&#8221;bottom&#8221; bg_image_animation=&#8221;none&#8221;][vc_column column_padding=&#8221;no-extra-padding&#8221; column_padding_tablet=&#8221;inherit&#8221; column_padding_phone=&#8221;inherit&#8221; column_padding_position=&#8221;all&#8221; column_element_spacing=&#8221;default&#8221; background_color_opacity=&#8221;1&#8243; background_hover_color_opacity=&#8221;1&#8243; column_shadow=&#8221;none&#8221; column_border_radius=&#8221;none&#8221; column_link_target=&#8221;_self&#8221; gradient_direction=&#8221;left_to_right&#8221; overlay_strength=&#8221;0.3&#8243; width=&#8221;1\/1&#8243; tablet_width_inherit=&#8221;default&#8221; tablet_text_alignment=&#8221;default&#8221; phone_text_alignment=&#8221;default&#8221; bg_image_animation=&#8221;none&#8221; border_type=&#8221;simple&#8221; column_border_width=&#8221;none&#8221; column_border_style=&#8221;solid&#8221;][split_line_heading animation_type=&#8221;default&#8221;]\n<h3>MOEILIJKHEIDSGRAAD<\/h3>\n[\/split_line_heading][image_with_animation image_url=&#8221;59703&#8243; animation=&#8221;Fade In&#8221; hover_animation=&#8221;none&#8221; alignment=&#8221;&#8221; border_radius=&#8221;none&#8221; box_shadow=&#8221;none&#8221; image_loading=&#8221;default&#8221; max_width=&#8221;75%&#8221; max_width_mobile=&#8221;default&#8221;][vc_column_text]<strong>Fysieke moeilijkheid: DIFFICULT<\/strong><br \/>\nOm de <strong>fysieke moeilijkheidsgraad<\/strong> van de routes te bepalen hebben wij de <strong>IBP-index<\/strong> gebruikt.<br \/>\nDe IBP-index is een automatisch beoordelingssysteem dat de fysieke moeilijkheidsgraad van een met een mountainbike, racefiets of gravelbike gereden route scoort. Deze index is zeer nuttig om de moeilijkheidsgraad van verschillende routes te kennen door ze met elkaar te vergelijken.<br \/>\nHet is belangrijk om de fysieke moeilijkheidsgraad van een route niet te verwarren met de inspanning die het kost om de route te voltooien: een IBP-index van 60 is een zeer zware route voor een niet-ingewijde, normaal voor iemand met een gemiddelde voorbereiding en zeer gemakkelijk voor een professional.<br \/>\nIn ons geval hebben wij als referentie een <strong>normale fysieke voorbereiding<\/strong> genomen om de fysieke moeilijkheidsgraad van de routes te beoordelen.[\/vc_column_text][image_with_animation image_url=&#8221;45032&#8243; animation=&#8221;Fade In&#8221; hover_animation=&#8221;none&#8221; alignment=&#8221;&#8221; border_radius=&#8221;none&#8221; box_shadow=&#8221;none&#8221; image_loading=&#8221;default&#8221; max_width=&#8221;100%&#8221; max_width_mobile=&#8221;default&#8221;][vc_column_text]<strong>Technische moeilijkheidsgraad: EASY<\/strong><br \/>\nVoor dit onderdeel is er geen wiskundige formule om ons een cijfer te geven, dus de beoordeling is gebaseerd op ervaringskennis.<\/p>\n<p>Wij hebben de technische moeilijkheidsgraad gedefinieerd in <strong>3 niveaus<\/strong>:<br \/>\n&#8211; <strong>Groene kleur<\/strong>: eenvoudig. Er zijn geen noemenswaardige technische moeilijkheden op de route.<br \/>\n&#8211; <strong>Blauwe kleur<\/strong>: medium. Er kunnen gebieden zijn die technische problemen opleveren. In het geval van <em>grindroutes<\/em> gaat het om gebieden met steile hellingen naar boven of naar beneden op niet-gecompacteerd terrein, stukken pad of terrein in slechte staat. Bij MTB-routes kan het gaan om stukken bergop of bergaf met enkele ingewikkelde passages, vanwege de staat van het terrein of omdat het natuurlijke paden zijn met een zeer beschadigde ondergrond. In beide gevallen gaat het om een klein percentage van de totale lengte van de route.<br \/>\n&#8211; <strong>Rode kleur<\/strong>: moeilijk. Zowel bij gravel als bij MTB vinden we ingewikkelde gebieden zoals die welke in het blauw zijn gedefinieerd, maar met een grotere frequentie en intensiteit.<br \/>\nOp wegroutes zal de technische moeilijkheid altijd groen zijn, maar als de grond nat is of er ijsvlakten zijn, verandert de situatie volledig.[\/vc_column_text][\/vc_column][\/vc_row][vc_row type=&#8221;in_container&#8221; full_screen_row_position=&#8221;middle&#8221; column_margin=&#8221;default&#8221; column_direction=&#8221;default&#8221; column_direction_tablet=&#8221;default&#8221; column_direction_phone=&#8221;default&#8221; scene_position=&#8221;center&#8221; text_color=&#8221;dark&#8221; text_align=&#8221;left&#8221; row_border_radius=&#8221;none&#8221; row_border_radius_applies=&#8221;bg&#8221; overlay_strength=&#8221;0.3&#8243; gradient_direction=&#8221;left_to_right&#8221; shape_divider_position=&#8221;bottom&#8221; bg_image_animation=&#8221;none&#8221;][vc_column column_padding=&#8221;no-extra-padding&#8221; column_padding_tablet=&#8221;inherit&#8221; column_padding_phone=&#8221;inherit&#8221; column_padding_position=&#8221;all&#8221; column_element_spacing=&#8221;default&#8221; background_color_opacity=&#8221;1&#8243; background_hover_color_opacity=&#8221;1&#8243; column_shadow=&#8221;none&#8221; column_border_radius=&#8221;none&#8221; column_link_target=&#8221;_self&#8221; gradient_direction=&#8221;left_to_right&#8221; overlay_strength=&#8221;0.3&#8243; width=&#8221;1\/1&#8243; tablet_width_inherit=&#8221;default&#8221; tablet_text_alignment=&#8221;default&#8221; phone_text_alignment=&#8221;default&#8221; bg_image_animation=&#8221;none&#8221; border_type=&#8221;simple&#8221; column_border_width=&#8221;none&#8221; column_border_style=&#8221;solid&#8221;][split_line_heading animation_type=&#8221;default&#8221;]\n<h3>DOWNLOADS VAN DEZE ROUTE<\/h3>\n[\/split_line_heading][nectar_btn size=&#8221;large&#8221; button_style=&#8221;regular&#8221; button_color_2=&#8221;Accent-Color&#8221; icon_family=&#8221;none&#8221; text=&#8221;GPX downloaden&#8221; url=&#8221;\/wp-content\/uploads\/2023\/linear-gravel\/eurovelo-1\/Eurovelo 1. Atlantische Kustroute_IDENA.gpx&#8221;][nectar_btn size=&#8221;large&#8221; open_new_tab=&#8221;true&#8221; button_style=&#8221;regular&#8221; button_color_2=&#8221;Accent-Color&#8221; icon_family=&#8221;none&#8221; text=&#8221;Route in WIKILOC&#8221; url=&#8221;https:\/\/es.wikiloc.com\/rutas-gravel-bike\/eurovelo-1-ruta-de-la-costa-atlantica-136321463&#8243;][nectar_btn size=&#8221;large&#8221; open_new_tab=&#8221;true&#8221; button_style=&#8221;regular&#8221; button_color_2=&#8221;Accent-Color&#8221; icon_family=&#8221;none&#8221; text=&#8221;Route in KOMOOT&#8221; url=&#8221;https:\/\/www.komoot.com\/tour\/1147926575&#8243;][nectar_btn size=&#8221;large&#8221; open_new_tab=&#8221;true&#8221; button_style=&#8221;regular&#8221; button_color_2=&#8221;Accent-Color&#8221; icon_family=&#8221;none&#8221; text=&#8221;Route in STRAVA&#8221; url=&#8221;https:\/\/www.strava.com\/routes\/3221015913199618182&#8243;][nectar_btn size=&#8221;large&#8221; open_new_tab=&#8221;true&#8221; button_style=&#8221;regular&#8221; button_color_2=&#8221;Accent-Color&#8221; icon_family=&#8221;none&#8221; text=&#8221;Route in BUITENLAND ACTIEF&#8221; url=&#8221;https:\/\/out.ac\/ITcU4A&#8221;][\/vc_column][\/vc_row][vc_row type=&#8221;in_container&#8221; full_screen_row_position=&#8221;middle&#8221; column_margin=&#8221;default&#8221; column_direction=&#8221;default&#8221; column_direction_tablet=&#8221;default&#8221; column_direction_phone=&#8221;default&#8221; scene_position=&#8221;center&#8221; text_color=&#8221;dark&#8221; text_align=&#8221;left&#8221; row_border_radius=&#8221;none&#8221; row_border_radius_applies=&#8221;bg&#8221; overlay_strength=&#8221;0.3&#8243; gradient_direction=&#8221;left_to_right&#8221; shape_divider_position=&#8221;bottom&#8221; bg_image_animation=&#8221;none&#8221;][vc_column column_padding=&#8221;no-extra-padding&#8221; column_padding_tablet=&#8221;inherit&#8221; column_padding_phone=&#8221;inherit&#8221; column_padding_position=&#8221;all&#8221; column_element_spacing=&#8221;default&#8221; background_color_opacity=&#8221;1&#8243; background_hover_color_opacity=&#8221;1&#8243; column_shadow=&#8221;none&#8221; column_border_radius=&#8221;none&#8221; column_link_target=&#8221;_self&#8221; gradient_direction=&#8221;left_to_right&#8221; overlay_strength=&#8221;0.3&#8243; width=&#8221;1\/1&#8243; tablet_width_inherit=&#8221;default&#8221; tablet_text_alignment=&#8221;default&#8221; phone_text_alignment=&#8221;default&#8221; bg_image_animation=&#8221;none&#8221; border_type=&#8221;simple&#8221; column_border_width=&#8221;none&#8221; column_border_style=&#8221;solid&#8221;][split_line_heading animation_type=&#8221;default&#8221;]\n<h3>MAP<\/h3>\n[\/split_line_heading][vc_raw_html]PGlmcmFtZSBzcmM9Imh0dHBzOi8vd3d3Lmdvb2dsZS5jb20vbWFwcy9kL2VtYmVkP21pZD0xaHZnQnExUk5EazI3ZDN6QVpaMzdmVkdsWEUzbDZWRSZhbXA7ZWhiYz0yRTMxMkYiIHdpZHRoPSIxMDAlIiBoZWlnaHQ9IjQ4MCI+PC9pZnJhbWU+Cgo=[\/vc_raw_html][\/vc_column][\/vc_row][vc_row type=&#8221;in_container&#8221; full_screen_row_position=&#8221;middle&#8221; column_margin=&#8221;default&#8221; column_direction=&#8221;default&#8221; column_direction_tablet=&#8221;default&#8221; column_direction_phone=&#8221;default&#8221; scene_position=&#8221;center&#8221; text_color=&#8221;dark&#8221; text_align=&#8221;left&#8221; row_border_radius=&#8221;none&#8221; row_border_radius_applies=&#8221;bg&#8221; overlay_strength=&#8221;0.3&#8243; gradient_direction=&#8221;left_to_right&#8221; shape_divider_position=&#8221;bottom&#8221; bg_image_animation=&#8221;none&#8221;][vc_column column_padding=&#8221;no-extra-padding&#8221; column_padding_tablet=&#8221;inherit&#8221; column_padding_phone=&#8221;inherit&#8221; column_padding_position=&#8221;all&#8221; column_element_spacing=&#8221;default&#8221; background_color_opacity=&#8221;1&#8243; background_hover_color_opacity=&#8221;1&#8243; column_shadow=&#8221;none&#8221; column_border_radius=&#8221;none&#8221; column_link_target=&#8221;_self&#8221; gradient_direction=&#8221;left_to_right&#8221; overlay_strength=&#8221;0.3&#8243; width=&#8221;1\/1&#8243; tablet_width_inherit=&#8221;default&#8221; tablet_text_alignment=&#8221;default&#8221; phone_text_alignment=&#8221;default&#8221; bg_image_animation=&#8221;none&#8221; border_type=&#8221;simple&#8221; column_border_width=&#8221;none&#8221; column_border_style=&#8221;solid&#8221;][split_line_heading animation_type=&#8221;default&#8221;]\n<h3>AANBEVELINGEN<\/h3>\n[\/split_line_heading][vc_column_text]\n<ul>\n<li>De <strong>Vereniging van Campings van Navarra<\/strong> <strong>staat niet garant voor het onderhoud van<\/strong> de routes, dus het is mogelijk dat er obstakels op de routes staan. Mocht dit toch gebeuren, dan zouden wij het op prijs stellen als bezoekers ons dit laten weten, zodat wij hiermee rekening kunnen houden voor de toekomstige doorgang van andere mensen.<\/li>\n<li>Het is sterk aanbevolen om de <strong>tracks in uw GPS<\/strong> mee te nemen. In sommige afgelegen gebieden raak je gemakkelijk gedesori\u00ebnteerd.<\/li>\n<li>Het is essentieel om voldoende <strong>water <\/strong>mee te nemen voor alle routes, vooral in de zomer.<\/li>\n<li>Het gebruik van <strong>een helm<\/strong> is verplicht.<\/li>\n<li> <strong>Rijd voorzichtig<\/strong> om erosie te voorkomen.<\/li>\n<li>Als u zonder begeleiding op pad gaat, <strong>laat dan weten<\/strong> welke route u gaat nemen.<\/li>\n<li>De <strong>paden<\/strong> worden gedeeld met wandelaars en ruiters. Geef altijd voorrang, deze mensen hebben voorrang.<\/li>\n<li>Als u een <strong>veesluiting<\/strong> vindt, laat die dan zoals u hem aantrof na uw passage.<\/li>\n<li>Vergemakkelijkt de <strong>doorgang van vee<\/strong> op alle wegen.<\/li>\n<li>Vermijd het verlaten van het<strong> aangegeven pad<\/strong> en het betreden van priv\u00e9-eigendommen.<\/li>\n<li>Respecteer het <strong>milieu<\/strong> en <strong>laat geen afval achter<\/strong>.<\/li>\n<li>Vermijd geschreeuw en verstoring van <strong>wilde dieren<\/strong>.<\/li>\n<li>Als u een <strong>jachtbord<\/strong> ziet, keer dan om en kies een andere weg.<\/li>\n<li>Respecteer <strong>de verkeersregels<\/strong>.<\/li>\n<li>Heb <strong>respect<\/strong> voor mensen op kruispunten in het dorp.<\/li>\n<\/ul>\n<p><strong>En geniet van de routes van onze campings in Navarra!<\/strong>[\/vc_column_text][\/vc_column][\/vc_row]\n","protected":false},"excerpt":{"rendered":"<p>[vc_row type=&#8221;in_container&#8221; full_screen_row_position=&#8221;middle&#8221; column_margin=&#8221;default&#8221; column_direction=&#8221;default&#8221; column_direction_tablet=&#8221;default&#8221; column_direction_phone=&#8221;default&#8221; scene_position=&#8221;center&#8221; top_padding=&#8221;12%&#8221; text_color=&#8221;dark&#8221; text_align=&#8221;left&#8221; row_border_radius=&#8221;none&#8221; row_border_radius_applies=&#8221;bg&#8221; overlay_strength=&#8221;0.3&#8243; gradient_direction=&#8221;left_to_right&#8221; shape_divider_position=&#8221;bottom&#8221; bg_image_animation=&#8221;none&#8221; shape_type=&#8221;&#8221;][vc_column column_padding=&#8221;no-extra-padding&#8221; column_padding_tablet=&#8221;inherit&#8221; column_padding_phone=&#8221;inherit&#8221; column_padding_position=&#8221;all&#8221; column_element_spacing=&#8221;default&#8221; background_color_opacity=&#8221;1&#8243; background_hover_color_opacity=&#8221;1&#8243; column_shadow=&#8221;none&#8221; column_border_radius=&#8221;none&#8221; column_link_target=&#8221;_self&#8221; gradient_direction=&#8221;left_to_right&#8221; overlay_strength=&#8221;0.3&#8243;&#8230;<\/p>\n","protected":false},"author":1,"featured_media":0,"parent":0,"menu_order":0,"comment_status":"closed","ping_status":"closed","template":"","meta":{"footnotes":""},"class_list":["post-60186","page","type-page","status-publish"],"_links":{"self":[{"href":"https:\/\/www.campingsnavarra.com\/nl\/wp-json\/wp\/v2\/pages\/60186","targetHints":{"allow":["GET"]}}],"collection":[{"href":"https:\/\/www.campingsnavarra.com\/nl\/wp-json\/wp\/v2\/pages"}],"about":[{"href":"https:\/\/www.campingsnavarra.com\/nl\/wp-json\/wp\/v2\/types\/page"}],"author":[{"embeddable":true,"href":"https:\/\/www.campingsnavarra.com\/nl\/wp-json\/wp\/v2\/users\/1"}],"replies":[{"embeddable":true,"href":"https:\/\/www.campingsnavarra.com\/nl\/wp-json\/wp\/v2\/comments?post=60186"}],"version-history":[{"count":11,"href":"https:\/\/www.campingsnavarra.com\/nl\/wp-json\/wp\/v2\/pages\/60186\/revisions"}],"predecessor-version":[{"id":68801,"href":"https:\/\/www.campingsnavarra.com\/nl\/wp-json\/wp\/v2\/pages\/60186\/revisions\/68801"}],"wp:attachment":[{"href":"https:\/\/www.campingsnavarra.com\/nl\/wp-json\/wp\/v2\/media?parent=60186"}],"curies":[{"name":"wp","href":"https:\/\/api.w.org\/{rel}","templated":true}]}}