




























































































































































































{"id":57809,"date":"2022-08-01T09:41:37","date_gmt":"2022-08-01T07:41:37","guid":{"rendered":"https:\/\/www.campingsnavarra.com\/tour-7-iratxe-lokiz-bergketen\/"},"modified":"2024-06-19T09:12:31","modified_gmt":"2024-06-19T07:12:31","slug":"tour-7-iratxe-lokiz-bergketen","status":"publish","type":"page","link":"https:\/\/www.campingsnavarra.com\/nl\/tour-7-iratxe-lokiz-bergketen\/","title":{"rendered":"Tour 7 &#8211; Iratxe-Lokiz bergketen"},"content":{"rendered":"[vc_row type=&#8221;in_container&#8221; full_screen_row_position=&#8221;middle&#8221; column_margin=&#8221;default&#8221; column_direction=&#8221;default&#8221; column_direction_tablet=&#8221;default&#8221; column_direction_phone=&#8221;default&#8221; scene_position=&#8221;center&#8221; top_padding=&#8221;12%&#8221; text_color=&#8221;dark&#8221; text_align=&#8221;left&#8221; row_border_radius=&#8221;none&#8221; row_border_radius_applies=&#8221;bg&#8221; overlay_strength=&#8221;0.3&#8243; gradient_direction=&#8221;left_to_right&#8221; shape_divider_position=&#8221;bottom&#8221; bg_image_animation=&#8221;none&#8221; shape_type=&#8221;&#8221;][vc_column column_padding=&#8221;no-extra-padding&#8221; column_padding_tablet=&#8221;inherit&#8221; column_padding_phone=&#8221;inherit&#8221; column_padding_position=&#8221;all&#8221; column_element_spacing=&#8221;default&#8221; background_color_opacity=&#8221;1&#8243; background_hover_color_opacity=&#8221;1&#8243; column_shadow=&#8221;none&#8221; column_border_radius=&#8221;none&#8221; column_link_target=&#8221;_self&#8221; gradient_direction=&#8221;left_to_right&#8221; overlay_strength=&#8221;0.3&#8243; width=&#8221;1\/2&#8243; tablet_width_inherit=&#8221;default&#8221; tablet_text_alignment=&#8221;default&#8221; phone_text_alignment=&#8221;default&#8221; bg_image_animation=&#8221;none&#8221; border_type=&#8221;simple&#8221; column_border_width=&#8221;none&#8221; column_border_style=&#8221;solid&#8221;][split_line_heading animation_type=&#8221;default&#8221;]<strong><span style=\"color: #62a74e; font-size: 35px;\">Route 7: CAMPING IRATXE<\/span><\/strong><br \/>\n<strong><span style=\"color: #62a74e; font-size: 25px;\">LOKIZ BERGKETEN<\/span><\/strong><br \/>\n<strong><span style=\"color: #62a74e; font-size: 20px;\">Type: MTB<\/span><\/strong>[\/split_line_heading][vc_column_text]Op deze route naderen we de Sierra de Lokiz. Om niet te veel kilometers te maken, kozen we ervoor om naar Anc\u00edn te gaan via de kortste route, maar niet de lelijkste, en de terugweg vanuit Ig\u00fazquiza volgden we dezelfde route als de heenreis. Tot Anc\u00edn rijden we door gunstig terrein, waar veel paden en wegen zijn, maar ook enkele kleine paadjes. De klim naar Lokiz verloopt via een spectaculair pad op de bodem van het Barranco de Lazagorria ravijn, omgeven door weelderige vegetatie.<\/p>\n<p>We passeren vlak bij de Ermita de San Ant\u00f3n en blijven stijgen, ditmaal langs het typische steenachtige pad van dit gebergte, tot we de raso bereiken en de afdaling naar de Ermita de Santiago beginnen. Dit punt vormt het begin van de echte afdaling, eerst over een zeer aangenaam pad en vervolgens over een breed pad.<\/p>\n<p>Mis het uitzicht na het pad niet, het is een stop waard. De terugkeer van Ollogoyen wisselt alle soorten terrein af, met een overwicht aan paden.[\/vc_column_text][\/vc_column][vc_column column_padding=&#8221;no-extra-padding&#8221; column_padding_tablet=&#8221;inherit&#8221; column_padding_phone=&#8221;inherit&#8221; column_padding_position=&#8221;all&#8221; column_element_spacing=&#8221;default&#8221; background_color_opacity=&#8221;1&#8243; background_hover_color_opacity=&#8221;1&#8243; column_shadow=&#8221;none&#8221; column_border_radius=&#8221;none&#8221; column_link_target=&#8221;_self&#8221; gradient_direction=&#8221;left_to_right&#8221; overlay_strength=&#8221;0.3&#8243; width=&#8221;1\/2&#8243; tablet_width_inherit=&#8221;default&#8221; tablet_text_alignment=&#8221;default&#8221; phone_text_alignment=&#8221;default&#8221; bg_image_animation=&#8221;none&#8221; border_type=&#8221;simple&#8221; column_border_width=&#8221;none&#8221; column_border_style=&#8221;solid&#8221;][image_with_animation image_url=&#8221;46327&#8243; animation=&#8221;Fade In&#8221; hover_animation=&#8221;none&#8221; alignment=&#8221;&#8221; border_radius=&#8221;10px&#8221; box_shadow=&#8221;medium_depth&#8221; image_loading=&#8221;default&#8221; max_width=&#8221;100%&#8221; max_width_mobile=&#8221;default&#8221;][\/vc_column][\/vc_row][vc_row type=&#8221;in_container&#8221; full_screen_row_position=&#8221;middle&#8221; column_margin=&#8221;default&#8221; column_direction=&#8221;default&#8221; column_direction_tablet=&#8221;default&#8221; column_direction_phone=&#8221;default&#8221; scene_position=&#8221;center&#8221; text_color=&#8221;dark&#8221; text_align=&#8221;left&#8221; row_border_radius=&#8221;none&#8221; row_border_radius_applies=&#8221;bg&#8221; overlay_strength=&#8221;0.3&#8243; gradient_direction=&#8221;left_to_right&#8221; shape_divider_position=&#8221;bottom&#8221; bg_image_animation=&#8221;none&#8221;][vc_column column_padding=&#8221;no-extra-padding&#8221; column_padding_tablet=&#8221;inherit&#8221; column_padding_phone=&#8221;inherit&#8221; column_padding_position=&#8221;all&#8221; column_element_spacing=&#8221;default&#8221; background_color_opacity=&#8221;1&#8243; background_hover_color_opacity=&#8221;1&#8243; column_shadow=&#8221;none&#8221; column_border_radius=&#8221;none&#8221; column_link_target=&#8221;_self&#8221; gradient_direction=&#8221;left_to_right&#8221; overlay_strength=&#8221;0.3&#8243; width=&#8221;1\/1&#8243; tablet_width_inherit=&#8221;default&#8221; tablet_text_alignment=&#8221;default&#8221; phone_text_alignment=&#8221;default&#8221; bg_image_animation=&#8221;none&#8221; border_type=&#8221;simple&#8221; column_border_width=&#8221;none&#8221; column_border_style=&#8221;solid&#8221;][split_line_heading animation_type=&#8221;default&#8221;]\n<h3>TECHNISCHE GEGEVENS<\/h3>\n[\/split_line_heading][vc_column_text]<strong>Type<\/strong>: MTB<br \/>\n<strong>Afstand<\/strong>: 49,4 km.<br \/>\n<strong>Cumulatief positief hoogteverschil (volgens de IBP-index)<\/strong>: 1017 m.<br \/>\n<strong>Moeilijkheid (PPI-index)<\/strong>: 72[\/vc_column_text][\/vc_column][\/vc_row][vc_row type=&#8221;in_container&#8221; full_screen_row_position=&#8221;middle&#8221; column_margin=&#8221;default&#8221; column_direction=&#8221;default&#8221; column_direction_tablet=&#8221;default&#8221; column_direction_phone=&#8221;default&#8221; scene_position=&#8221;center&#8221; text_color=&#8221;dark&#8221; text_align=&#8221;left&#8221; row_border_radius=&#8221;none&#8221; row_border_radius_applies=&#8221;bg&#8221; overlay_strength=&#8221;0.3&#8243; gradient_direction=&#8221;left_to_right&#8221; shape_divider_position=&#8221;bottom&#8221; bg_image_animation=&#8221;none&#8221;][vc_column column_padding=&#8221;no-extra-padding&#8221; column_padding_tablet=&#8221;inherit&#8221; column_padding_phone=&#8221;inherit&#8221; column_padding_position=&#8221;all&#8221; column_element_spacing=&#8221;default&#8221; background_color_opacity=&#8221;1&#8243; background_hover_color_opacity=&#8221;1&#8243; column_shadow=&#8221;none&#8221; column_border_radius=&#8221;none&#8221; column_link_target=&#8221;_self&#8221; gradient_direction=&#8221;left_to_right&#8221; overlay_strength=&#8221;0.3&#8243; width=&#8221;1\/1&#8243; tablet_width_inherit=&#8221;default&#8221; tablet_text_alignment=&#8221;default&#8221; phone_text_alignment=&#8221;default&#8221; bg_image_animation=&#8221;none&#8221; border_type=&#8221;simple&#8221; column_border_width=&#8221;none&#8221; column_border_style=&#8221;solid&#8221;][split_line_heading animation_type=&#8221;default&#8221;]\n<h3>MOEILIJKHEIDSGRAAD<\/h3>\n[\/split_line_heading][image_with_animation image_url=&#8221;45630&#8243; animation=&#8221;Fade In&#8221; hover_animation=&#8221;none&#8221; alignment=&#8221;&#8221; border_radius=&#8221;none&#8221; box_shadow=&#8221;none&#8221; image_loading=&#8221;default&#8221; max_width=&#8221;75%&#8221; max_width_mobile=&#8221;default&#8221;][vc_column_text]<strong>Fysieke moeilijkheid: MEDIUM<\/strong><br \/>\nOm de <strong>fysieke moeilijkheidsgraad<\/strong> van de routes te bepalen hebben wij de <strong>IBP-index<\/strong> gebruikt.<br \/>\nDe IBP-index is een automatisch beoordelingssysteem dat de fysieke moeilijkheidsgraad van een met een mountainbike, racefiets of gravelbike gereden route scoort. Deze index is zeer nuttig om de moeilijkheidsgraad van verschillende routes te kennen door ze met elkaar te vergelijken.<br \/>\nHet is belangrijk om de fysieke moeilijkheidsgraad van een route niet te verwarren met de inspanning die het kost om de route te voltooien: een IBP-index van 60 is een zeer zware route voor een niet-ingewijde, normaal voor iemand met een gemiddelde voorbereiding en zeer gemakkelijk voor een professional.<br \/>\nIn ons geval hebben wij als referentie een <strong>normale fysieke voorbereiding<\/strong> genomen om de fysieke moeilijkheidsgraad van de routes te beoordelen.[\/vc_column_text][image_with_animation image_url=&#8221;45032&#8243; animation=&#8221;Fade In&#8221; hover_animation=&#8221;none&#8221; alignment=&#8221;&#8221; border_radius=&#8221;none&#8221; box_shadow=&#8221;none&#8221; image_loading=&#8221;default&#8221; max_width=&#8221;100%&#8221; max_width_mobile=&#8221;default&#8221;][vc_column_text]<strong>Technische moeilijkheidsgraad: EASY<\/strong><br \/>\nVoor dit onderdeel is er geen wiskundige formule om ons een cijfer te geven, dus de beoordeling is gebaseerd op ervaringskennis.<\/p>\n<p>Wij hebben de technische moeilijkheidsgraad gedefinieerd in <strong>3 niveaus<\/strong>:<br \/>\n&#8211; <strong>Groene kleur<\/strong>: eenvoudig. Er zijn geen noemenswaardige technische moeilijkheden op de route.<br \/>\n&#8211; <strong>Blauwe kleur<\/strong>: medium. Er kunnen gebieden zijn die technische problemen opleveren. In het geval van <em>grindroutes<\/em> gaat het om gebieden met steile hellingen naar boven of naar beneden op niet-gecompacteerd terrein, stukken pad of terrein in slechte staat. Bij MTB-routes kan het gaan om stukken bergop of bergaf met enkele ingewikkelde passages, vanwege de staat van het terrein of omdat het natuurlijke paden zijn met een zeer beschadigde ondergrond. In beide gevallen gaat het om een klein percentage van de totale lengte van de route.<br \/>\n&#8211; <strong>Rode kleur<\/strong>: moeilijk. Zowel bij gravel als bij MTB vinden we ingewikkelde gebieden zoals die welke in het blauw zijn gedefinieerd, maar met een grotere frequentie en intensiteit.<br \/>\nOp wegroutes zal de technische moeilijkheid altijd groen zijn, maar als de grond nat is of er ijsvlakten zijn, verandert de situatie volledig.[\/vc_column_text][\/vc_column][\/vc_row][vc_row type=&#8221;in_container&#8221; full_screen_row_position=&#8221;middle&#8221; column_margin=&#8221;default&#8221; column_direction=&#8221;default&#8221; column_direction_tablet=&#8221;default&#8221; column_direction_phone=&#8221;default&#8221; scene_position=&#8221;center&#8221; text_color=&#8221;dark&#8221; text_align=&#8221;left&#8221; row_border_radius=&#8221;none&#8221; row_border_radius_applies=&#8221;bg&#8221; overlay_strength=&#8221;0.3&#8243; gradient_direction=&#8221;left_to_right&#8221; shape_divider_position=&#8221;bottom&#8221; bg_image_animation=&#8221;none&#8221;][vc_column column_padding=&#8221;no-extra-padding&#8221; column_padding_tablet=&#8221;inherit&#8221; column_padding_phone=&#8221;inherit&#8221; column_padding_position=&#8221;all&#8221; column_element_spacing=&#8221;default&#8221; background_color_opacity=&#8221;1&#8243; background_hover_color_opacity=&#8221;1&#8243; column_shadow=&#8221;none&#8221; column_border_radius=&#8221;none&#8221; column_link_target=&#8221;_self&#8221; gradient_direction=&#8221;left_to_right&#8221; overlay_strength=&#8221;0.3&#8243; width=&#8221;1\/1&#8243; tablet_width_inherit=&#8221;default&#8221; tablet_text_alignment=&#8221;default&#8221; phone_text_alignment=&#8221;default&#8221; bg_image_animation=&#8221;none&#8221; border_type=&#8221;simple&#8221; column_border_width=&#8221;none&#8221; column_border_style=&#8221;solid&#8221;][split_line_heading animation_type=&#8221;default&#8221;]\n<h3>DOWNLOADS VAN DEZE ROUTE<\/h3>\n[\/split_line_heading][nectar_btn size=&#8221;large&#8221; button_style=&#8221;regular&#8221; button_color_2=&#8221;Accent-Color&#8221; icon_family=&#8221;none&#8221; text=&#8221;GPX downloaden&#8221; url=&#8221;\/wp-content\/uploads\/2022\/gpx\/Camping_Acedo_Carretera_Ruta_1_Vuelta_a_la_Berrueza_IDENA.gpx&#8221;][nectar_btn size=&#8221;large&#8221; open_new_tab=&#8221;true&#8221; button_style=&#8221;regular&#8221; button_color_2=&#8221;Accent-Color&#8221; icon_family=&#8221;none&#8221; text=&#8221;Route in WIKILOC&#8221; url=&#8221;https:\/\/es.wikiloc.com\/rutas-mountain-bike\/camping-iratxe-mtb-ruta-3-sierra-de-lokiz-106179218&#8243;][nectar_btn size=&#8221;large&#8221; open_new_tab=&#8221;true&#8221; button_style=&#8221;regular&#8221; button_color_2=&#8221;Accent-Color&#8221; icon_family=&#8221;none&#8221; text=&#8221;Route in KOMOOT&#8221; url=&#8221;https:\/\/www.komoot.es\/tour\/840815503&#8243;][nectar_btn size=&#8221;large&#8221; open_new_tab=&#8221;true&#8221; button_style=&#8221;regular&#8221; button_color_2=&#8221;Accent-Color&#8221; icon_family=&#8221;none&#8221; text=&#8221;Route in STRAVA&#8221; url=&#8221;https:\/\/www.strava.com\/routes\/3220387533263141198&#8243;][nectar_btn size=&#8221;large&#8221; open_new_tab=&#8221;true&#8221; button_style=&#8221;regular&#8221; button_color_2=&#8221;Accent-Color&#8221; icon_family=&#8221;none&#8221; text=&#8221;Route in BUITENLAND ACTIEF&#8221; url=&#8221;https:\/\/out.ac\/ITbnwX&#8221;][\/vc_column][\/vc_row][vc_row type=&#8221;in_container&#8221; full_screen_row_position=&#8221;middle&#8221; column_margin=&#8221;default&#8221; column_direction=&#8221;default&#8221; column_direction_tablet=&#8221;default&#8221; column_direction_phone=&#8221;default&#8221; scene_position=&#8221;center&#8221; text_color=&#8221;dark&#8221; text_align=&#8221;left&#8221; row_border_radius=&#8221;none&#8221; row_border_radius_applies=&#8221;bg&#8221; overlay_strength=&#8221;0.3&#8243; gradient_direction=&#8221;left_to_right&#8221; shape_divider_position=&#8221;bottom&#8221; bg_image_animation=&#8221;none&#8221;][vc_column column_padding=&#8221;no-extra-padding&#8221; column_padding_tablet=&#8221;inherit&#8221; column_padding_phone=&#8221;inherit&#8221; column_padding_position=&#8221;all&#8221; column_element_spacing=&#8221;default&#8221; background_color_opacity=&#8221;1&#8243; background_hover_color_opacity=&#8221;1&#8243; column_shadow=&#8221;none&#8221; column_border_radius=&#8221;none&#8221; column_link_target=&#8221;_self&#8221; gradient_direction=&#8221;left_to_right&#8221; overlay_strength=&#8221;0.3&#8243; width=&#8221;1\/1&#8243; tablet_width_inherit=&#8221;default&#8221; tablet_text_alignment=&#8221;default&#8221; phone_text_alignment=&#8221;default&#8221; bg_image_animation=&#8221;none&#8221; border_type=&#8221;simple&#8221; column_border_width=&#8221;none&#8221; column_border_style=&#8221;solid&#8221;][split_line_heading animation_type=&#8221;default&#8221;]\n<h3>MAP<\/h3>\n[\/split_line_heading][vc_raw_html]PGlmcmFtZSBzcmM9Imh0dHBzOi8vd3d3Lmdvb2dsZS5jb20vbWFwcy9kL2VtYmVkP21pZD0xQzV2TGhUWGxLSjQ1OVVJMUpubm15YVdXYjFiWnlhNCZhbXA7ZWhiYz0yRTMxMkYiIHdpZHRoPSIxMDAlIiBoZWlnaHQ9IjQ4MCI+PC9pZnJhbWU+[\/vc_raw_html][\/vc_column][\/vc_row][vc_row type=&#8221;in_container&#8221; full_screen_row_position=&#8221;middle&#8221; column_margin=&#8221;default&#8221; column_direction=&#8221;default&#8221; column_direction_tablet=&#8221;default&#8221; column_direction_phone=&#8221;default&#8221; scene_position=&#8221;center&#8221; text_color=&#8221;dark&#8221; text_align=&#8221;left&#8221; row_border_radius=&#8221;none&#8221; row_border_radius_applies=&#8221;bg&#8221; overlay_strength=&#8221;0.3&#8243; gradient_direction=&#8221;left_to_right&#8221; shape_divider_position=&#8221;bottom&#8221; bg_image_animation=&#8221;none&#8221;][vc_column column_padding=&#8221;no-extra-padding&#8221; column_padding_tablet=&#8221;inherit&#8221; column_padding_phone=&#8221;inherit&#8221; column_padding_position=&#8221;all&#8221; column_element_spacing=&#8221;default&#8221; background_color_opacity=&#8221;1&#8243; background_hover_color_opacity=&#8221;1&#8243; column_shadow=&#8221;none&#8221; column_border_radius=&#8221;none&#8221; column_link_target=&#8221;_self&#8221; gradient_direction=&#8221;left_to_right&#8221; overlay_strength=&#8221;0.3&#8243; width=&#8221;1\/1&#8243; tablet_width_inherit=&#8221;default&#8221; tablet_text_alignment=&#8221;default&#8221; phone_text_alignment=&#8221;default&#8221; bg_image_animation=&#8221;none&#8221; border_type=&#8221;simple&#8221; column_border_width=&#8221;none&#8221; column_border_style=&#8221;solid&#8221;][split_line_heading animation_type=&#8221;default&#8221;]\n<h3>AANBEVELINGEN<\/h3>\n[\/split_line_heading][vc_column_text]\n<ul>\n<li>De <strong>Vereniging van Campings van Navarra<\/strong> <strong>staat niet garant voor het onderhoud van<\/strong> de routes, dus het is mogelijk dat er obstakels op de routes staan. Mocht dit toch gebeuren, dan zouden wij het op prijs stellen als bezoekers ons dit laten weten, zodat wij hiermee rekening kunnen houden voor de toekomstige doorgang van andere mensen.<\/li>\n<li>Het is sterk aanbevolen om de <strong>tracks in uw GPS<\/strong> mee te nemen. In sommige afgelegen gebieden raak je gemakkelijk gedesori\u00ebnteerd.<\/li>\n<li>Het is essentieel om voldoende <strong>water <\/strong>mee te nemen voor alle routes, vooral in de zomer.<\/li>\n<li>Het gebruik van <strong>een helm<\/strong> is verplicht.<\/li>\n<li> <strong>Rijd voorzichtig<\/strong> om erosie te voorkomen.<\/li>\n<li>Als u zonder begeleiding op pad gaat, <strong>laat dan weten<\/strong> welke route u gaat nemen.<\/li>\n<li>De <strong>paden<\/strong> worden gedeeld met wandelaars en ruiters. Geef altijd voorrang, deze mensen hebben voorrang.<\/li>\n<li>Als u een <strong>veesluiting<\/strong> vindt, laat die dan zoals u hem aantrof na uw passage.<\/li>\n<li>Vergemakkelijkt de <strong>doorgang van vee<\/strong> op alle wegen.<\/li>\n<li>Vermijd het verlaten van het<strong> aangegeven pad<\/strong> en het betreden van priv\u00e9-eigendommen.<\/li>\n<li>Respecteer het <strong>milieu<\/strong> en <strong>laat geen afval achter<\/strong>.<\/li>\n<li>Vermijd geschreeuw en verstoring van <strong>wilde dieren<\/strong>.<\/li>\n<li>Als u een <strong>jachtbord<\/strong> ziet, keer dan om en kies een andere weg.<\/li>\n<li>Respecteer <strong>de verkeersregels<\/strong>.<\/li>\n<li>Heb <strong>respect<\/strong> voor mensen op kruispunten in het dorp.<\/li>\n<\/ul>\n<p><strong>En geniet van de routes van onze campings in Navarra!<\/strong>[\/vc_column_text][\/vc_column][\/vc_row]\n","protected":false},"excerpt":{"rendered":"<p>[vc_row type=&#8221;in_container&#8221; full_screen_row_position=&#8221;middle&#8221; column_margin=&#8221;default&#8221; column_direction=&#8221;default&#8221; column_direction_tablet=&#8221;default&#8221; column_direction_phone=&#8221;default&#8221; scene_position=&#8221;center&#8221; top_padding=&#8221;12%&#8221; text_color=&#8221;dark&#8221; text_align=&#8221;left&#8221; row_border_radius=&#8221;none&#8221; row_border_radius_applies=&#8221;bg&#8221; overlay_strength=&#8221;0.3&#8243; gradient_direction=&#8221;left_to_right&#8221; shape_divider_position=&#8221;bottom&#8221; bg_image_animation=&#8221;none&#8221; shape_type=&#8221;&#8221;][vc_column column_padding=&#8221;no-extra-padding&#8221; column_padding_tablet=&#8221;inherit&#8221; column_padding_phone=&#8221;inherit&#8221; column_padding_position=&#8221;all&#8221; column_element_spacing=&#8221;default&#8221; background_color_opacity=&#8221;1&#8243; background_hover_color_opacity=&#8221;1&#8243; column_shadow=&#8221;none&#8221; column_border_radius=&#8221;none&#8221; column_link_target=&#8221;_self&#8221; gradient_direction=&#8221;left_to_right&#8221; overlay_strength=&#8221;0.3&#8243;&#8230;<\/p>\n","protected":false},"author":1,"featured_media":0,"parent":0,"menu_order":0,"comment_status":"closed","ping_status":"closed","template":"","meta":{"footnotes":""},"class_list":["post-57809","page","type-page","status-publish"],"_links":{"self":[{"href":"https:\/\/www.campingsnavarra.com\/nl\/wp-json\/wp\/v2\/pages\/57809","targetHints":{"allow":["GET"]}}],"collection":[{"href":"https:\/\/www.campingsnavarra.com\/nl\/wp-json\/wp\/v2\/pages"}],"about":[{"href":"https:\/\/www.campingsnavarra.com\/nl\/wp-json\/wp\/v2\/types\/page"}],"author":[{"embeddable":true,"href":"https:\/\/www.campingsnavarra.com\/nl\/wp-json\/wp\/v2\/users\/1"}],"replies":[{"embeddable":true,"href":"https:\/\/www.campingsnavarra.com\/nl\/wp-json\/wp\/v2\/comments?post=57809"}],"version-history":[{"count":16,"href":"https:\/\/www.campingsnavarra.com\/nl\/wp-json\/wp\/v2\/pages\/57809\/revisions"}],"predecessor-version":[{"id":66227,"href":"https:\/\/www.campingsnavarra.com\/nl\/wp-json\/wp\/v2\/pages\/57809\/revisions\/66227"}],"wp:attachment":[{"href":"https:\/\/www.campingsnavarra.com\/nl\/wp-json\/wp\/v2\/media?parent=57809"}],"curies":[{"name":"wp","href":"https:\/\/api.w.org\/{rel}","templated":true}]}}