




























































































































































































{"id":60203,"date":"2023-06-27T07:22:32","date_gmt":"2023-06-27T05:22:32","guid":{"rendered":"https:\/\/www.campingsnavarra.com\/?page_id=60203"},"modified":"2024-06-20T15:41:13","modified_gmt":"2024-06-20T13:41:13","slug":"percorso-dei-pellegrini-ghiaia","status":"publish","type":"page","link":"https:\/\/www.campingsnavarra.com\/it\/percorso-dei-pellegrini-ghiaia\/","title":{"rendered":"Percorso dei pellegrini (ghiaia)"},"content":{"rendered":"[vc_row type=&#8221;in_container&#8221; full_screen_row_position=&#8221;middle&#8221; column_margin=&#8221;default&#8221; column_direction=&#8221;default&#8221; column_direction_tablet=&#8221;default&#8221; column_direction_phone=&#8221;default&#8221; scene_position=&#8221;center&#8221; top_padding=&#8221;12%&#8221; text_color=&#8221;dark&#8221; text_align=&#8221;left&#8221; row_border_radius=&#8221;none&#8221; row_border_radius_applies=&#8221;bg&#8221; overlay_strength=&#8221;0.3&#8243; gradient_direction=&#8221;left_to_right&#8221; shape_divider_position=&#8221;bottom&#8221; bg_image_animation=&#8221;none&#8221; shape_type=&#8221;&#8221;][vc_column column_padding=&#8221;no-extra-padding&#8221; column_padding_tablet=&#8221;inherit&#8221; column_padding_phone=&#8221;inherit&#8221; column_padding_position=&#8221;all&#8221; column_element_spacing=&#8221;default&#8221; background_color_opacity=&#8221;1&#8243; background_hover_color_opacity=&#8221;1&#8243; column_shadow=&#8221;none&#8221; column_border_radius=&#8221;none&#8221; column_link_target=&#8221;_self&#8221; gradient_direction=&#8221;left_to_right&#8221; overlay_strength=&#8221;0.3&#8243; width=&#8221;1\/2&#8243; tablet_width_inherit=&#8221;default&#8221; tablet_text_alignment=&#8221;default&#8221; phone_text_alignment=&#8221;default&#8221; bg_image_animation=&#8221;none&#8221; border_type=&#8221;simple&#8221; column_border_width=&#8221;none&#8221; column_border_style=&#8221;solid&#8221;][split_line_heading animation_type=&#8221;default&#8221;]<strong><span style=\"color: #62a74e; font-size: 35px;\">PERCORSO DEI PELLEGRINI<\/span><\/strong><br \/>\n<strong><span style=\"color: #62a74e; font-size: 25px;\">PERCORSO LINEARE<\/span><\/strong><br \/>\n<strong><span style=\"color: #62a74e; font-size: 20px;\">Tipologia: GRIGLIATO<\/span><\/strong>[\/split_line_heading][vc_column_text]L&#8217;<strong>EuroVelo 3<\/strong> entra in <strong>Navarra<\/strong> attraverso i <strong>Pirenei<\/strong>, passando per il passo dell&#8217;<strong>Organbide<\/strong>, dove si pu\u00f2 godere della natura allo stato puro, i resti di costruzioni megalitiche e piccoli gruppi di bovini, pecore, cavalli e mucche compongono un paesaggio idilliaco. Il percorso conduce all&#8217;antica <strong>fabbrica di armi di Orbaizeta<\/strong>, un edificio risalente al XVIII secolo che fu una delle pi\u00f9 importanti fabbriche industriali dell&#8217;epoca. L&#8217;itinerario prosegue fino a <strong>Orreaga\/Roncesvalles<\/strong>, un punto di riferimento fondamentale da visitare, non solo per il suo ricco patrimonio artistico ma anche per essere uno dei punti pi\u00f9 emblematici del <strong>Cammino di Santiago de Compostela<\/strong>, in quanto \u00e8 considerato la porta della penisola. Seguendo il Cammino di Santiago, si attraversano le cosiddette strade-paese cresciute grazie al Cammino di Santiago, <strong>Auritz\/Burguete<\/strong> e <strong>Auritzberri\/Espinal<\/strong>. [\/vc_column_text][\/vc_column][vc_column column_padding=&#8221;no-extra-padding&#8221; column_padding_tablet=&#8221;inherit&#8221; column_padding_phone=&#8221;inherit&#8221; column_padding_position=&#8221;all&#8221; column_element_spacing=&#8221;default&#8221; background_color_opacity=&#8221;1&#8243; background_hover_color_opacity=&#8221;1&#8243; column_shadow=&#8221;none&#8221; column_border_radius=&#8221;none&#8221; column_link_target=&#8221;_self&#8221; gradient_direction=&#8221;left_to_right&#8221; overlay_strength=&#8221;0.3&#8243; width=&#8221;1\/2&#8243; tablet_width_inherit=&#8221;default&#8221; tablet_text_alignment=&#8221;default&#8221; phone_text_alignment=&#8221;default&#8221; bg_image_animation=&#8221;none&#8221; border_type=&#8221;simple&#8221; column_border_width=&#8221;none&#8221; column_border_style=&#8221;solid&#8221;][image_with_animation image_url=&#8221;60207&#8243; animation=&#8221;Fade In&#8221; hover_animation=&#8221;none&#8221; alignment=&#8221;&#8221; border_radius=&#8221;10px&#8221; box_shadow=&#8221;medium_depth&#8221; image_loading=&#8221;default&#8221; max_width=&#8221;100%&#8221; max_width_mobile=&#8221;default&#8221;][\/vc_column][\/vc_row][vc_row type=&#8221;in_container&#8221; full_screen_row_position=&#8221;middle&#8221; column_margin=&#8221;default&#8221; column_direction=&#8221;default&#8221; column_direction_tablet=&#8221;default&#8221; column_direction_phone=&#8221;default&#8221; scene_position=&#8221;center&#8221; text_color=&#8221;dark&#8221; text_align=&#8221;left&#8221; row_border_radius=&#8221;none&#8221; row_border_radius_applies=&#8221;bg&#8221; overlay_strength=&#8221;0.3&#8243; gradient_direction=&#8221;left_to_right&#8221; shape_divider_position=&#8221;bottom&#8221; bg_image_animation=&#8221;none&#8221;][vc_column column_padding=&#8221;no-extra-padding&#8221; column_padding_tablet=&#8221;inherit&#8221; column_padding_phone=&#8221;inherit&#8221; column_padding_position=&#8221;all&#8221; column_element_spacing=&#8221;default&#8221; background_color_opacity=&#8221;1&#8243; background_hover_color_opacity=&#8221;1&#8243; column_shadow=&#8221;none&#8221; column_border_radius=&#8221;none&#8221; column_link_target=&#8221;_self&#8221; gradient_direction=&#8221;left_to_right&#8221; overlay_strength=&#8221;0.3&#8243; width=&#8221;1\/1&#8243; tablet_width_inherit=&#8221;default&#8221; tablet_text_alignment=&#8221;default&#8221; phone_text_alignment=&#8221;default&#8221; bg_image_animation=&#8221;none&#8221; border_type=&#8221;simple&#8221; column_border_width=&#8221;none&#8221; column_border_style=&#8221;solid&#8221;][vc_column_text]Dopo quest&#8217;ultima, si entra nella <strong>valle di Arce<\/strong>, una valle con piccoli villaggi e un ricco paesaggio attraversato dai <strong>fiumi Irati e Urrobi<\/strong>. Prosegue verso il villaggio di <strong>Nagore<\/strong>, costeggiato dal lago artificiale, e termina ad <strong>Aoiz \/ Agoitz<\/strong>. Il proseguimento del percorso \u00e8 in fase di progettazione ed \u00e8 stato proposto un percorso alternativo per <strong>Pamplona<\/strong>. Dalla capitale della Navarra, l&#8217;itinerario segue lo stesso percorso dell&#8217;<strong>Eurovelo 1<\/strong> e coincide in gran parte con il Cammino di Santiago.<br \/>\nPer seguire questo itinerario possiamo utilizzare quattro campeggi: <strong>Urrobi, Ezcaba, Lizarra e Iratxe<\/strong>. La distanza tra l&#8217;ingresso della Navarra e il Camping Urrobi \u00e8 di 21,6 km, tra il Camping Urrobi e il Camping Ezcaba sono 69,7 km, tra il Camping Ezcaba e il Camping Lizarra sono 68,2 km, tra il Camping Lizarra e il Camping Iratxe sono solo 7 km e tra quest&#8217;ultimo e il confine tra Navarra e La Rioja sono 44,9 km. Proponiamo l&#8217;uso di <strong>biciclette da ghiaia o MTB<\/strong>, ma non di bici da strada perch\u00e9 ci sono parecchi tratti sterrati.<br \/>\n(Testo: Turismo Navarra)[\/vc_column_text][\/vc_column][\/vc_row][vc_row type=&#8221;in_container&#8221; full_screen_row_position=&#8221;middle&#8221; column_margin=&#8221;default&#8221; column_direction=&#8221;default&#8221; column_direction_tablet=&#8221;default&#8221; column_direction_phone=&#8221;default&#8221; scene_position=&#8221;center&#8221; text_color=&#8221;dark&#8221; text_align=&#8221;left&#8221; row_border_radius=&#8221;none&#8221; row_border_radius_applies=&#8221;bg&#8221; overlay_strength=&#8221;0.3&#8243; gradient_direction=&#8221;left_to_right&#8221; shape_divider_position=&#8221;bottom&#8221; bg_image_animation=&#8221;none&#8221;][vc_column column_padding=&#8221;no-extra-padding&#8221; column_padding_tablet=&#8221;inherit&#8221; column_padding_phone=&#8221;inherit&#8221; column_padding_position=&#8221;all&#8221; column_element_spacing=&#8221;default&#8221; background_color_opacity=&#8221;1&#8243; background_hover_color_opacity=&#8221;1&#8243; column_shadow=&#8221;none&#8221; column_border_radius=&#8221;none&#8221; column_link_target=&#8221;_self&#8221; gradient_direction=&#8221;left_to_right&#8221; overlay_strength=&#8221;0.3&#8243; width=&#8221;1\/1&#8243; tablet_width_inherit=&#8221;default&#8221; tablet_text_alignment=&#8221;default&#8221; phone_text_alignment=&#8221;default&#8221; bg_image_animation=&#8221;none&#8221; border_type=&#8221;simple&#8221; column_border_width=&#8221;none&#8221; column_border_style=&#8221;solid&#8221;][split_line_heading animation_type=&#8221;default&#8221;]\n<h3>DATI TECNICI<\/h3>\n[\/split_line_heading][vc_column_text]<strong>Tipologia<\/strong>: GRIGLIATO<br \/>\n<strong>Distanza<\/strong>: 210,1 km.<br \/>\n<strong>Dislivello positivo cumulativo (secondo l&#8217;indice IBP)<\/strong>: 2.958 m.<br \/>\n<strong>Difficolt\u00e0 (indice IBP)<\/strong>: 223[\/vc_column_text][\/vc_column][\/vc_row][vc_row type=&#8221;in_container&#8221; full_screen_row_position=&#8221;middle&#8221; column_margin=&#8221;default&#8221; column_direction=&#8221;default&#8221; column_direction_tablet=&#8221;default&#8221; column_direction_phone=&#8221;default&#8221; scene_position=&#8221;center&#8221; text_color=&#8221;dark&#8221; text_align=&#8221;left&#8221; row_border_radius=&#8221;none&#8221; row_border_radius_applies=&#8221;bg&#8221; overlay_strength=&#8221;0.3&#8243; gradient_direction=&#8221;left_to_right&#8221; shape_divider_position=&#8221;bottom&#8221; bg_image_animation=&#8221;none&#8221;][vc_column column_padding=&#8221;no-extra-padding&#8221; column_padding_tablet=&#8221;inherit&#8221; column_padding_phone=&#8221;inherit&#8221; column_padding_position=&#8221;all&#8221; column_element_spacing=&#8221;default&#8221; background_color_opacity=&#8221;1&#8243; background_hover_color_opacity=&#8221;1&#8243; column_shadow=&#8221;none&#8221; column_border_radius=&#8221;none&#8221; column_link_target=&#8221;_self&#8221; gradient_direction=&#8221;left_to_right&#8221; overlay_strength=&#8221;0.3&#8243; width=&#8221;1\/1&#8243; tablet_width_inherit=&#8221;default&#8221; tablet_text_alignment=&#8221;default&#8221; phone_text_alignment=&#8221;default&#8221; bg_image_animation=&#8221;none&#8221; border_type=&#8221;simple&#8221; column_border_width=&#8221;none&#8221; column_border_style=&#8221;solid&#8221;][split_line_heading animation_type=&#8221;default&#8221;]\n<h3>DIFFICOLT\u00c0<\/h3>\n[\/split_line_heading][image_with_animation image_url=&#8221;59703&#8243; animation=&#8221;Fade In&#8221; hover_animation=&#8221;none&#8221; alignment=&#8221;&#8221; border_radius=&#8221;none&#8221; box_shadow=&#8221;none&#8221; image_loading=&#8221;default&#8221; max_width=&#8221;75%&#8221; max_width_mobile=&#8221;default&#8221;][vc_column_text]<strong>Difficolt\u00e0 fisica: DIFFICILE<\/strong><br \/>\nPer definire la <strong>difficolt\u00e0 fisica<\/strong> dei percorsi abbiamo utilizzato l&#8217;<strong>indice IBP<\/strong>.<br \/>\nL&#8217;indice IBP \u00e8 un sistema di valutazione automatica che attribuisce un punteggio alla difficolt\u00e0 fisica di un percorso effettuato in mountain bike, bici da strada o gravel bike. Questo indice \u00e8 molto utile per conoscere il grado di difficolt\u00e0 fisica di diversi percorsi confrontandoli tra loro.<br \/>\n\u00c8 importante non confondere il grado di difficolt\u00e0 fisica di un percorso con lo sforzo necessario per portarlo a termine: un indice IBP di 60 sar\u00e0 un percorso molto difficile per una persona non esperta, normale per una persona con una preparazione media e molto facile per un professionista.<br \/>\nNel nostro caso, abbiamo preso come riferimento una <strong>normale preparazione fisica<\/strong> per valutare la difficolt\u00e0 fisica dei percorsi.[\/vc_column_text][image_with_animation image_url=&#8221;45032&#8243; animation=&#8221;Fade In&#8221; hover_animation=&#8221;none&#8221; alignment=&#8221;&#8221; border_radius=&#8221;none&#8221; box_shadow=&#8221;none&#8221; image_loading=&#8221;default&#8221; max_width=&#8221;100%&#8221; max_width_mobile=&#8221;default&#8221;][vc_column_text]<strong>Difficolt\u00e0 tecnica: FACILE<\/strong><br \/>\nPer questa sezione non esiste una formula matematica che ci dia un numero, quindi la valutazione viene fatta sulla base delle conoscenze acquisite con l&#8217;esperienza.<\/p>\n<p>Abbiamo definito la difficolt\u00e0 tecnica in <strong>3 livelli<\/strong>:<br \/>\n&#8211; <strong>Colore verde<\/strong>: semplice. Non ci sono difficolt\u00e0 tecniche degne di nota sul percorso.<br \/>\n&#8211; <strong>Colore blu<\/strong>: medio. Ci possono essere aree che presentano alcune difficolt\u00e0 tecniche. Nel caso di percorsi <em>in ghiaia<\/em>, si tratta di aree con forti pendenze in salita o in discesa su terreni non compattati, tratti di sentiero o terreni poveri. Nel caso dei percorsi MTB, possono essere tratti di sentiero in salita o in discesa con alcuni passaggi complicati, a causa dello stato del terreno o perch\u00e9 si tratta di sentieri naturali con terreno molto rovinato. In entrambi i casi, questi tratti rappresentano una piccola percentuale della lunghezza totale del percorso.<br \/>\n&#8211; <strong>Colore rosso<\/strong>: difficile. Sia nello sterrato che nella MTB troviamo aree complicate come quelle definite in blu, ma con maggiore frequenza e intensit\u00e0.<br \/>\nSui percorsi stradali la difficolt\u00e0 tecnica sar\u00e0 sempre verde, ma se il terreno \u00e8 bagnato o sono presenti chiazze di ghiaccio, la situazione cambia completamente.[\/vc_column_text][\/vc_column][\/vc_row][vc_row type=&#8221;in_container&#8221; full_screen_row_position=&#8221;middle&#8221; column_margin=&#8221;default&#8221; column_direction=&#8221;default&#8221; column_direction_tablet=&#8221;default&#8221; column_direction_phone=&#8221;default&#8221; scene_position=&#8221;center&#8221; text_color=&#8221;dark&#8221; text_align=&#8221;left&#8221; row_border_radius=&#8221;none&#8221; row_border_radius_applies=&#8221;bg&#8221; overlay_strength=&#8221;0.3&#8243; gradient_direction=&#8221;left_to_right&#8221; shape_divider_position=&#8221;bottom&#8221; bg_image_animation=&#8221;none&#8221;][vc_column column_padding=&#8221;no-extra-padding&#8221; column_padding_tablet=&#8221;inherit&#8221; column_padding_phone=&#8221;inherit&#8221; column_padding_position=&#8221;all&#8221; column_element_spacing=&#8221;default&#8221; background_color_opacity=&#8221;1&#8243; background_hover_color_opacity=&#8221;1&#8243; column_shadow=&#8221;none&#8221; column_border_radius=&#8221;none&#8221; column_link_target=&#8221;_self&#8221; gradient_direction=&#8221;left_to_right&#8221; overlay_strength=&#8221;0.3&#8243; width=&#8221;1\/1&#8243; tablet_width_inherit=&#8221;default&#8221; tablet_text_alignment=&#8221;default&#8221; phone_text_alignment=&#8221;default&#8221; bg_image_animation=&#8221;none&#8221; border_type=&#8221;simple&#8221; column_border_width=&#8221;none&#8221; column_border_style=&#8221;solid&#8221;][split_line_heading animation_type=&#8221;default&#8221;]\n<h3>DOWNLOAD DI QUESTO PERCORSO<\/h3>\n[\/split_line_heading][nectar_btn size=&#8221;large&#8221; button_style=&#8221;regular&#8221; button_color_2=&#8221;Accent-Color&#8221; icon_family=&#8221;none&#8221; text=&#8221;Scarica GPX&#8221; url=&#8221;\/wp-content\/uploads\/2023\/lineales-gravel\/eurovelo-1\/Eurovelo 3_The Pilgrims&#039; Route_Navarra_IDENA.gpx&#8221;][nectar_btn size=&#8221;large&#8221; open_new_tab=&#8221;true&#8221; button_style=&#8221;regular&#8221; button_color_2=&#8221;Accent-Color&#8221; icon_family=&#8221;none&#8221; text=&#8221;Percorso in WIKILOC&#8221; url=&#8221;https:\/\/es.wikiloc.com\/rutas-gravel-bike\/eurovelo-3-la-ruta-de-los-peregrinos-navarra-136321820&#8243;][nectar_btn size=&#8221;large&#8221; open_new_tab=&#8221;true&#8221; button_style=&#8221;regular&#8221; button_color_2=&#8221;Accent-Color&#8221; icon_family=&#8221;none&#8221; text=&#8221;Percorso in KOMOOT&#8221; url=&#8221;https:\/\/www.komoot.com\/tour\/1147930746&#8243;][nectar_btn size=&#8221;large&#8221; open_new_tab=&#8221;true&#8221; button_style=&#8221;regular&#8221; button_color_2=&#8221;Accent-Color&#8221; icon_family=&#8221;none&#8221; text=&#8221;Percorso in STRAVA&#8221; url=&#8221;https:\/\/www.strava.com\/routes\/3221016782223276166&#8243;][nectar_btn size=&#8221;large&#8221; open_new_tab=&#8221;true&#8221; button_style=&#8221;regular&#8221; button_color_2=&#8221;Accent-Color&#8221; icon_family=&#8221;none&#8221; text=&#8221;Percorso in OUTDOOR ATTIVO&#8221; url=&#8221;https:\/\/out.ac\/ITcUBZ&#8221;][\/vc_column][\/vc_row][vc_row type=&#8221;in_container&#8221; full_screen_row_position=&#8221;middle&#8221; column_margin=&#8221;default&#8221; column_direction=&#8221;default&#8221; column_direction_tablet=&#8221;default&#8221; column_direction_phone=&#8221;default&#8221; scene_position=&#8221;center&#8221; text_color=&#8221;dark&#8221; text_align=&#8221;left&#8221; row_border_radius=&#8221;none&#8221; row_border_radius_applies=&#8221;bg&#8221; overlay_strength=&#8221;0.3&#8243; gradient_direction=&#8221;left_to_right&#8221; shape_divider_position=&#8221;bottom&#8221; bg_image_animation=&#8221;none&#8221;][vc_column column_padding=&#8221;no-extra-padding&#8221; column_padding_tablet=&#8221;inherit&#8221; column_padding_phone=&#8221;inherit&#8221; column_padding_position=&#8221;all&#8221; column_element_spacing=&#8221;default&#8221; background_color_opacity=&#8221;1&#8243; background_hover_color_opacity=&#8221;1&#8243; column_shadow=&#8221;none&#8221; column_border_radius=&#8221;none&#8221; column_link_target=&#8221;_self&#8221; gradient_direction=&#8221;left_to_right&#8221; overlay_strength=&#8221;0.3&#8243; width=&#8221;1\/1&#8243; tablet_width_inherit=&#8221;default&#8221; tablet_text_alignment=&#8221;default&#8221; phone_text_alignment=&#8221;default&#8221; bg_image_animation=&#8221;none&#8221; border_type=&#8221;simple&#8221; column_border_width=&#8221;none&#8221; column_border_style=&#8221;solid&#8221;][split_line_heading animation_type=&#8221;default&#8221;]\n<h3>MAPPA<\/h3>\n[\/split_line_heading][vc_raw_html]PGlmcmFtZSBzcmM9Imh0dHBzOi8vd3d3Lmdvb2dsZS5jb20vbWFwcy9kL2VtYmVkP21pZD0xUkVYdlZPSGRKWGVPRGxaYXBrQlV2alFJR1htbmxycyZhbXA7ZWhiYz0yRTMxMkYiIHdpZHRoPSIxMDAlIiBoZWlnaHQ9IjQ4MCI+PC9pZnJhbWU+Cgo=[\/vc_raw_html][\/vc_column][\/vc_row][vc_row type=&#8221;in_container&#8221; full_screen_row_position=&#8221;middle&#8221; column_margin=&#8221;default&#8221; column_direction=&#8221;default&#8221; column_direction_tablet=&#8221;default&#8221; column_direction_phone=&#8221;default&#8221; scene_position=&#8221;center&#8221; text_color=&#8221;dark&#8221; text_align=&#8221;left&#8221; row_border_radius=&#8221;none&#8221; row_border_radius_applies=&#8221;bg&#8221; overlay_strength=&#8221;0.3&#8243; gradient_direction=&#8221;left_to_right&#8221; shape_divider_position=&#8221;bottom&#8221; bg_image_animation=&#8221;none&#8221;][vc_column column_padding=&#8221;no-extra-padding&#8221; column_padding_tablet=&#8221;inherit&#8221; column_padding_phone=&#8221;inherit&#8221; column_padding_position=&#8221;all&#8221; column_element_spacing=&#8221;default&#8221; background_color_opacity=&#8221;1&#8243; background_hover_color_opacity=&#8221;1&#8243; column_shadow=&#8221;none&#8221; column_border_radius=&#8221;none&#8221; column_link_target=&#8221;_self&#8221; gradient_direction=&#8221;left_to_right&#8221; overlay_strength=&#8221;0.3&#8243; width=&#8221;1\/1&#8243; tablet_width_inherit=&#8221;default&#8221; tablet_text_alignment=&#8221;default&#8221; phone_text_alignment=&#8221;default&#8221; bg_image_animation=&#8221;none&#8221; border_type=&#8221;simple&#8221; column_border_width=&#8221;none&#8221; column_border_style=&#8221;solid&#8221;][split_line_heading animation_type=&#8221;default&#8221;]\n<h3>RACCOMANDAZIONI<\/h3>\n[\/split_line_heading][vc_column_text]\n<ul>\n<li>L&#8217;<strong>Associazione Campeggi della Navarra<\/strong> <strong>non garantisce la manutenzione<\/strong> dei percorsi, per cui \u00e8 possibile trovare ostacoli sui percorsi. Tuttavia, se ci\u00f2 dovesse accadere, saremmo grati ai visitatori se ce lo facessero sapere, in modo da poterne tenere conto per il futuro passaggio di altre persone.<\/li>\n<li>Si consiglia vivamente di portare le <strong>tracce nel proprio GPS<\/strong>. In alcune aree remote \u00e8 facile disorientarsi.<\/li>\n<li>\u00c8 essenziale portare con s\u00e9 <strong>acqua <\/strong>in abbondanza per tutti i percorsi, soprattutto in estate.<\/li>\n<li>L&#8217;uso del <strong>casco<\/strong> \u00e8 obbligatorio.<\/li>\n<li>Praticare una <strong>guida a basso impatto<\/strong> per evitare l&#8217;erosione.<\/li>\n<li>Se uscite senza accompagnatori, <strong>lasciate un avviso<\/strong> del percorso che farete.<\/li>\n<li>I <strong>sentieri<\/strong> sono condivisi da escursionisti e cavalieri. Lasciate sempre il passo, queste persone hanno la precedenza.<\/li>\n<li>Se trovate una <strong>chiusura per il bestiame<\/strong>, lasciatela come l&#8217;avete trovata dopo il vostro passaggio.<\/li>\n<li>Facilita il <strong>passaggio del bestiame<\/strong> su tutte le strade.<\/li>\n<li>Evitate di uscire dal<strong> sentiero segnalato<\/strong> e di entrare in propriet\u00e0 private.<\/li>\n<li>Rispettare l&#8217;<strong>ambiente<\/strong> e <strong>non lasciare rifiuti<\/strong>.<\/li>\n<li>Evitare di gridare e di disturbare <strong>la fauna selvatica<\/strong>.<\/li>\n<li>Se vedete un cartello di <strong>caccia<\/strong>, tornate indietro e scegliete un&#8217;altra strada.<\/li>\n<li>Rispettare le <strong>regole del traffico<\/strong>.<\/li>\n<li> <strong>Rispettate<\/strong> le persone che attraversano i villaggi.<\/li>\n<\/ul>\n<p><strong>E godetevi gli itinerari dei nostri campeggi in Navarra!<\/strong>[\/vc_column_text][\/vc_column][\/vc_row]\n","protected":false},"excerpt":{"rendered":"<p>[vc_row type=&#8221;in_container&#8221; full_screen_row_position=&#8221;middle&#8221; column_margin=&#8221;default&#8221; column_direction=&#8221;default&#8221; column_direction_tablet=&#8221;default&#8221; column_direction_phone=&#8221;default&#8221; scene_position=&#8221;center&#8221; top_padding=&#8221;12%&#8221; text_color=&#8221;dark&#8221; text_align=&#8221;left&#8221; row_border_radius=&#8221;none&#8221; row_border_radius_applies=&#8221;bg&#8221; overlay_strength=&#8221;0.3&#8243; gradient_direction=&#8221;left_to_right&#8221; shape_divider_position=&#8221;bottom&#8221; bg_image_animation=&#8221;none&#8221; shape_type=&#8221;&#8221;][vc_column column_padding=&#8221;no-extra-padding&#8221; column_padding_tablet=&#8221;inherit&#8221; column_padding_phone=&#8221;inherit&#8221; column_padding_position=&#8221;all&#8221; column_element_spacing=&#8221;default&#8221; background_color_opacity=&#8221;1&#8243; background_hover_color_opacity=&#8221;1&#8243; column_shadow=&#8221;none&#8221; column_border_radius=&#8221;none&#8221; column_link_target=&#8221;_self&#8221; gradient_direction=&#8221;left_to_right&#8221; overlay_strength=&#8221;0.3&#8243;&#8230;<\/p>\n","protected":false},"author":1,"featured_media":0,"parent":0,"menu_order":0,"comment_status":"closed","ping_status":"closed","template":"","meta":{"footnotes":""},"class_list":["post-60203","page","type-page","status-publish"],"_links":{"self":[{"href":"https:\/\/www.campingsnavarra.com\/it\/wp-json\/wp\/v2\/pages\/60203","targetHints":{"allow":["GET"]}}],"collection":[{"href":"https:\/\/www.campingsnavarra.com\/it\/wp-json\/wp\/v2\/pages"}],"about":[{"href":"https:\/\/www.campingsnavarra.com\/it\/wp-json\/wp\/v2\/types\/page"}],"author":[{"embeddable":true,"href":"https:\/\/www.campingsnavarra.com\/it\/wp-json\/wp\/v2\/users\/1"}],"replies":[{"embeddable":true,"href":"https:\/\/www.campingsnavarra.com\/it\/wp-json\/wp\/v2\/comments?post=60203"}],"version-history":[{"count":3,"href":"https:\/\/www.campingsnavarra.com\/it\/wp-json\/wp\/v2\/pages\/60203\/revisions"}],"predecessor-version":[{"id":68715,"href":"https:\/\/www.campingsnavarra.com\/it\/wp-json\/wp\/v2\/pages\/60203\/revisions\/68715"}],"wp:attachment":[{"href":"https:\/\/www.campingsnavarra.com\/it\/wp-json\/wp\/v2\/media?parent=60203"}],"curies":[{"name":"wp","href":"https:\/\/api.w.org\/{rel}","templated":true}]}}