




























































































































































































{"id":59427,"date":"2023-06-24T10:33:08","date_gmt":"2023-06-24T08:33:08","guid":{"rendered":"https:\/\/www.campingsnavarra.com\/?page_id=59427"},"modified":"2023-11-08T09:36:12","modified_gmt":"2023-11-08T08:36:12","slug":"percorso-1-acedo-ritorno-a-la-berrueza","status":"publish","type":"page","link":"https:\/\/www.campingsnavarra.com\/it\/percorso-1-acedo-ritorno-a-la-berrueza\/","title":{"rendered":"Percorso 1 &#8211; Acedo &#8211; Ritorno a La Berrueza"},"content":{"rendered":"[vc_row type=&#8221;in_container&#8221; full_screen_row_position=&#8221;middle&#8221; column_margin=&#8221;default&#8221; column_direction=&#8221;default&#8221; column_direction_tablet=&#8221;default&#8221; column_direction_phone=&#8221;default&#8221; scene_position=&#8221;center&#8221; top_padding=&#8221;12%&#8221; text_color=&#8221;dark&#8221; text_align=&#8221;left&#8221; row_border_radius=&#8221;none&#8221; row_border_radius_applies=&#8221;bg&#8221; overlay_strength=&#8221;0.3&#8243; gradient_direction=&#8221;left_to_right&#8221; shape_divider_position=&#8221;bottom&#8221; bg_image_animation=&#8221;none&#8221; shape_type=&#8221;&#8221;][vc_column column_padding=&#8221;no-extra-padding&#8221; column_padding_tablet=&#8221;inherit&#8221; column_padding_phone=&#8221;inherit&#8221; column_padding_position=&#8221;all&#8221; column_element_spacing=&#8221;default&#8221; background_color_opacity=&#8221;1&#8243; background_hover_color_opacity=&#8221;1&#8243; column_shadow=&#8221;none&#8221; column_border_radius=&#8221;none&#8221; column_link_target=&#8221;_self&#8221; gradient_direction=&#8221;left_to_right&#8221; overlay_strength=&#8221;0.3&#8243; width=&#8221;1\/2&#8243; tablet_width_inherit=&#8221;default&#8221; tablet_text_alignment=&#8221;default&#8221; phone_text_alignment=&#8221;default&#8221; bg_image_animation=&#8221;none&#8221; border_type=&#8221;simple&#8221; column_border_width=&#8221;none&#8221; column_border_style=&#8221;solid&#8221;][split_line_heading animation_type=&#8221;default&#8221;]<strong><span style=\"color: #62a74e; font-size: 35px;\">Etapa 15: CAMPING ETXARRI-CAMPING URBASA<\/span><\/strong><br \/>\n<strong><span style=\"color: #62a74e; font-size: 25px;\">VUELTA A NAVARRA<\/span><\/strong><br \/>\n<strong><span style=\"color: #62a74e; font-size: 20px;\">Tipolog\u00eda: CARRETERA<\/span><\/strong>[\/split_line_heading][vc_column_text]De nuevo nos encontramos con <strong>dos campings relativamente cercamo<\/strong>s por lo que aprovechamos para alargar la ruta recorriendo algunas zonas del entorno que merece la pena visitar. La <strong>primera parte<\/strong> de la ruta discurre por la parte <strong>occidental de Sakana<\/strong> incluyendo una peque\u00f1a subida t\u00edpica en la zona, Altamira. Abandonamos Navarra para acceder a \u00c1lava por la Llanada Alavesa en busca de un <strong>puerto imprescindible en la zona, Opakua<\/strong>, con sus casi 8 km a m\u00e1s del 5% de media, destacando sus \u00faltimos 4 km donde los porcentajes medios suben al 7%. Una vez coronado, nos lanzamos de nuevo hacia Navarra. En esta ocasi\u00f3n vamos a <strong>atravesar la Amescoa Alta<\/strong> con sus bellos pueblos hasta iniciar la \u00faltima subida del d\u00eda, el <strong>Puerto de Urbasa<\/strong> desde su vertiente sur. Una vez coronado, \u00fanicamente nos queda recorrer la Sierra de Urbasa hasta alcanzar el camping.[\/vc_column_text][\/vc_column][vc_column column_padding=&#8221;no-extra-padding&#8221; column_padding_tablet=&#8221;inherit&#8221; column_padding_phone=&#8221;inherit&#8221; column_padding_position=&#8221;all&#8221; column_element_spacing=&#8221;default&#8221; background_color_opacity=&#8221;1&#8243; background_hover_color_opacity=&#8221;1&#8243; column_shadow=&#8221;none&#8221; column_border_radius=&#8221;none&#8221; column_link_target=&#8221;_self&#8221; gradient_direction=&#8221;left_to_right&#8221; overlay_strength=&#8221;0.3&#8243; width=&#8221;1\/2&#8243; tablet_width_inherit=&#8221;default&#8221; tablet_text_alignment=&#8221;default&#8221; phone_text_alignment=&#8221;default&#8221; bg_image_animation=&#8221;none&#8221; border_type=&#8221;simple&#8221; column_border_width=&#8221;none&#8221; column_border_style=&#8221;solid&#8221;][image_with_animation image_url=&#8221;59416&#8243; animation=&#8221;Fade In&#8221; hover_animation=&#8221;none&#8221; alignment=&#8221;&#8221; border_radius=&#8221;10px&#8221; box_shadow=&#8221;medium_depth&#8221; image_loading=&#8221;default&#8221; max_width=&#8221;100%&#8221; max_width_mobile=&#8221;default&#8221;][\/vc_column][\/vc_row][vc_row type=&#8221;in_container&#8221; full_screen_row_position=&#8221;middle&#8221; column_margin=&#8221;default&#8221; column_direction=&#8221;default&#8221; column_direction_tablet=&#8221;default&#8221; column_direction_phone=&#8221;default&#8221; scene_position=&#8221;center&#8221; text_color=&#8221;dark&#8221; text_align=&#8221;left&#8221; row_border_radius=&#8221;none&#8221; row_border_radius_applies=&#8221;bg&#8221; overlay_strength=&#8221;0.3&#8243; gradient_direction=&#8221;left_to_right&#8221; shape_divider_position=&#8221;bottom&#8221; bg_image_animation=&#8221;none&#8221;][vc_column column_padding=&#8221;no-extra-padding&#8221; column_padding_tablet=&#8221;inherit&#8221; column_padding_phone=&#8221;inherit&#8221; column_padding_position=&#8221;all&#8221; column_element_spacing=&#8221;default&#8221; background_color_opacity=&#8221;1&#8243; background_hover_color_opacity=&#8221;1&#8243; column_shadow=&#8221;none&#8221; column_border_radius=&#8221;none&#8221; column_link_target=&#8221;_self&#8221; gradient_direction=&#8221;left_to_right&#8221; overlay_strength=&#8221;0.3&#8243; width=&#8221;1\/1&#8243; tablet_width_inherit=&#8221;default&#8221; tablet_text_alignment=&#8221;default&#8221; phone_text_alignment=&#8221;default&#8221; bg_image_animation=&#8221;none&#8221; border_type=&#8221;simple&#8221; column_border_width=&#8221;none&#8221; column_border_style=&#8221;solid&#8221;][split_line_heading animation_type=&#8221;default&#8221;]\n<h3>FICHA T\u00c9CNICA<\/h3>\n[\/split_line_heading][vc_column_text]<strong>Tipolog\u00eda<\/strong>: CARRETERA<br \/>\n<strong>Distancia<\/strong>: 73,9 km.<br \/>\n<strong>Desnivel positivo acumulado (seg\u00fan \u00edndice IBP)<\/strong>: 1.352 m.<br \/>\n<strong>Dificultad (\u00edndice IBP)<\/strong>: 76[\/vc_column_text][\/vc_column][\/vc_row][vc_row type=&#8221;in_container&#8221; full_screen_row_position=&#8221;middle&#8221; column_margin=&#8221;default&#8221; column_direction=&#8221;default&#8221; column_direction_tablet=&#8221;default&#8221; column_direction_phone=&#8221;default&#8221; scene_position=&#8221;center&#8221; text_color=&#8221;dark&#8221; text_align=&#8221;left&#8221; row_border_radius=&#8221;none&#8221; row_border_radius_applies=&#8221;bg&#8221; overlay_strength=&#8221;0.3&#8243; gradient_direction=&#8221;left_to_right&#8221; shape_divider_position=&#8221;bottom&#8221; bg_image_animation=&#8221;none&#8221;][vc_column column_padding=&#8221;no-extra-padding&#8221; column_padding_tablet=&#8221;inherit&#8221; column_padding_phone=&#8221;inherit&#8221; column_padding_position=&#8221;all&#8221; column_element_spacing=&#8221;default&#8221; background_color_opacity=&#8221;1&#8243; background_hover_color_opacity=&#8221;1&#8243; column_shadow=&#8221;none&#8221; column_border_radius=&#8221;none&#8221; column_link_target=&#8221;_self&#8221; gradient_direction=&#8221;left_to_right&#8221; overlay_strength=&#8221;0.3&#8243; width=&#8221;1\/1&#8243; tablet_width_inherit=&#8221;default&#8221; tablet_text_alignment=&#8221;default&#8221; phone_text_alignment=&#8221;default&#8221; bg_image_animation=&#8221;none&#8221; border_type=&#8221;simple&#8221; column_border_width=&#8221;none&#8221; column_border_style=&#8221;solid&#8221;][split_line_heading animation_type=&#8221;default&#8221;]\n<h3>DIFICULTAD<\/h3>\n[\/split_line_heading][image_with_animation image_url=&#8221;45152&#8243; animation=&#8221;Fade In&#8221; hover_animation=&#8221;none&#8221; alignment=&#8221;&#8221; border_radius=&#8221;none&#8221; box_shadow=&#8221;none&#8221; image_loading=&#8221;default&#8221; max_width=&#8221;75%&#8221; max_width_mobile=&#8221;default&#8221;][vc_column_text]<strong>Dificultad f\u00edsica: DIF\u00cdCIL<\/strong><br \/>\nPara definir la <strong>dificultad f\u00edsica<\/strong> de las rutas hemos tomado el <strong>\u00edndice IBP<\/strong>.<br \/>\nIBP index es un sistema de valoraci\u00f3n autom\u00e1tico que punt\u00faa la dificultad f\u00edsica de una ruta recorrida en bicicleta de monta\u00f1a, bicicleta de carretera o gravel. Este \u00edndice es muy \u00fatil para conocer el grado de dificultad f\u00edsica de diferentes rutas compar\u00e1ndolas entre s\u00ed.<br \/>\nEs importante no confundir el grado de dificultad f\u00edsica de una ruta con el esfuerzo que nos va a costar realizarla: un \u00edndice IBP index de 60 ser\u00e1 una ruta muy dura para una persona no iniciada, normal para alguien con una preparaci\u00f3n media y muy f\u00e1cil para un profesional.<br \/>\nEn nuestro caso, hemos tomado como referencia una <strong>preparaci\u00f3n f\u00edsica normal<\/strong> para valorar la dificultad f\u00edsica de las rutas.[\/vc_column_text][image_with_animation image_url=&#8221;45032&#8243; animation=&#8221;Fade In&#8221; hover_animation=&#8221;none&#8221; alignment=&#8221;&#8221; border_radius=&#8221;none&#8221; box_shadow=&#8221;none&#8221; image_loading=&#8221;default&#8221; max_width=&#8221;100%&#8221; max_width_mobile=&#8221;default&#8221;][vc_column_text]<strong>Dificultad t\u00e9cnica: F\u00c1CIL<\/strong><br \/>\nPara este apartado no existe una f\u00f3rmula matem\u00e1tica que nos d\u00e9 un n\u00famero, por lo que la valoraci\u00f3n se hace en base a unos conocimientos aportados por la experiencia.<\/p>\n<p>Hemos definido la dificultad t\u00e9cnica en <strong>3 niveles<\/strong>:<br \/>\n\u2022 <strong>Color verde<\/strong>: sencilla. No existe ninguna dificultad t\u00e9cnica rese\u00f1able en la ruta.<br \/>\n\u2022 <strong>Color azul<\/strong>: media. Podemos encontrarnos zonas que presentan alguna dificultad t\u00e9cnica. En el caso de las rutas de <em>gravel<\/em>, ser\u00e1n zonas con fuerte pendiente ascendente o descendente sobre un piso no compactado, tramos de sendero o piso en mal estado. En el caso de las rutas de MTB, podr\u00e1n ser tramos de sendero tanto en subida como en bajada con alg\u00fan paso complicado, por el estado del terreno o bien porque se trate de caminos naturales con el piso muy da\u00f1ado. En ambos casos, estos tramos suponen un peque\u00f1o porcentaje de la longitud total de la ruta.<br \/>\n\u2022 <strong>Color rojo<\/strong>: dif\u00edcil. Tanto en gravel como en MTB nos encontramos zonas complicadas como las definidas en el color azul, pero con mayor frecuencia e intensidad.<br \/>\nEn las rutas de carretera la dificultad t\u00e9cnica siempre ser\u00e1 verde, pero si el piso est\u00e1 mojado o hay presencia de placas de hielo, la situaci\u00f3n cambiar\u00e1 por completo.[\/vc_column_text][\/vc_column][\/vc_row][vc_row type=&#8221;in_container&#8221; full_screen_row_position=&#8221;middle&#8221; column_margin=&#8221;default&#8221; column_direction=&#8221;default&#8221; column_direction_tablet=&#8221;default&#8221; column_direction_phone=&#8221;default&#8221; scene_position=&#8221;center&#8221; text_color=&#8221;dark&#8221; text_align=&#8221;left&#8221; row_border_radius=&#8221;none&#8221; row_border_radius_applies=&#8221;bg&#8221; overlay_strength=&#8221;0.3&#8243; gradient_direction=&#8221;left_to_right&#8221; shape_divider_position=&#8221;bottom&#8221; bg_image_animation=&#8221;none&#8221;][vc_column column_padding=&#8221;no-extra-padding&#8221; column_padding_tablet=&#8221;inherit&#8221; column_padding_phone=&#8221;inherit&#8221; column_padding_position=&#8221;all&#8221; column_element_spacing=&#8221;default&#8221; background_color_opacity=&#8221;1&#8243; background_hover_color_opacity=&#8221;1&#8243; column_shadow=&#8221;none&#8221; column_border_radius=&#8221;none&#8221; column_link_target=&#8221;_self&#8221; gradient_direction=&#8221;left_to_right&#8221; overlay_strength=&#8221;0.3&#8243; width=&#8221;1\/1&#8243; tablet_width_inherit=&#8221;default&#8221; tablet_text_alignment=&#8221;default&#8221; phone_text_alignment=&#8221;default&#8221; bg_image_animation=&#8221;none&#8221; border_type=&#8221;simple&#8221; column_border_width=&#8221;none&#8221; column_border_style=&#8221;solid&#8221;][split_line_heading animation_type=&#8221;default&#8221;]\n<h3>DESCARGABLES DE ESTA RUTA<\/h3>\n[\/split_line_heading][nectar_btn size=&#8221;large&#8221; button_style=&#8221;regular&#8221; button_color_2=&#8221;Accent-Color&#8221; icon_family=&#8221;none&#8221; text=&#8221;Scarica GPX&#8221; url=&#8221;\/wp-content\/uploads\/2023\/vuelta-navarra\/carretera\/Etapa 15. Camping Etxarri-Camping Urbasa_IDENA.gpx&#8221;][nectar_btn size=&#8221;large&#8221; open_new_tab=&#8221;true&#8221; button_style=&#8221;regular&#8221; button_color_2=&#8221;Accent-Color&#8221; icon_family=&#8221;none&#8221; text=&#8221;Percorso in WIKILOC&#8221; url=&#8221;https:\/\/es.wikiloc.com\/rutas-ciclismo\/etapa-15-carretera-camping-etxarri-camping-urbasa-136312691&#8243;][nectar_btn size=&#8221;large&#8221; open_new_tab=&#8221;true&#8221; button_style=&#8221;regular&#8221; button_color_2=&#8221;Accent-Color&#8221; icon_family=&#8221;none&#8221; text=&#8221;Percorso in KOMOOT&#8221; url=&#8221;https:\/\/www.komoot.com\/es-es\/tour\/1147407722&#8243;][\/vc_column][\/vc_row][vc_row type=&#8221;in_container&#8221; full_screen_row_position=&#8221;middle&#8221; column_margin=&#8221;default&#8221; column_direction=&#8221;default&#8221; column_direction_tablet=&#8221;default&#8221; column_direction_phone=&#8221;default&#8221; scene_position=&#8221;center&#8221; text_color=&#8221;dark&#8221; text_align=&#8221;left&#8221; row_border_radius=&#8221;none&#8221; row_border_radius_applies=&#8221;bg&#8221; overlay_strength=&#8221;0.3&#8243; gradient_direction=&#8221;left_to_right&#8221; shape_divider_position=&#8221;bottom&#8221; bg_image_animation=&#8221;none&#8221;][vc_column column_padding=&#8221;no-extra-padding&#8221; column_padding_tablet=&#8221;inherit&#8221; column_padding_phone=&#8221;inherit&#8221; column_padding_position=&#8221;all&#8221; column_element_spacing=&#8221;default&#8221; background_color_opacity=&#8221;1&#8243; background_hover_color_opacity=&#8221;1&#8243; column_shadow=&#8221;none&#8221; column_border_radius=&#8221;none&#8221; column_link_target=&#8221;_self&#8221; gradient_direction=&#8221;left_to_right&#8221; overlay_strength=&#8221;0.3&#8243; width=&#8221;1\/1&#8243; tablet_width_inherit=&#8221;default&#8221; tablet_text_alignment=&#8221;default&#8221; phone_text_alignment=&#8221;default&#8221; bg_image_animation=&#8221;none&#8221; border_type=&#8221;simple&#8221; column_border_width=&#8221;none&#8221; column_border_style=&#8221;solid&#8221;][split_line_heading animation_type=&#8221;default&#8221;]\n<h3>MAPA<\/h3>\n[\/split_line_heading][vc_raw_html]JTNDaWZyYW1lJTIwc3JjJTNEJTIyaHR0cHMlM0ElMkYlMkZ3d3cuZ29vZ2xlLmNvbSUyRm1hcHMlMkZkJTJGZW1iZWQlM0ZtaWQlM0QxZF9FWk1HYkZkclFXMW9oNTVyMTBmdkNHRDg1TEpKWSUyNmVoYmMlM0QyRTMxMkYlMjIlMjB3aWR0aCUzRCUyMjEwMCUyNSUyMiUyMGhlaWdodCUzRCUyMjQ4MCUyMiUzRSUzQyUyRmlmcmFtZSUzRSUwQSUwQQ==[\/vc_raw_html][\/vc_column][\/vc_row][vc_row type=&#8221;in_container&#8221; full_screen_row_position=&#8221;middle&#8221; column_margin=&#8221;default&#8221; column_direction=&#8221;default&#8221; column_direction_tablet=&#8221;default&#8221; column_direction_phone=&#8221;default&#8221; scene_position=&#8221;center&#8221; text_color=&#8221;dark&#8221; text_align=&#8221;left&#8221; row_border_radius=&#8221;none&#8221; row_border_radius_applies=&#8221;bg&#8221; overlay_strength=&#8221;0.3&#8243; gradient_direction=&#8221;left_to_right&#8221; shape_divider_position=&#8221;bottom&#8221; bg_image_animation=&#8221;none&#8221;][vc_column column_padding=&#8221;no-extra-padding&#8221; column_padding_tablet=&#8221;inherit&#8221; column_padding_phone=&#8221;inherit&#8221; column_padding_position=&#8221;all&#8221; column_element_spacing=&#8221;default&#8221; background_color_opacity=&#8221;1&#8243; background_hover_color_opacity=&#8221;1&#8243; column_shadow=&#8221;none&#8221; column_border_radius=&#8221;none&#8221; column_link_target=&#8221;_self&#8221; gradient_direction=&#8221;left_to_right&#8221; overlay_strength=&#8221;0.3&#8243; width=&#8221;1\/1&#8243; tablet_width_inherit=&#8221;default&#8221; tablet_text_alignment=&#8221;default&#8221; phone_text_alignment=&#8221;default&#8221; bg_image_animation=&#8221;none&#8221; border_type=&#8221;simple&#8221; column_border_width=&#8221;none&#8221; column_border_style=&#8221;solid&#8221;][split_line_heading animation_type=&#8221;default&#8221;]\n<h3>RECOMENDACIONES<\/h3>\n[\/split_line_heading][vc_column_text]\n<ul>\n<li>La <strong>Asociaci\u00f3n de Campings de Navarra<\/strong> <strong>no garantiza el mantenimiento de las rutas<\/strong>, por lo que es posible encontrarse obst\u00e1culos en los trazados. No obstante, si esto ocurriera, agradecemos a los visitantes que nos avis\u00e9is para tenerlo en cuenta para el futuro paso de otras personas.<\/li>\n<li>Es muy recomendable llevar los <strong>tracks en el GPS<\/strong>. En algunas zonas alejadas resulta f\u00e1cil desorientarse.<\/li>\n<li>Resulta imprescindible llevar <strong>agua <\/strong>abundante para todas las rutas, especialmente en verano.<\/li>\n<li>El uso del <strong>casco<\/strong> es obligatorio.<\/li>\n<li>Practica una <strong>conducci\u00f3n poco violenta<\/strong> para evitar la erosi\u00f3n.<\/li>\n<li>Si vas a salir sin compa\u00f1\u00eda, <strong>deja aviso de la ruta<\/strong> que vas a recorrer.<\/li>\n<li>Los <strong>senderos<\/strong> son de uso compartido con senderistas y jinetes. Cede el paso siempre, estas personas tienen la prioridad.<\/li>\n<li>Si encuentras un <strong>cierre ganadero<\/strong>, tras tu paso d\u00e9jalo como lo encontraste.<\/li>\n<li>Facilita el <strong>paso del ganado<\/strong> en todos los caminos.<\/li>\n<li>Evita salir del<strong> camino se\u00f1alizado<\/strong> y acceder a fincas particulares.<\/li>\n<li>Respeta el <strong>entorno<\/strong> y <strong>no dejes residuos<\/strong>.<\/li>\n<li>Evita gritar y molestar a la <strong>fauna<\/strong>.<\/li>\n<li>Si ves indicaci\u00f3n de <strong>batida de caza<\/strong>, da la vuelta y elige otro camino.<\/li>\n<li>Respeta las <strong>normas de tr\u00e1fico<\/strong>.<\/li>\n<li>Se <strong>respetuoso<\/strong> con las personas en las traves\u00edas de los pueblos.<\/li>\n<\/ul>\n<p><strong>\u00a1Y disfruta de las rutas de nuestros campings de Navarra!<\/strong>[\/vc_column_text][\/vc_column][\/vc_row]\n","protected":false},"excerpt":{"rendered":"<p>[vc_row type=&#8221;in_container&#8221; full_screen_row_position=&#8221;middle&#8221; column_margin=&#8221;default&#8221; column_direction=&#8221;default&#8221; column_direction_tablet=&#8221;default&#8221; column_direction_phone=&#8221;default&#8221; scene_position=&#8221;center&#8221; top_padding=&#8221;12%&#8221; text_color=&#8221;dark&#8221; text_align=&#8221;left&#8221; row_border_radius=&#8221;none&#8221; row_border_radius_applies=&#8221;bg&#8221; overlay_strength=&#8221;0.3&#8243; gradient_direction=&#8221;left_to_right&#8221; shape_divider_position=&#8221;bottom&#8221; bg_image_animation=&#8221;none&#8221; shape_type=&#8221;&#8221;][vc_column column_padding=&#8221;no-extra-padding&#8221; column_padding_tablet=&#8221;inherit&#8221; column_padding_phone=&#8221;inherit&#8221; column_padding_position=&#8221;all&#8221; column_element_spacing=&#8221;default&#8221; background_color_opacity=&#8221;1&#8243; background_hover_color_opacity=&#8221;1&#8243; column_shadow=&#8221;none&#8221; column_border_radius=&#8221;none&#8221; column_link_target=&#8221;_self&#8221; gradient_direction=&#8221;left_to_right&#8221; overlay_strength=&#8221;0.3&#8243;&#8230;<\/p>\n","protected":false},"author":1,"featured_media":0,"parent":0,"menu_order":0,"comment_status":"closed","ping_status":"closed","template":"","meta":{"footnotes":""},"class_list":["post-59427","page","type-page","status-publish"],"_links":{"self":[{"href":"https:\/\/www.campingsnavarra.com\/it\/wp-json\/wp\/v2\/pages\/59427","targetHints":{"allow":["GET"]}}],"collection":[{"href":"https:\/\/www.campingsnavarra.com\/it\/wp-json\/wp\/v2\/pages"}],"about":[{"href":"https:\/\/www.campingsnavarra.com\/it\/wp-json\/wp\/v2\/types\/page"}],"author":[{"embeddable":true,"href":"https:\/\/www.campingsnavarra.com\/it\/wp-json\/wp\/v2\/users\/1"}],"replies":[{"embeddable":true,"href":"https:\/\/www.campingsnavarra.com\/it\/wp-json\/wp\/v2\/comments?post=59427"}],"version-history":[{"count":2,"href":"https:\/\/www.campingsnavarra.com\/it\/wp-json\/wp\/v2\/pages\/59427\/revisions"}],"predecessor-version":[{"id":59437,"href":"https:\/\/www.campingsnavarra.com\/it\/wp-json\/wp\/v2\/pages\/59427\/revisions\/59437"}],"wp:attachment":[{"href":"https:\/\/www.campingsnavarra.com\/it\/wp-json\/wp\/v2\/media?parent=59427"}],"curies":[{"name":"wp","href":"https:\/\/api.w.org\/{rel}","templated":true}]}}