




























































































































































































{"id":50732,"date":"2022-01-18T15:19:58","date_gmt":"2022-01-18T14:19:58","guid":{"rendered":"https:\/\/www.campingsnavarra.com\/informativa-sui-cookie\/"},"modified":"2022-10-06T12:03:46","modified_gmt":"2022-10-06T10:03:46","slug":"informativa-sui-cookie","status":"publish","type":"page","link":"https:\/\/www.campingsnavarra.com\/it\/informativa-sui-cookie\/","title":{"rendered":"Informativa sui cookie"},"content":{"rendered":"[vc_row type=&#8221;in_container&#8221; full_screen_row_position=&#8221;middle&#8221; column_margin=&#8221;default&#8221; column_direction=&#8221;default&#8221; column_direction_tablet=&#8221;default&#8221; column_direction_phone=&#8221;default&#8221; scene_position=&#8221;center&#8221; text_color=&#8221;dark&#8221; text_align=&#8221;left&#8221; row_border_radius=&#8221;none&#8221; row_border_radius_applies=&#8221;bg&#8221; overlay_strength=&#8221;0.3&#8243; gradient_direction=&#8221;left_to_right&#8221; shape_divider_position=&#8221;bottom&#8221; bg_image_animation=&#8221;none&#8221;][vc_column column_padding=&#8221;no-extra-padding&#8221; column_padding_tablet=&#8221;inherit&#8221; column_padding_phone=&#8221;inherit&#8221; column_padding_position=&#8221;all&#8221; column_element_spacing=&#8221;default&#8221; background_color_opacity=&#8221;1&#8243; background_hover_color_opacity=&#8221;1&#8243; column_shadow=&#8221;none&#8221; column_border_radius=&#8221;none&#8221; column_link_target=&#8221;_self&#8221; gradient_direction=&#8221;left_to_right&#8221; overlay_strength=&#8221;0.3&#8243; width=&#8221;1\/1&#8243; tablet_width_inherit=&#8221;default&#8221; tablet_text_alignment=&#8221;default&#8221; phone_text_alignment=&#8221;default&#8221; bg_image_animation=&#8221;none&#8221; border_type=&#8221;simple&#8221; column_border_width=&#8221;none&#8221; column_border_style=&#8221;solid&#8221;][vc_column_text]Un cookie \u00e8 un file che viene scaricato sul vostro computer quando accedete a determinate pagine web. I cookie consentono a un sito web, tra l&#8217;altro, di memorizzare e recuperare informazioni sulle abitudini di navigazione di un utente o sulla sua apparecchiatura e, a seconda delle informazioni contenute e del modo in cui l&#8217;utente utilizza la sua apparecchiatura, possono essere utilizzati per riconoscere l&#8217;utente.<\/p>\n<p>Il browser dell&#8217;utente memorizza i cookie sul disco rigido solo durante la sessione corrente, occupando uno spazio di memoria minimo e non danneggiando il computer.<\/p>\n<p>I cookie non contengono informazioni personali specifiche e la maggior parte di essi viene cancellata dal disco rigido al termine della sessione del browser (i cosiddetti cookie di sessione).<\/p>\n<p>La maggior parte dei browser accetta i cookie come standard e, indipendentemente da essi, consente o impedisce i cookie temporanei o memorizzati nelle impostazioni di sicurezza.<\/p>\n<p>Senza il vostro esplicito consenso &#8211; attivando i cookie nel vostro browser &#8211; i cookie non collegheranno i dati memorizzati con i vostri dati personali forniti al momento della registrazione o dell&#8217;acquisto. Quali tipi di cookie utilizza questo sito web?<\/p>\n<p>&#8211; Cookie tecnici: sono quelli che permettono all&#8217;utente di navigare su un sito web, una piattaforma o un&#8217;applicazione e di utilizzare le diverse opzioni o servizi presenti su di essa come, ad esempio, il controllo del traffico e della comunicazione dei dati, l&#8217;identificazione della sessione, l&#8217;accesso a parti ad accesso limitato, la memorizzazione degli elementi che compongono un ordine, l&#8217;esecuzione del processo di acquisto di un ordine, la richiesta di registrazione o la partecipazione a un evento, l&#8217;utilizzo di elementi di sicurezza durante la navigazione, la memorizzazione di contenuti per la diffusione di video o suoni o la condivisione di contenuti attraverso i social network.<\/p>\n<p>&#8211; Cookie di personalizzazione: questi cookie consentono all&#8217;utente di accedere al servizio con determinate caratteristiche generali predefinite in base a una serie di criteri presenti nel terminale dell&#8217;utente, come la lingua, il tipo di browser utilizzato per accedere al servizio, la configurazione regionale da cui si accede al servizio, ecc.<\/p>\n<p>&#8211; Cookie di analisi: si tratta di cookie elaborati da noi o da terzi che ci permettono di quantificare il numero di utenti e quindi di effettuare la misurazione e l&#8217;analisi statistica dell&#8217;utilizzo da parte degli utenti del servizio offerto. A tal fine, la vostra navigazione sul nostro sito web viene analizzata per migliorare la gamma di prodotti o servizi che vi offriamo.<\/p>\n<p>&#8211; Cookie pubblicitari: sono quelli che, elaborati da noi o da terzi, ci permettono di gestire nel modo pi\u00f9 efficace possibile l&#8217;offerta di spazi pubblicitari sul sito web, adattando il contenuto dell&#8217;annuncio al contenuto del servizio richiesto o all&#8217;uso che fate del nostro sito web. A tal fine, possiamo analizzare le vostre abitudini di navigazione in Internet e mostrarvi pubblicit\u00e0 correlate al vostro profilo di navigazione.<\/p>\n<p>&#8211; Cookie di pubblicit\u00e0 comportamentale: questi cookie consentono di gestire nel modo pi\u00f9 efficace possibile gli spazi pubblicitari che, se del caso, l&#8217;editore ha inserito su un sito web, un&#8217;applicazione o una piattaforma da cui viene fornito il servizio richiesto. Questi cookie memorizzano informazioni sul comportamento degli utenti ottenute attraverso l&#8217;osservazione continua delle loro abitudini di navigazione, che consentono di sviluppare un profilo specifico per mostrare pubblicit\u00e0 basata sullo stesso.<\/p>\n<p>Cookie di terze parti: il sito web pu\u00f2 utilizzare servizi di terze parti che raccolgono informazioni a fini statistici, per l&#8217;utilizzo del Sito da parte dell&#8217;utente e per la fornitura di altri servizi connessi all&#8217;attivit\u00e0 del Sito e di altri servizi Internet.<\/p>\n<p>In particolare, questo sito web utilizza Google Analytics, un servizio di analisi web fornito da Google, Inc. domiciliata negli Stati Uniti con sede principale al 1600 Amphitheatre Parkway, Mountain View, California 94043.<\/p>\n<p>Per fornire questi servizi, utilizzano dei cookie che raccolgono informazioni, tra cui l&#8217;indirizzo IP dell&#8217;utente, che verranno trasmesse, elaborate e memorizzate da Google secondo le modalit\u00e0 indicate sul sito Google.com.<\/p>\n<p>Ci\u00f2 include l&#8217;eventuale trasmissione di tali informazioni a terzi per motivi di legge o nel caso in cui tali terzi elaborino le informazioni per conto di Google.<\/p>\n<p>L&#8217;Utente accetta espressamente, con l&#8217;utilizzo di questo Sito, il trattamento delle informazioni raccolte secondo le modalit\u00e0 e per le finalit\u00e0 sopra indicate. L&#8217;utente dichiara inoltre di essere a conoscenza della possibilit\u00e0 di rifiutare il trattamento di tali dati o informazioni rifiutando l&#8217;uso dei cookie selezionando le impostazioni appropriate a tale scopo nel proprio browser.<\/p>\n<p>L&#8217;opzione di blocco dei cookie nel browser potrebbe non consentirvi di utilizzare appieno tutte le funzionalit\u00e0 del Sito. \u00c8 possibile consentire, bloccare o eliminare i cookie installati sul computer configurando le opzioni del browser installato sul computer: Chrome Internet Explorer Mozilla Firefox Safari[\/vc_column_text][\/vc_column][\/vc_row]\n","protected":false},"excerpt":{"rendered":"<p>[vc_row type=&#8221;in_container&#8221; full_screen_row_position=&#8221;middle&#8221; column_margin=&#8221;default&#8221; column_direction=&#8221;default&#8221; column_direction_tablet=&#8221;default&#8221; column_direction_phone=&#8221;default&#8221; scene_position=&#8221;center&#8221; text_color=&#8221;dark&#8221; text_align=&#8221;left&#8221; row_border_radius=&#8221;none&#8221; row_border_radius_applies=&#8221;bg&#8221; overlay_strength=&#8221;0.3&#8243; gradient_direction=&#8221;left_to_right&#8221; shape_divider_position=&#8221;bottom&#8221; bg_image_animation=&#8221;none&#8221;][vc_column column_padding=&#8221;no-extra-padding&#8221; column_padding_tablet=&#8221;inherit&#8221; column_padding_phone=&#8221;inherit&#8221; column_padding_position=&#8221;all&#8221; column_element_spacing=&#8221;default&#8221; background_color_opacity=&#8221;1&#8243; background_hover_color_opacity=&#8221;1&#8243; column_shadow=&#8221;none&#8221; column_border_radius=&#8221;none&#8221; column_link_target=&#8221;_self&#8221; gradient_direction=&#8221;left_to_right&#8221; overlay_strength=&#8221;0.3&#8243; width=&#8221;1\/1&#8243; tablet_width_inherit=&#8221;default&#8221;&#8230;<\/p>\n","protected":false},"author":1,"featured_media":0,"parent":0,"menu_order":0,"comment_status":"closed","ping_status":"closed","template":"","meta":{"footnotes":""},"class_list":["post-50732","page","type-page","status-publish"],"_links":{"self":[{"href":"https:\/\/www.campingsnavarra.com\/it\/wp-json\/wp\/v2\/pages\/50732","targetHints":{"allow":["GET"]}}],"collection":[{"href":"https:\/\/www.campingsnavarra.com\/it\/wp-json\/wp\/v2\/pages"}],"about":[{"href":"https:\/\/www.campingsnavarra.com\/it\/wp-json\/wp\/v2\/types\/page"}],"author":[{"embeddable":true,"href":"https:\/\/www.campingsnavarra.com\/it\/wp-json\/wp\/v2\/users\/1"}],"replies":[{"embeddable":true,"href":"https:\/\/www.campingsnavarra.com\/it\/wp-json\/wp\/v2\/comments?post=50732"}],"version-history":[{"count":1,"href":"https:\/\/www.campingsnavarra.com\/it\/wp-json\/wp\/v2\/pages\/50732\/revisions"}],"predecessor-version":[{"id":50738,"href":"https:\/\/www.campingsnavarra.com\/it\/wp-json\/wp\/v2\/pages\/50732\/revisions\/50738"}],"wp:attachment":[{"href":"https:\/\/www.campingsnavarra.com\/it\/wp-json\/wp\/v2\/media?parent=50732"}],"curies":[{"name":"wp","href":"https:\/\/api.w.org\/{rel}","templated":true}]}}