




























































































































































































{"id":59652,"date":"2023-06-26T11:27:45","date_gmt":"2023-06-26T09:27:45","guid":{"rendered":"https:\/\/www.campingsnavarra.com\/?page_id=59652"},"modified":"2023-12-27T10:47:51","modified_gmt":"2023-12-27T09:47:51","slug":"rutas-cicloturistas-navarra-por-zonas","status":"publish","type":"page","link":"https:\/\/www.campingsnavarra.com\/fr\/rutas-cicloturistas-navarra-por-zonas\/","title":{"rendered":"Itin\u00e9raires de cyclotourisme &#8220;Zones de Navarre&#8221;."},"content":{"rendered":"[vc_row type=&#8221;full_width_background&#8221; full_screen_row_position=&#8221;middle&#8221; column_margin=&#8221;default&#8221; equal_height=&#8221;yes&#8221; content_placement=&#8221;middle&#8221; column_direction=&#8221;default&#8221; column_direction_tablet=&#8221;default&#8221; column_direction_phone=&#8221;default&#8221; bg_image=&#8221;44215&#8243; bg_position=&#8221;center center&#8221; background_image_loading=&#8221;default&#8221; bg_repeat=&#8221;no-repeat&#8221; scene_position=&#8221;center&#8221; top_padding=&#8221;10%&#8221; bottom_padding=&#8221;5%&#8221; text_color=&#8221;light&#8221; text_align=&#8221;left&#8221; row_border_radius=&#8221;none&#8221; row_border_radius_applies=&#8221;bg&#8221; color_overlay=&#8221;#000000&#8243; overlay_strength=&#8221;0.5&#8243; gradient_direction=&#8221;left_to_right&#8221; shape_divider_position=&#8221;bottom&#8221; bg_image_animation=&#8221;none&#8221; shape_type=&#8221;&#8221;][vc_column column_padding=&#8221;padding-3-percent&#8221; column_padding_tablet=&#8221;inherit&#8221; column_padding_phone=&#8221;inherit&#8221; column_padding_position=&#8221;top-bottom&#8221; column_element_spacing=&#8221;default&#8221; background_color_opacity=&#8221;1&#8243; background_hover_color_opacity=&#8221;1&#8243; column_shadow=&#8221;none&#8221; column_border_radius=&#8221;none&#8221; column_link_target=&#8221;_self&#8221; gradient_direction=&#8221;left_to_right&#8221; overlay_strength=&#8221;0.3&#8243; width=&#8221;1\/1&#8243; tablet_width_inherit=&#8221;default&#8221; tablet_text_alignment=&#8221;default&#8221; phone_text_alignment=&#8221;default&#8221; bg_image_animation=&#8221;none&#8221; border_type=&#8221;simple&#8221; column_border_width=&#8221;none&#8221; column_border_style=&#8221;solid&#8221;][split_line_heading animation_type=&#8221;default&#8221;]\n<h1 style=\"font-size: 75px;\">NAVARRA PAR ZONE<\/h1>\n[\/split_line_heading][split_line_heading animation_type=&#8221;default&#8221;]\n<h3 style=\"font-size: 36px;\"><span style=\"font-size: 36px;\">Itin\u00e9raires de cyclotourisme<\/span><\/h3>\n[\/split_line_heading][\/vc_column][\/vc_row][vc_row type=&#8221;in_container&#8221; full_screen_row_position=&#8221;middle&#8221; column_margin=&#8221;default&#8221; column_direction=&#8221;default&#8221; column_direction_tablet=&#8221;default&#8221; column_direction_phone=&#8221;default&#8221; scene_position=&#8221;center&#8221; top_padding=&#8221;2%&#8221; text_color=&#8221;dark&#8221; text_align=&#8221;left&#8221; row_border_radius=&#8221;none&#8221; row_border_radius_applies=&#8221;bg&#8221; overlay_strength=&#8221;0.3&#8243; gradient_direction=&#8221;left_to_right&#8221; shape_divider_position=&#8221;bottom&#8221; bg_image_animation=&#8221;none&#8221; shape_type=&#8221;&#8221;][vc_column column_padding=&#8221;no-extra-padding&#8221; column_padding_tablet=&#8221;inherit&#8221; column_padding_phone=&#8221;inherit&#8221; column_padding_position=&#8221;all&#8221; column_element_spacing=&#8221;default&#8221; background_color_opacity=&#8221;1&#8243; background_hover_color_opacity=&#8221;1&#8243; column_shadow=&#8221;none&#8221; column_border_radius=&#8221;none&#8221; column_link_target=&#8221;_self&#8221; gradient_direction=&#8221;left_to_right&#8221; overlay_strength=&#8221;0.3&#8243; width=&#8221;1\/1&#8243; tablet_width_inherit=&#8221;default&#8221; tablet_text_alignment=&#8221;default&#8221; phone_text_alignment=&#8221;default&#8221; bg_image_animation=&#8221;none&#8221; border_type=&#8221;simple&#8221; column_border_width=&#8221;none&#8221; column_border_style=&#8221;solid&#8221;][nectar_highlighted_text color_type=&#8221;regular&#8221; style=&#8221;full_text&#8221; highlight_expansion=&#8221;default&#8221;]D\u00e9couvrez la <strong>Navarre<\/strong> avec ces itin\u00e9raires cyclistes qui relient nos campings aux zones les plus embl\u00e9matiques de notre r\u00e9gion : <strong>Tierra Estella, Zona Media et La Ribera, la r\u00e9gion de Pampelune et les Pyr\u00e9n\u00e9es, Aralar, Bidassoa et Bazt\u00e1n ou Sakana, Urbasa et Andia<\/strong>. En outre, tous les itin\u00e9raires sont disponibles pour les disciplines <strong>route, gravier et VTT<\/strong>. Au total, <strong>60 itin\u00e9raires pour profiter au maximum de la Navarre<\/strong>.<br \/>\nLa fiche de chaque itin\u00e9raire permet de consulter toutes ces informations :<\/p>\n<ul>\n<li><strong>Description de l&#8217;<\/strong> itin\u00e9raire<\/li>\n<li><strong>Fiche technique<\/strong> (type, distance, d\u00e9nivel\u00e9 positif cumul\u00e9 (selon IBP))<\/li>\n<li><strong>Difficult\u00e9<\/strong> (indice PPI)<\/li>\n<li><strong>T\u00e9l\u00e9chargeable<\/strong> <strong>(GPX, WIKILOC et KOMOOT)<\/strong><\/li>\n<li><strong>Carte de l&#8217;<\/strong> itin\u00e9raire<\/li>\n<li><strong>Recommandations<\/strong><\/li>\n<\/ul>\n[\/nectar_highlighted_text][\/vc_column][\/vc_row][vc_row type=&#8221;in_container&#8221; full_screen_row_position=&#8221;middle&#8221; column_margin=&#8221;default&#8221; column_direction=&#8221;default&#8221; column_direction_tablet=&#8221;default&#8221; column_direction_phone=&#8221;default&#8221; scene_position=&#8221;center&#8221; text_color=&#8221;dark&#8221; text_align=&#8221;left&#8221; row_border_radius=&#8221;none&#8221; row_border_radius_applies=&#8221;bg&#8221; overlay_strength=&#8221;0.3&#8243; gradient_direction=&#8221;left_to_right&#8221; shape_divider_position=&#8221;bottom&#8221; bg_image_animation=&#8221;none&#8221;][vc_column column_padding=&#8221;no-extra-padding&#8221; column_padding_tablet=&#8221;inherit&#8221; column_padding_phone=&#8221;inherit&#8221; column_padding_position=&#8221;all&#8221; column_element_spacing=&#8221;default&#8221; background_color_opacity=&#8221;1&#8243; background_hover_color_opacity=&#8221;1&#8243; column_shadow=&#8221;none&#8221; column_border_radius=&#8221;none&#8221; column_link_target=&#8221;_self&#8221; gradient_direction=&#8221;left_to_right&#8221; overlay_strength=&#8221;0.3&#8243; width=&#8221;1\/1&#8243; tablet_width_inherit=&#8221;default&#8221; tablet_text_alignment=&#8221;default&#8221; phone_text_alignment=&#8221;default&#8221; bg_image_animation=&#8221;none&#8221; border_type=&#8221;simple&#8221; column_border_width=&#8221;none&#8221; column_border_style=&#8221;solid&#8221;][split_line_heading animation_type=&#8221;default&#8221;]\n<h3><strong>ROUTE TIERRA ESTELLA<\/strong><\/h3>\n[\/split_line_heading][vc_column_text]\n<ul>\n<li>\u00c9tape 1 : Camping Acedo-Camping Iratxe [ <a href=\"https:\/\/www.campingsnavarra.com\/fr\/etape-1-tierra-estella-route-camping-acedo-camping-iratxe\/\">Route<\/a> | <a href=\"https:\/\/www.campingsnavarra.com\/fr\/etape-1-tierra-estella-gravier-camping-acedo-camping-iratxe\/\">Gravier<\/a> | <a href=\"https:\/\/www.campingsnavarra.com\/fr\/etape-1-tierra-estella-mtb-camping-acedo-camping-iratxe\/\">VTT<\/a> ].<\/li>\n<li>\u00c9tape 2 : Camping Iratxe-Camping El Molino [ <a href=\"https:\/\/www.campingsnavarra.com\/fr\/etape-2-tierra-estella-route-camping-iratxe-camping-el-molino\/\">Route <\/a>| <a href=\"https:\/\/www.campingsnavarra.com\/fr\/etape-2-tierra-estella-gravier-camping-iratxe-camping-el-molino\/\">Gravier<\/a> | <a href=\"https:\/\/www.campingsnavarra.com\/fr\/etape-2-tierra-estella-vtt-camping-iratxe-camping-el-molino\/\">VTT<\/a> ].<\/li>\n<li>\u00c9tape 3 : Camping El Molino-Camping Lizarra [ <a href=\"https:\/\/www.campingsnavarra.com\/fr\/etape-3-tierra-estella-route-camping-el-molino-camping-lizarra\/\">Route<\/a> | <a href=\"https:\/\/www.campingsnavarra.com\/fr\/etape-3-tierra-estella-gravier-camping-el-molino-camping-lizarra\/\">Gravier<\/a> | <a href=\"https:\/\/www.campingsnavarra.com\/fr\/etape-3-tierra-estella-mtb-camping-el-molino-camping-lizarra\/\">VTT<\/a> ].<\/li>\n<li>\u00c9tape 4 : Camping Lizarra-Camping Aritzaleku [ <a href=\"https:\/\/www.campingsnavarra.com\/fr\/etape-4-tierra-estella-route-camping-lizarra-camping-aritzaleku\/\">Route<\/a> | <a href=\"https:\/\/www.campingsnavarra.com\/fr\/etape-4-tierra-estella-gravier-camping-lizarra-camping-aritzaleku\/\">Gravier<\/a> | <a href=\"https:\/\/www.campingsnavarra.com\/fr\/etape-4-tierra-estella-vtt-camping-lizarra-camping-aritzaleku\/\">VTT<\/a> ].<\/li>\n<li>\u00c9tape 5 : Camping Aritzaleku-Camping Acedo [ <a href=\"https:\/\/www.campingsnavarra.com\/fr\/etape-5-tierra-estella-route-aritzaleku-campsite-acedo-campsite\/\">Route<\/a> | <a href=\"https:\/\/www.campingsnavarra.com\/fr\/etape-5-tierra-estella-gravier-camping-aritzaleku-camping-acedo\/\">Gravier<\/a> | <a href=\"https:\/\/www.campingsnavarra.com\/fr\/etape-5-tierra-estella-mtb-camping-aritzaleku-camping-acedo\/\">VTT<\/a> ].<\/li>\n<\/ul>\n[\/vc_column_text][split_line_heading animation_type=&#8221;default&#8221;]\n<h3><strong>ZONE MOYENNE ET ROUTE DE LA RIBERA<\/strong><\/h3>\n[\/split_line_heading][vc_column_text]\n<ul>\n<li>\u00c9tape 1 : Camping Bardenas-Camping de Olite [ <a href=\"https:\/\/www.campingsnavarra.com\/fr\/etape-1-zona-media-y-la-ribera-route-camping-bardenas-camping-de-olite\/\">Route <\/a>| <a href=\"https:\/\/www.campingsnavarra.com\/fr\/etape-1-zona-media-y-la-ribera-gravel-camping-bardenas-camping-de-olite\/\">Gravier<\/a> | <a href=\"https:\/\/www.campingsnavarra.com\/fr\/etape-1-zona-media-y-la-ribera-mtb-camping-bardenas-camping-de-olite\/\">VTT<\/a> ].<\/li>\n<li>\u00c9tape 2 : Camping de Olite-Camping El Molino [ <a href=\"https:\/\/www.campingsnavarra.com\/fr\/etape-2-zona-media-y-la-ribera-route-camping-de-olite-camping-el-molino\/\">Route <\/a>| <a href=\"https:\/\/www.campingsnavarra.com\/fr\/etape-2-zona-media-y-la-ribera-gravel-camping-de-olite-camping-el-molino\/\">Gravier<\/a> | <a href=\"https:\/\/www.campingsnavarra.com\/fr\/etape-2-zona-media-y-la-ribera-mtb-camping-de-olite-camping-el-molino\/\">VTT<\/a> ].<\/li>\n<li>\u00c9tape 3 : Camping El Molino-Camping Bardenas [ <a href=\"https:\/\/www.campingsnavarra.com\/fr\/etape-3-zona-media-y-la-ribera-route-camping-el-molino-camping-bardenas\/\">Route<\/a> | <a href=\"https:\/\/www.campingsnavarra.com\/fr\/etape-3-zona-media-y-la-ribera-gravel-camping-el-molino-camping-bardenas\/\">Gravier<\/a> | <a href=\"https:\/\/www.campingsnavarra.com\/fr\/etape-3-zona-media-y-la-ribera-mtb-camping-el-molino-camping-bardenas\/\">VTT<\/a> ].<\/li>\n<\/ul>\n[\/vc_column_text][split_line_heading animation_type=&#8221;default&#8221;]\n<h3><strong>ROUTE DE PAMPELUNE ET DE LA R\u00c9GION DES PYR\u00c9N\u00c9ES<\/strong><\/h3>\n[\/split_line_heading][vc_column_text]\n<ul>\n<li>\u00c9tape 1 : Camping Ezcaba-Camping Osate [ <a href=\"https:\/\/www.campingsnavarra.com\/fr\/etape-1-pampelune-et-la-region-des-pyrenees-route-camping-ezcaba-camping-osate\/\">Route<\/a> | <a href=\"https:\/\/www.campingsnavarra.com\/fr\/etape-1-pampelune-et-les-pyrenees-gravier-camping-ezcaba-camping-osate\/\">Gravier<\/a> | <a href=\"https:\/\/www.campingsnavarra.com\/fr\/etape-1-pampelune-et-les-pyrenees-vtt-camping-ezcaba-camping-osate\/\">VTT<\/a> ].<\/li>\n<li>\u00c9tape 2 : Camping Osate-Camping Urrobi [ <a href=\"https:\/\/www.campingsnavarra.com\/fr\/etape-2-pampelune-et-les-pyrenees-route-camping-dosate-camping-durrobi\/\">Route<\/a> | <a href=\"https:\/\/www.campingsnavarra.com\/fr\/etape-2-pampelune-et-les-pyrenees-gravier-camping-osate-camping-urrobi\/\">Gravier<\/a> | <a href=\"https:\/\/www.campingsnavarra.com\/fr\/etape-2-pampelune-et-les-pyrenees-vtt-camping-osate-camping-urrobi\/\">VTT<\/a> ].<\/li>\n<li>\u00c9tape 3 : Camping Urrobi-Camping Ezcaba [ <a href=\"https:\/\/www.campingsnavarra.com\/fr\/etape-3-pampelune-et-les-pyrenees-route-camping-urrobi-camping-ezcaba\/\">Route<\/a> | <a href=\"https:\/\/www.campingsnavarra.com\/fr\/etape-3-pampelune-et-les-pyrenees-gravier-camping-urrobi-camping-ezcaba\/\">Gravier<\/a> | <a href=\"https:\/\/www.campingsnavarra.com\/fr\/etape-3-pampelune-et-les-pyrenees-vtt-camping-urrobi-camping-ezcaba\/\">VTT<\/a> ].<\/li>\n<\/ul>\n[\/vc_column_text][split_line_heading animation_type=&#8221;default&#8221;]\n<h3><strong>ROUTE DE L&#8217;ARALAR, DE LA BIDASSOA ET DU BAZTAN<\/strong><\/h3>\n[\/split_line_heading][vc_column_text]\n<ul>\n<li>\u00c9tape 1 : Camping Baztan-Camping Ariztigain [ <a href=\"https:\/\/www.campingsnavarra.com\/fr\/etape-1-aralar-bidassoa-et-baztan-route-camping-baztan-camping-ariztigain\/\">Route<\/a> | <a href=\"https:\/\/www.campingsnavarra.com\/fr\/etape-1-aralar-bidassoa-et-baztan-gravier-camping-baztan-camping-ariztigain\/\">Gravier<\/a> | <a href=\"https:\/\/www.campingsnavarra.com\/fr\/etape-1-aralar-bidassoa-et-baztan-vtt-camping-baztan-camping-ariztigain\/\">VTT<\/a> ].<\/li>\n<li>\u00c9tape 2 : Camping Ariztigain-Camping Aralar [ <a href=\"https:\/\/www.campingsnavarra.com\/fr\/etape-2-aralar-bidassoa-et-baztan-route-ariztigain-camping-ariztigain-camping-aralar\/\">Route<\/a> | <a href=\"https:\/\/www.campingsnavarra.com\/fr\/etape-2-aralar-bidassoa-et-baztan-gravier-camping-ariztigain-camping-aralar\/\">Gravier<\/a> | <a href=\"https:\/\/www.campingsnavarra.com\/fr\/etape-2-aralar-bidassoa-et-baztan-vtt-ariztigain-camping-ariztigain-camping-aralar\/\">VTT<\/a> ].<\/li>\n<li>\u00c9tape 3 : Camping Aralar-Camping Baztan [ <a href=\"https:\/\/www.campingsnavarra.com\/fr\/etape-3-aralar-bidassoa-et-baztan-route-camping-aralar-camping-baztan\/\">Route<\/a> | <a href=\"https:\/\/www.campingsnavarra.com\/fr\/etape-3-aralar-bidassoa-et-baztan-gravier-camping-aralar-camping-baztan\/\">Gravier<\/a> | <a href=\"https:\/\/www.campingsnavarra.com\/fr\/etape-3-aralar-bidassoa-et-baztan-vtt-camping-aralar-camping-baztan\/\">VTT<\/a> ].<\/li>\n<\/ul>\n[\/vc_column_text][split_line_heading animation_type=&#8221;default&#8221;]\n<h3><strong>ROUTE SAKANA, URBASA ET ANDIA<\/strong><\/h3>\n[\/split_line_heading][vc_column_text]\n<ul>\n<li>\u00c9tape 1 : Camping Arbizu-Camping Etxarri [ <a href=\"https:\/\/www.campingsnavarra.com\/fr\/etape-1-sakana-urbasa-et-andia-route-camping-arbizu-camping-etxarri\/\">Route<\/a> | <a href=\"https:\/\/www.campingsnavarra.com\/fr\/etape-1-sakana-urbasa-et-andia-gravier-camping-arbizu-camping-etxarri\/\">Gravier<\/a> | <a href=\"https:\/\/www.campingsnavarra.com\/fr\/etape-1-sakana-urbasa-et-andia-vtt-camping-arbizu-camping-etxarri\/\">VTT<\/a> ].<\/li>\n<li>\u00c9tape 2 : Camping Etxarri-Camping Urbasa [ <a href=\"https:\/\/www.campingsnavarra.com\/fr\/etape-2-sakana-urbasa-et-andia-route-camping-etxarri-camping-urbasa\/\">Route<\/a> | <a href=\"https:\/\/www.campingsnavarra.com\/fr\/etape-2-sakana-urbasa-et-andia-gravier-camping-etxarri-camping-urbasa\/\">Gravier<\/a> | <a href=\"https:\/\/www.campingsnavarra.com\/fr\/etape-2-sakana-urbasa-et-andia-vtt-camping-etxarri-camping-urbasa\/\">VTT<\/a> ].<\/li>\n<li>\u00c9tape 3 : Camping Urbasa-Camping Artaza [ <a href=\"https:\/\/www.campingsnavarra.com\/fr\/etape-3-sakana-urbasa-et-andia-route-urbasa-camping-urbasa-camping-artaza\/\">Route<\/a> | <a href=\"https:\/\/www.campingsnavarra.com\/fr\/etape-3-sakana-urbasa-et-andia-gravier-camping-urbasa-camping-artaza\/\">Gravier<\/a> | <a href=\"https:\/\/www.campingsnavarra.com\/fr\/etape-3-sakana-urbasa-et-andia-vtt-camping-urbasa-camping-artaza\/\">VTT<\/a> ].<\/li>\n<li>\u00c9tape 4 : Camping Artaza-Camping Arbizu [ <a href=\"https:\/\/www.campingsnavarra.com\/fr\/etape-4-sakana-urbasa-et-andia-route-camping-artaza-camping-arbizu\/\">Route<\/a> | <a href=\"https:\/\/www.campingsnavarra.com\/fr\/etape-4-sakana-urbasa-et-andia-gravier-camping-artaza-camping-arbizu\/\">Gravier<\/a> | <a href=\"https:\/\/www.campingsnavarra.com\/fr\/etape-4-sakana-urbasa-et-andia-vtt-camping-artaza-camping-arbizu\/\">VTT<\/a> ].<\/li>\n<\/ul>\n[\/vc_column_text][\/vc_column][\/vc_row]\n","protected":false},"excerpt":{"rendered":"<p>[vc_row type=&#8221;full_width_background&#8221; full_screen_row_position=&#8221;middle&#8221; column_margin=&#8221;default&#8221; equal_height=&#8221;yes&#8221; content_placement=&#8221;middle&#8221; column_direction=&#8221;default&#8221; column_direction_tablet=&#8221;default&#8221; column_direction_phone=&#8221;default&#8221; bg_image=&#8221;44215&#8243; bg_position=&#8221;center center&#8221; background_image_loading=&#8221;default&#8221; bg_repeat=&#8221;no-repeat&#8221; scene_position=&#8221;center&#8221; top_padding=&#8221;10%&#8221; bottom_padding=&#8221;5%&#8221; text_color=&#8221;light&#8221; text_align=&#8221;left&#8221; row_border_radius=&#8221;none&#8221; row_border_radius_applies=&#8221;bg&#8221; color_overlay=&#8221;#000000&#8243; overlay_strength=&#8221;0.5&#8243; gradient_direction=&#8221;left_to_right&#8221; shape_divider_position=&#8221;bottom&#8221; bg_image_animation=&#8221;none&#8221; shape_type=&#8221;&#8221;][vc_column column_padding=&#8221;padding-3-percent&#8221; column_padding_tablet=&#8221;inherit&#8221; column_padding_phone=&#8221;inherit&#8221;&#8230;<\/p>\n","protected":false},"author":1,"featured_media":0,"parent":0,"menu_order":0,"comment_status":"closed","ping_status":"closed","template":"","meta":{"footnotes":""},"class_list":["post-59652","page","type-page","status-publish"],"_links":{"self":[{"href":"https:\/\/www.campingsnavarra.com\/fr\/wp-json\/wp\/v2\/pages\/59652","targetHints":{"allow":["GET"]}}],"collection":[{"href":"https:\/\/www.campingsnavarra.com\/fr\/wp-json\/wp\/v2\/pages"}],"about":[{"href":"https:\/\/www.campingsnavarra.com\/fr\/wp-json\/wp\/v2\/types\/page"}],"author":[{"embeddable":true,"href":"https:\/\/www.campingsnavarra.com\/fr\/wp-json\/wp\/v2\/users\/1"}],"replies":[{"embeddable":true,"href":"https:\/\/www.campingsnavarra.com\/fr\/wp-json\/wp\/v2\/comments?post=59652"}],"version-history":[{"count":7,"href":"https:\/\/www.campingsnavarra.com\/fr\/wp-json\/wp\/v2\/pages\/59652\/revisions"}],"predecessor-version":[{"id":62731,"href":"https:\/\/www.campingsnavarra.com\/fr\/wp-json\/wp\/v2\/pages\/59652\/revisions\/62731"}],"wp:attachment":[{"href":"https:\/\/www.campingsnavarra.com\/fr\/wp-json\/wp\/v2\/media?parent=59652"}],"curies":[{"name":"wp","href":"https:\/\/api.w.org\/{rel}","templated":true}]}}