




























































































































































































{"id":59352,"date":"2023-06-23T14:56:13","date_gmt":"2023-06-23T12:56:13","guid":{"rendered":"https:\/\/www.campingsnavarra.com\/?page_id=59352"},"modified":"2024-06-20T16:52:40","modified_gmt":"2024-06-20T14:52:40","slug":"etape-13-route-camping-daralar-camping-darbizu","status":"publish","type":"page","link":"https:\/\/www.campingsnavarra.com\/fr\/etape-13-route-camping-daralar-camping-darbizu\/","title":{"rendered":"\u00c9tape 13 &#8211; Route &#8211; Camping d&#8217;Aralar &#8211; Camping d&#8217;Arbizu"},"content":{"rendered":"[vc_row type=&#8221;in_container&#8221; full_screen_row_position=&#8221;middle&#8221; column_margin=&#8221;default&#8221; column_direction=&#8221;default&#8221; column_direction_tablet=&#8221;default&#8221; column_direction_phone=&#8221;default&#8221; scene_position=&#8221;center&#8221; top_padding=&#8221;12%&#8221; text_color=&#8221;dark&#8221; text_align=&#8221;left&#8221; row_border_radius=&#8221;none&#8221; row_border_radius_applies=&#8221;bg&#8221; overlay_strength=&#8221;0.3&#8243; gradient_direction=&#8221;left_to_right&#8221; shape_divider_position=&#8221;bottom&#8221; bg_image_animation=&#8221;none&#8221; shape_type=&#8221;&#8221;][vc_column column_padding=&#8221;no-extra-padding&#8221; column_padding_tablet=&#8221;inherit&#8221; column_padding_phone=&#8221;inherit&#8221; column_padding_position=&#8221;all&#8221; column_element_spacing=&#8221;default&#8221; background_color_opacity=&#8221;1&#8243; background_hover_color_opacity=&#8221;1&#8243; column_shadow=&#8221;none&#8221; column_border_radius=&#8221;none&#8221; column_link_target=&#8221;_self&#8221; gradient_direction=&#8221;left_to_right&#8221; overlay_strength=&#8221;0.3&#8243; width=&#8221;1\/2&#8243; tablet_width_inherit=&#8221;default&#8221; tablet_text_alignment=&#8221;default&#8221; phone_text_alignment=&#8221;default&#8221; bg_image_animation=&#8221;none&#8221; border_type=&#8221;simple&#8221; column_border_width=&#8221;none&#8221; column_border_style=&#8221;solid&#8221;][split_line_heading animation_type=&#8221;default&#8221;]<strong><span style=\"color: #62a74e; font-size: 35px;\">\u00c9tape 13 : CAMPING ARALAR-CAMPING ARBIZU<\/span><\/strong><br \/>\n<strong><span style=\"color: #62a74e; font-size: 25px;\">RETOUR \u00c0 NAVARRA<\/span><\/strong><br \/>\n<strong><span style=\"color: #62a74e; font-size: 20px;\">Type : ROAD<\/span><\/strong>[\/split_line_heading][vc_column_text]Nous poursuivons notre visite de la <strong>Navarre<\/strong> atlantique en nous dirigeant vers le sud. Nous commen\u00e7ons l&#8217;itin\u00e9raire par une petite boucle dans la r\u00e9gion de <strong>Larraun et de Basaburua<\/strong>, cette derni\u00e8re ayant \u00e9t\u00e9 partiellement travers\u00e9e lors d&#8217;une \u00e9tape pr\u00e9c\u00e9dente. <strong>Irurtzun<\/strong> r\u00e9appara\u00eet \u00e9galement sur notre itin\u00e9raire, mais cette fois-ci, il s&#8217;agit du pr\u00e9lude \u00e0 un petit col tr\u00e8s int\u00e9ressant, <strong>Madotz<\/strong>, qui nous ram\u00e8ne \u00e0 Larraun. Nous retournons aux portes de Lekunberri, mais sans atteindre ce village, nous tournons \u00e0 gauche et commen\u00e7ons la mont\u00e9e vers <strong>San Miguel de Aralar<\/strong> par la pente qui est habituellement utilis\u00e9e pour la descente. Ne manquez pas les vues depuis le sommet de cette montagne, cela vaut la peine de s&#8217;arr\u00eater pour les appr\u00e9cier. De l\u00e0, il ne reste plus qu&#8217;\u00e0 descendre prudemment vers Uharte Arakil sur une piste en b\u00e9ton pour atteindre <strong>Sakana<\/strong>, notre prochaine destination.[\/vc_column_text][\/vc_column][vc_column column_padding=&#8221;no-extra-padding&#8221; column_padding_tablet=&#8221;inherit&#8221; column_padding_phone=&#8221;inherit&#8221; column_padding_position=&#8221;all&#8221; column_element_spacing=&#8221;default&#8221; background_color_opacity=&#8221;1&#8243; background_hover_color_opacity=&#8221;1&#8243; column_shadow=&#8221;none&#8221; column_border_radius=&#8221;none&#8221; column_link_target=&#8221;_self&#8221; gradient_direction=&#8221;left_to_right&#8221; overlay_strength=&#8221;0.3&#8243; width=&#8221;1\/2&#8243; tablet_width_inherit=&#8221;default&#8221; tablet_text_alignment=&#8221;default&#8221; phone_text_alignment=&#8221;default&#8221; bg_image_animation=&#8221;none&#8221; border_type=&#8221;simple&#8221; column_border_width=&#8221;none&#8221; column_border_style=&#8221;solid&#8221;][image_with_animation image_url=&#8221;59366&#8243; animation=&#8221;Fade In&#8221; hover_animation=&#8221;none&#8221; alignment=&#8221;&#8221; border_radius=&#8221;10px&#8221; box_shadow=&#8221;medium_depth&#8221; image_loading=&#8221;default&#8221; max_width=&#8221;100%&#8221; max_width_mobile=&#8221;default&#8221;][\/vc_column][\/vc_row][vc_row type=&#8221;in_container&#8221; full_screen_row_position=&#8221;middle&#8221; column_margin=&#8221;default&#8221; column_direction=&#8221;default&#8221; column_direction_tablet=&#8221;default&#8221; column_direction_phone=&#8221;default&#8221; scene_position=&#8221;center&#8221; text_color=&#8221;dark&#8221; text_align=&#8221;left&#8221; row_border_radius=&#8221;none&#8221; row_border_radius_applies=&#8221;bg&#8221; overlay_strength=&#8221;0.3&#8243; gradient_direction=&#8221;left_to_right&#8221; shape_divider_position=&#8221;bottom&#8221; bg_image_animation=&#8221;none&#8221;][vc_column column_padding=&#8221;no-extra-padding&#8221; column_padding_tablet=&#8221;inherit&#8221; column_padding_phone=&#8221;inherit&#8221; column_padding_position=&#8221;all&#8221; column_element_spacing=&#8221;default&#8221; background_color_opacity=&#8221;1&#8243; background_hover_color_opacity=&#8221;1&#8243; column_shadow=&#8221;none&#8221; column_border_radius=&#8221;none&#8221; column_link_target=&#8221;_self&#8221; gradient_direction=&#8221;left_to_right&#8221; overlay_strength=&#8221;0.3&#8243; width=&#8221;1\/1&#8243; tablet_width_inherit=&#8221;default&#8221; tablet_text_alignment=&#8221;default&#8221; phone_text_alignment=&#8221;default&#8221; bg_image_animation=&#8221;none&#8221; border_type=&#8221;simple&#8221; column_border_width=&#8221;none&#8221; column_border_style=&#8221;solid&#8221;][split_line_heading animation_type=&#8221;default&#8221;]\n<h3>DONN\u00c9ES TECHNIQUES<\/h3>\n[\/split_line_heading][vc_column_text]<strong>Type<\/strong>: ROAD<br \/>\n<strong>Distance<\/strong>: 75,1 km.<br \/>\n<strong>D\u00e9nivel\u00e9 positif cumul\u00e9 (selon l&#8217;indice IBP)<\/strong>: 1 679 m.<br \/>\n<strong>Difficult\u00e9 (indice IBP)<\/strong>: 97[\/vc_column_text][\/vc_column][\/vc_row][vc_row type=&#8221;in_container&#8221; full_screen_row_position=&#8221;middle&#8221; column_margin=&#8221;default&#8221; column_direction=&#8221;default&#8221; column_direction_tablet=&#8221;default&#8221; column_direction_phone=&#8221;default&#8221; scene_position=&#8221;center&#8221; text_color=&#8221;dark&#8221; text_align=&#8221;left&#8221; row_border_radius=&#8221;none&#8221; row_border_radius_applies=&#8221;bg&#8221; overlay_strength=&#8221;0.3&#8243; gradient_direction=&#8221;left_to_right&#8221; shape_divider_position=&#8221;bottom&#8221; bg_image_animation=&#8221;none&#8221;][vc_column column_padding=&#8221;no-extra-padding&#8221; column_padding_tablet=&#8221;inherit&#8221; column_padding_phone=&#8221;inherit&#8221; column_padding_position=&#8221;all&#8221; column_element_spacing=&#8221;default&#8221; background_color_opacity=&#8221;1&#8243; background_hover_color_opacity=&#8221;1&#8243; column_shadow=&#8221;none&#8221; column_border_radius=&#8221;none&#8221; column_link_target=&#8221;_self&#8221; gradient_direction=&#8221;left_to_right&#8221; overlay_strength=&#8221;0.3&#8243; width=&#8221;1\/1&#8243; tablet_width_inherit=&#8221;default&#8221; tablet_text_alignment=&#8221;default&#8221; phone_text_alignment=&#8221;default&#8221; bg_image_animation=&#8221;none&#8221; border_type=&#8221;simple&#8221; column_border_width=&#8221;none&#8221; column_border_style=&#8221;solid&#8221;][split_line_heading animation_type=&#8221;default&#8221;]\n<h3>DIFFICULT\u00c9<\/h3>\n[\/split_line_heading][image_with_animation image_url=&#8221;45152&#8243; animation=&#8221;Fade In&#8221; hover_animation=&#8221;none&#8221; alignment=&#8221;&#8221; border_radius=&#8221;none&#8221; box_shadow=&#8221;none&#8221; image_loading=&#8221;default&#8221; max_width=&#8221;75%&#8221; max_width_mobile=&#8221;default&#8221;][vc_column_text]<strong>Difficult\u00e9 physique : DIFFICILE<\/strong><br \/>\nPour d\u00e9finir la <strong>difficult\u00e9 physique<\/strong> des routes, nous avons utilis\u00e9 l&#8217;<strong>indice IBP<\/strong>.<br \/>\nL&#8217;indice IBP est un syst\u00e8me de notation automatique qui \u00e9value la difficult\u00e9 physique d&#8217;un parcours effectu\u00e9 en VTT, en v\u00e9lo de route ou en gravel bike. Cet indice est tr\u00e8s utile pour conna\u00eetre le degr\u00e9 de difficult\u00e9 physique de diff\u00e9rents itin\u00e9raires en les comparant les uns aux autres.<br \/>\nIl est important de ne pas confondre le degr\u00e9 de difficult\u00e9 physique d&#8217;un itin\u00e9raire avec l&#8217;effort qu&#8217;il faudra fournir pour le r\u00e9aliser : un indice IBP de 60 sera un itin\u00e9raire tr\u00e8s difficile pour un non initi\u00e9, normal pour une personne moyennement pr\u00e9par\u00e9e et tr\u00e8s facile pour un professionnel.<br \/>\nDans notre cas, nous avons pris comme r\u00e9f\u00e9rence une <strong>pr\u00e9paration physique normale<\/strong> pour \u00e9valuer la difficult\u00e9 physique des parcours.[\/vc_column_text][image_with_animation image_url=&#8221;45032&#8243; animation=&#8221;Fade In&#8221; hover_animation=&#8221;none&#8221; alignment=&#8221;&#8221; border_radius=&#8221;none&#8221; box_shadow=&#8221;none&#8221; image_loading=&#8221;default&#8221; max_width=&#8221;100%&#8221; max_width_mobile=&#8221;default&#8221;][vc_column_text]<strong>Difficult\u00e9 technique : EASY<\/strong><br \/>\nPour cette section, il n&#8217;existe pas de formule math\u00e9matique permettant d&#8217;obtenir un chiffre, l&#8217;\u00e9valuation est donc bas\u00e9e sur les connaissances acquises par l&#8217;exp\u00e9rience.<\/p>\n<p>Nous avons d\u00e9fini la difficult\u00e9 technique en <strong>3 niveaux<\/strong>:<br \/>\n&#8211; <strong>Couleur verte<\/strong>: simple. Il n&#8217;y a pas de difficult\u00e9s techniques notables sur l&#8217;itin\u00e9raire.<br \/>\n&#8211; <strong>Couleur bleue<\/strong>: moyenne. Certaines zones peuvent pr\u00e9senter des difficult\u00e9s techniques. Dans le cas des itin\u00e9raires <em>en gravier<\/em>, il s&#8217;agira de zones pr\u00e9sentant de fortes pentes en mont\u00e9e ou en descente sur un sol non compact\u00e9, de sections de sentiers ou de sols en mauvais \u00e9tat. Dans le cas des itin\u00e9raires de VTT, il peut s&#8217;agir de sections de sentiers en mont\u00e9e ou en descente avec quelques passages compliqu\u00e9s, en raison de l&#8217;\u00e9tat du terrain ou parce qu&#8217;il s&#8217;agit de chemins naturels au sol tr\u00e8s ab\u00eem\u00e9. Dans les deux cas, ces sections repr\u00e9sentent un faible pourcentage de la longueur totale de l&#8217;itin\u00e9raire.<br \/>\n&#8211; <strong>Couleur rouge<\/strong>: difficile. Dans le gravier comme dans le VTT, on trouve des zones compliqu\u00e9es telles que celles d\u00e9finies en bleu, mais avec une fr\u00e9quence et une intensit\u00e9 plus grandes.<br \/>\nSur les itin\u00e9raires routiers, la difficult\u00e9 technique sera toujours au vert, mais si le sol est humide ou s&#8217;il y a des plaques de glace, la situation changera compl\u00e8tement.[\/vc_column_text][\/vc_column][\/vc_row][vc_row type=&#8221;in_container&#8221; full_screen_row_position=&#8221;middle&#8221; column_margin=&#8221;default&#8221; column_direction=&#8221;default&#8221; column_direction_tablet=&#8221;default&#8221; column_direction_phone=&#8221;default&#8221; scene_position=&#8221;center&#8221; text_color=&#8221;dark&#8221; text_align=&#8221;left&#8221; row_border_radius=&#8221;none&#8221; row_border_radius_applies=&#8221;bg&#8221; overlay_strength=&#8221;0.3&#8243; gradient_direction=&#8221;left_to_right&#8221; shape_divider_position=&#8221;bottom&#8221; bg_image_animation=&#8221;none&#8221;][vc_column column_padding=&#8221;no-extra-padding&#8221; column_padding_tablet=&#8221;inherit&#8221; column_padding_phone=&#8221;inherit&#8221; column_padding_position=&#8221;all&#8221; column_element_spacing=&#8221;default&#8221; background_color_opacity=&#8221;1&#8243; background_hover_color_opacity=&#8221;1&#8243; column_shadow=&#8221;none&#8221; column_border_radius=&#8221;none&#8221; column_link_target=&#8221;_self&#8221; gradient_direction=&#8221;left_to_right&#8221; overlay_strength=&#8221;0.3&#8243; width=&#8221;1\/1&#8243; tablet_width_inherit=&#8221;default&#8221; tablet_text_alignment=&#8221;default&#8221; phone_text_alignment=&#8221;default&#8221; bg_image_animation=&#8221;none&#8221; border_type=&#8221;simple&#8221; column_border_width=&#8221;none&#8221; column_border_style=&#8221;solid&#8221;][split_line_heading animation_type=&#8221;default&#8221;]\n<h3>T\u00c9L\u00c9CHARGEMENTS DE CETTE ROUTE<\/h3>\n[\/split_line_heading][nectar_btn size=&#8221;large&#8221; button_style=&#8221;regular&#8221; button_color_2=&#8221;Accent-Color&#8221; icon_family=&#8221;none&#8221; text=&#8221;T\u00e9l\u00e9charger GPX&#8221; url=&#8221;\/wp-content\/uploads\/2023\/vuelta-navarra\/carretera\/Stage 13. Camping Aralar-Camping Arbizu_IDENA.gpx&#8221;][nectar_btn size=&#8221;large&#8221; open_new_tab=&#8221;true&#8221; button_style=&#8221;regular&#8221; button_color_2=&#8221;Accent-Color&#8221; icon_family=&#8221;none&#8221; text=&#8221;Itin\u00e9raire \u00e0 WIKILOC&#8221; url=&#8221;https:\/\/es.wikiloc.com\/rutas-ciclismo\/etapa-13-carretera-camping-aralar-camping-arbizu-136312548&#8243;][nectar_btn size=&#8221;large&#8221; open_new_tab=&#8221;true&#8221; button_style=&#8221;regular&#8221; button_color_2=&#8221;Accent-Color&#8221; icon_family=&#8221;none&#8221; text=&#8221;Itin\u00e9raire \u00e0 KOMOOT&#8221; url=&#8221;https:\/\/www.komoot.com\/es-es\/tour\/1147407094&#8243;][nectar_btn size=&#8221;large&#8221; open_new_tab=&#8221;true&#8221; button_style=&#8221;regular&#8221; button_color_2=&#8221;Accent-Color&#8221; icon_family=&#8221;none&#8221; text=&#8221;Itin\u00e9raire \u00e0 STRAVA&#8221; url=&#8221;https:\/\/www.strava.com\/routes\/3221042339207860000&#8243;][nectar_btn size=&#8221;large&#8221; open_new_tab=&#8221;true&#8221; button_style=&#8221;regular&#8221; button_color_2=&#8221;Accent-Color&#8221; icon_family=&#8221;none&#8221; text=&#8221;Itin\u00e9raire dans OUTDOOR ACTIVE&#8221; url=&#8221;https:\/\/out.ac\/ITcFZG&#8221;][\/vc_column][\/vc_row][vc_row type=&#8221;in_container&#8221; full_screen_row_position=&#8221;middle&#8221; column_margin=&#8221;default&#8221; column_direction=&#8221;default&#8221; column_direction_tablet=&#8221;default&#8221; column_direction_phone=&#8221;default&#8221; scene_position=&#8221;center&#8221; text_color=&#8221;dark&#8221; text_align=&#8221;left&#8221; row_border_radius=&#8221;none&#8221; row_border_radius_applies=&#8221;bg&#8221; overlay_strength=&#8221;0.3&#8243; gradient_direction=&#8221;left_to_right&#8221; shape_divider_position=&#8221;bottom&#8221; bg_image_animation=&#8221;none&#8221;][vc_column column_padding=&#8221;no-extra-padding&#8221; column_padding_tablet=&#8221;inherit&#8221; column_padding_phone=&#8221;inherit&#8221; column_padding_position=&#8221;all&#8221; column_element_spacing=&#8221;default&#8221; background_color_opacity=&#8221;1&#8243; background_hover_color_opacity=&#8221;1&#8243; column_shadow=&#8221;none&#8221; column_border_radius=&#8221;none&#8221; column_link_target=&#8221;_self&#8221; gradient_direction=&#8221;left_to_right&#8221; overlay_strength=&#8221;0.3&#8243; width=&#8221;1\/1&#8243; tablet_width_inherit=&#8221;default&#8221; tablet_text_alignment=&#8221;default&#8221; phone_text_alignment=&#8221;default&#8221; bg_image_animation=&#8221;none&#8221; border_type=&#8221;simple&#8221; column_border_width=&#8221;none&#8221; column_border_style=&#8221;solid&#8221;][split_line_heading animation_type=&#8221;default&#8221;]\n<h3>MAP<\/h3>\n[\/split_line_heading][vc_raw_html]PGlmcmFtZSBzcmM9Imh0dHBzOi8vd3d3Lmdvb2dsZS5jb20vbWFwcy9kL2VtYmVkP21pZD0xZF9FWk1HYkZkclFXMW9oNTVyMTBmdkNHRDg1TEpKWSZhbXA7ZWhiYz0yRTMxMkYiIHdpZHRoPSIxMDAlIiBoZWlnaHQ9IjQ4MCI+PC9pZnJhbWU+Cgo=[\/vc_raw_html][\/vc_column][\/vc_row][vc_row type=&#8221;in_container&#8221; full_screen_row_position=&#8221;middle&#8221; column_margin=&#8221;default&#8221; column_direction=&#8221;default&#8221; column_direction_tablet=&#8221;default&#8221; column_direction_phone=&#8221;default&#8221; scene_position=&#8221;center&#8221; text_color=&#8221;dark&#8221; text_align=&#8221;left&#8221; row_border_radius=&#8221;none&#8221; row_border_radius_applies=&#8221;bg&#8221; overlay_strength=&#8221;0.3&#8243; gradient_direction=&#8221;left_to_right&#8221; shape_divider_position=&#8221;bottom&#8221; bg_image_animation=&#8221;none&#8221;][vc_column column_padding=&#8221;no-extra-padding&#8221; column_padding_tablet=&#8221;inherit&#8221; column_padding_phone=&#8221;inherit&#8221; column_padding_position=&#8221;all&#8221; column_element_spacing=&#8221;default&#8221; background_color_opacity=&#8221;1&#8243; background_hover_color_opacity=&#8221;1&#8243; column_shadow=&#8221;none&#8221; column_border_radius=&#8221;none&#8221; column_link_target=&#8221;_self&#8221; gradient_direction=&#8221;left_to_right&#8221; overlay_strength=&#8221;0.3&#8243; width=&#8221;1\/1&#8243; tablet_width_inherit=&#8221;default&#8221; tablet_text_alignment=&#8221;default&#8221; phone_text_alignment=&#8221;default&#8221; bg_image_animation=&#8221;none&#8221; border_type=&#8221;simple&#8221; column_border_width=&#8221;none&#8221; column_border_style=&#8221;solid&#8221;][split_line_heading animation_type=&#8221;default&#8221;]\n<h3>RECOMMANDATIONS<\/h3>\n[\/split_line_heading][vc_column_text]\n<ul>\n<li>L&#8217;<strong>association des campings de Navarre<\/strong> <strong>ne garantit pas l&#8217;entretien des<\/strong> itin\u00e9raires, il est donc possible de trouver des obstacles sur les itin\u00e9raires. Toutefois, si cela devait arriver, nous serions reconnaissants aux visiteurs de nous le faire savoir afin que nous puissions en tenir compte pour le passage futur d&#8217;autres personnes.<\/li>\n<li>Il est fortement recommand\u00e9 d&#8217;emporter les <strong>traces dans votre GPS<\/strong>. Dans certaines r\u00e9gions recul\u00e9es, il est facile d&#8217;\u00eatre d\u00e9sorient\u00e9.<\/li>\n<li>Il est essentiel d&#8217;emporter beaucoup d&#8217;<strong>eau <\/strong>pour tous les itin\u00e9raires, surtout en \u00e9t\u00e9.<\/li>\n<li>Le port du <strong>casque<\/strong> est obligatoire.<\/li>\n<li>Pratiquez la <strong>conduite \u00e0 faible impact<\/strong> pour \u00e9viter l&#8217;\u00e9rosion.<\/li>\n<li>Si vous sortez sans \u00eatre accompagn\u00e9, <strong>laissez un avis<\/strong> sur l&#8217;itin\u00e9raire que vous allez emprunter.<\/li>\n<li>Les <strong>sentiers<\/strong> sont partag\u00e9s avec des randonneurs et des cavaliers. Toujours c\u00e9der le passage, ces personnes ont la priorit\u00e9.<\/li>\n<li>Si vous trouvez une <strong>fermeture de b\u00e9tail<\/strong>, laissez-la comme vous l&#8217;avez trouv\u00e9e apr\u00e8s votre passage.<\/li>\n<li>Facilite le <strong>passage du b\u00e9tail<\/strong> sur toutes les routes.<\/li>\n<li>\u00c9vitez de quitter l&#8217;<strong> itin\u00e9raire indiqu\u00e9 sur la piste<\/strong> afin de ne pas p\u00e9n\u00e9trer dans des propri\u00e9t\u00e9s priv\u00e9es ou des zones \u00e0 haute valeur \u00e9cologique.<\/li>\n<li>Respectez l&#8217;<strong>environnement<\/strong> et <strong>ne laissez aucun d\u00e9chet<\/strong>.<\/li>\n<li>\u00c9vitez de crier et de d\u00e9ranger les <strong>animaux sauvages<\/strong>.<\/li>\n<li>Si vous voyez un panneau de <strong>chasse<\/strong>, faites demi-tour et choisissez une autre route.<\/li>\n<li>Respectez le <strong>code de la route<\/strong>.<\/li>\n<li>Soyez <strong>respectueux<\/strong> des personnes qui traversent les villages.<\/li>\n<\/ul>\n<p><strong>Et profitez des itin\u00e9raires de nos campings en Navarre !<\/strong>[\/vc_column_text][\/vc_column][\/vc_row]\n","protected":false},"excerpt":{"rendered":"<p>[vc_row type=&#8221;in_container&#8221; full_screen_row_position=&#8221;middle&#8221; column_margin=&#8221;default&#8221; column_direction=&#8221;default&#8221; column_direction_tablet=&#8221;default&#8221; column_direction_phone=&#8221;default&#8221; scene_position=&#8221;center&#8221; top_padding=&#8221;12%&#8221; text_color=&#8221;dark&#8221; text_align=&#8221;left&#8221; row_border_radius=&#8221;none&#8221; row_border_radius_applies=&#8221;bg&#8221; overlay_strength=&#8221;0.3&#8243; gradient_direction=&#8221;left_to_right&#8221; shape_divider_position=&#8221;bottom&#8221; bg_image_animation=&#8221;none&#8221; shape_type=&#8221;&#8221;][vc_column column_padding=&#8221;no-extra-padding&#8221; column_padding_tablet=&#8221;inherit&#8221; column_padding_phone=&#8221;inherit&#8221; column_padding_position=&#8221;all&#8221; column_element_spacing=&#8221;default&#8221; background_color_opacity=&#8221;1&#8243; background_hover_color_opacity=&#8221;1&#8243; column_shadow=&#8221;none&#8221; column_border_radius=&#8221;none&#8221; column_link_target=&#8221;_self&#8221; gradient_direction=&#8221;left_to_right&#8221; overlay_strength=&#8221;0.3&#8243;&#8230;<\/p>\n","protected":false},"author":1,"featured_media":0,"parent":0,"menu_order":0,"comment_status":"closed","ping_status":"closed","template":"","meta":{"footnotes":""},"class_list":["post-59352","page","type-page","status-publish"],"_links":{"self":[{"href":"https:\/\/www.campingsnavarra.com\/fr\/wp-json\/wp\/v2\/pages\/59352","targetHints":{"allow":["GET"]}}],"collection":[{"href":"https:\/\/www.campingsnavarra.com\/fr\/wp-json\/wp\/v2\/pages"}],"about":[{"href":"https:\/\/www.campingsnavarra.com\/fr\/wp-json\/wp\/v2\/types\/page"}],"author":[{"embeddable":true,"href":"https:\/\/www.campingsnavarra.com\/fr\/wp-json\/wp\/v2\/users\/1"}],"replies":[{"embeddable":true,"href":"https:\/\/www.campingsnavarra.com\/fr\/wp-json\/wp\/v2\/comments?post=59352"}],"version-history":[{"count":8,"href":"https:\/\/www.campingsnavarra.com\/fr\/wp-json\/wp\/v2\/pages\/59352\/revisions"}],"predecessor-version":[{"id":69750,"href":"https:\/\/www.campingsnavarra.com\/fr\/wp-json\/wp\/v2\/pages\/59352\/revisions\/69750"}],"wp:attachment":[{"href":"https:\/\/www.campingsnavarra.com\/fr\/wp-json\/wp\/v2\/media?parent=59352"}],"curies":[{"name":"wp","href":"https:\/\/api.w.org\/{rel}","templated":true}]}}