




























































































































































































{"id":59002,"date":"2023-06-23T09:06:23","date_gmt":"2023-06-23T07:06:23","guid":{"rendered":"https:\/\/www.campingsnavarra.com\/?page_id=59002"},"modified":"2023-12-26T12:53:27","modified_gmt":"2023-12-26T11:53:27","slug":"rutas-cicloturistas-vuelta-a-navarra","status":"publish","type":"page","link":"https:\/\/www.campingsnavarra.com\/fr\/rutas-cicloturistas-vuelta-a-navarra\/","title":{"rendered":"Itin\u00e9raires touristiques &#8220;Tour de Navarre&#8221;."},"content":{"rendered":"[vc_row type=&#8221;full_width_background&#8221; full_screen_row_position=&#8221;middle&#8221; column_margin=&#8221;default&#8221; equal_height=&#8221;yes&#8221; content_placement=&#8221;middle&#8221; column_direction=&#8221;default&#8221; column_direction_tablet=&#8221;default&#8221; column_direction_phone=&#8221;default&#8221; bg_image=&#8221;44215&#8243; bg_position=&#8221;center center&#8221; background_image_loading=&#8221;default&#8221; bg_repeat=&#8221;no-repeat&#8221; scene_position=&#8221;center&#8221; top_padding=&#8221;10%&#8221; bottom_padding=&#8221;5%&#8221; text_color=&#8221;light&#8221; text_align=&#8221;left&#8221; row_border_radius=&#8221;none&#8221; row_border_radius_applies=&#8221;bg&#8221; color_overlay=&#8221;#000000&#8243; overlay_strength=&#8221;0.5&#8243; gradient_direction=&#8221;left_to_right&#8221; shape_divider_position=&#8221;bottom&#8221; bg_image_animation=&#8221;none&#8221; shape_type=&#8221;&#8221;][vc_column column_padding=&#8221;padding-3-percent&#8221; column_padding_tablet=&#8221;inherit&#8221; column_padding_phone=&#8221;inherit&#8221; column_padding_position=&#8221;top-bottom&#8221; column_element_spacing=&#8221;default&#8221; background_color_opacity=&#8221;1&#8243; background_hover_color_opacity=&#8221;1&#8243; column_shadow=&#8221;none&#8221; column_border_radius=&#8221;none&#8221; column_link_target=&#8221;_self&#8221; gradient_direction=&#8221;left_to_right&#8221; overlay_strength=&#8221;0.3&#8243; width=&#8221;1\/1&#8243; tablet_width_inherit=&#8221;default&#8221; tablet_text_alignment=&#8221;default&#8221; phone_text_alignment=&#8221;default&#8221; bg_image_animation=&#8221;none&#8221; border_type=&#8221;simple&#8221; column_border_width=&#8221;none&#8221; column_border_style=&#8221;solid&#8221;][split_line_heading animation_type=&#8221;default&#8221;]\n<h1 style=\"font-size: 75px;\">RETOUR \u00c0 NAVARRA<\/h1>\n[\/split_line_heading][split_line_heading animation_type=&#8221;default&#8221;]\n<h3 style=\"font-size: 36px;\"><span style=\"font-size: 36px;\">Itin\u00e9raires de cyclotourisme<\/span><\/h3>\n[\/split_line_heading][\/vc_column][\/vc_row][vc_row type=&#8221;in_container&#8221; full_screen_row_position=&#8221;middle&#8221; column_margin=&#8221;default&#8221; column_direction=&#8221;default&#8221; column_direction_tablet=&#8221;default&#8221; column_direction_phone=&#8221;default&#8221; scene_position=&#8221;center&#8221; top_padding=&#8221;2%&#8221; text_color=&#8221;dark&#8221; text_align=&#8221;left&#8221; row_border_radius=&#8221;none&#8221; row_border_radius_applies=&#8221;bg&#8221; overlay_strength=&#8221;0.3&#8243; gradient_direction=&#8221;left_to_right&#8221; shape_divider_position=&#8221;bottom&#8221; bg_image_animation=&#8221;none&#8221; shape_type=&#8221;&#8221;][vc_column column_padding=&#8221;no-extra-padding&#8221; column_padding_tablet=&#8221;inherit&#8221; column_padding_phone=&#8221;inherit&#8221; column_padding_position=&#8221;all&#8221; column_element_spacing=&#8221;default&#8221; background_color_opacity=&#8221;1&#8243; background_hover_color_opacity=&#8221;1&#8243; column_shadow=&#8221;none&#8221; column_border_radius=&#8221;none&#8221; column_link_target=&#8221;_self&#8221; gradient_direction=&#8221;left_to_right&#8221; overlay_strength=&#8221;0.3&#8243; width=&#8221;1\/1&#8243; tablet_width_inherit=&#8221;default&#8221; tablet_text_alignment=&#8221;default&#8221; phone_text_alignment=&#8221;default&#8221; bg_image_animation=&#8221;none&#8221; border_type=&#8221;simple&#8221; column_border_width=&#8221;none&#8221; column_border_style=&#8221;solid&#8221;][nectar_highlighted_text color_type=&#8221;regular&#8221; style=&#8221;full_text&#8221; highlight_expansion=&#8221;default&#8221;]Profitez du cyclisme avec la <strong>route cyclotouriste &#8220;Tour de Navarre&#8221;<\/strong> qui passe par nos campings avec <strong>17 itin\u00e9raires par mode (route, gravier et VTT<\/strong>).<br \/>\nLa fiche de chaque itin\u00e9raire permet de consulter toutes ces informations :<\/p>\n<ul>\n<li><strong>Description de l&#8217;<\/strong> itin\u00e9raire<\/li>\n<li><strong>Fiche technique<\/strong> (type, distance, d\u00e9nivel\u00e9 positif cumul\u00e9 (selon IBP))<\/li>\n<li><strong>Difficult\u00e9<\/strong> (indice PPI)<\/li>\n<li><strong>T\u00e9l\u00e9chargeable<\/strong> <strong>(GPX, WIKILOC et KOMOOT)<\/strong><\/li>\n<li><strong>Carte de l&#8217;<\/strong> itin\u00e9raire<\/li>\n<li><strong>Recommandations<\/strong><\/li>\n<\/ul>\n[\/nectar_highlighted_text][\/vc_column][\/vc_row][vc_row type=&#8221;in_container&#8221; full_screen_row_position=&#8221;middle&#8221; column_margin=&#8221;default&#8221; column_direction=&#8221;default&#8221; column_direction_tablet=&#8221;default&#8221; column_direction_phone=&#8221;default&#8221; scene_position=&#8221;center&#8221; text_color=&#8221;dark&#8221; text_align=&#8221;left&#8221; row_border_radius=&#8221;none&#8221; row_border_radius_applies=&#8221;bg&#8221; overlay_strength=&#8221;0.3&#8243; gradient_direction=&#8221;left_to_right&#8221; shape_divider_position=&#8221;bottom&#8221; bg_image_animation=&#8221;none&#8221;][vc_column column_padding=&#8221;no-extra-padding&#8221; column_padding_tablet=&#8221;inherit&#8221; column_padding_phone=&#8221;inherit&#8221; column_padding_position=&#8221;all&#8221; column_element_spacing=&#8221;default&#8221; background_color_opacity=&#8221;1&#8243; background_hover_color_opacity=&#8221;1&#8243; column_shadow=&#8221;none&#8221; column_border_radius=&#8221;none&#8221; column_link_target=&#8221;_self&#8221; gradient_direction=&#8221;left_to_right&#8221; overlay_strength=&#8221;0.3&#8243; width=&#8221;1\/1&#8243; tablet_width_inherit=&#8221;default&#8221; tablet_text_alignment=&#8221;default&#8221; phone_text_alignment=&#8221;default&#8221; bg_image_animation=&#8221;none&#8221; border_type=&#8221;simple&#8221; column_border_width=&#8221;none&#8221; column_border_style=&#8221;solid&#8221;][split_line_heading animation_type=&#8221;default&#8221;]\n<h3><strong>ROUTES ROUTIERES<\/strong><\/h3>\n[\/split_line_heading][vc_column_text]\n<ul>\n<li><a href=\"https:\/\/www.campingsnavarra.com\/fr\/etape-1-route-camping-acedo-camping-iratxe\/\">\u00c9tape 1. Camping Acedo-Camping Iratxe<\/a><\/li>\n<li><a href=\"https:\/\/www.campingsnavarra.com\/fr\/etapa-2-camping-iratxe-camping-bardenas\/\">\u00c9tape 2. Camping Iratxe-Camping Bardenas<\/a><\/li>\n<li><a href=\"https:\/\/www.campingsnavarra.com\/fr\/etape-3-route-camping-bardenas-camping-olite\">\u00c9tape 3. Camping Bardenas-Camping de Olite<\/a><\/li>\n<li><a href=\"https:\/\/www.campingsnavarra.com\/fr\/etape-4-route-camping-de-olite-camping-el-molino\">\u00c9tape 4. Camping de Olite-Camping El Molino<\/a><\/li>\n<li><a href=\"https:\/\/www.campingsnavarra.com\/fr\/etape-5-route-camping-el-molino-camping-lizarra\">\u00c9tape 5. Camping El Molino-Camping Lizarra<\/a><\/li>\n<li><a href=\"https:\/\/www.campingsnavarra.com\/fr\/etape-6-route-camping-de-lizarra-camping-daritzaleku\/\">\u00c9tape 6. Camping Lizarra-Camping Aritzaleku<\/a><\/li>\n<li><a href=\"https:\/\/www.campingsnavarra.com\/fr\/etape-7-route-camping-aritzaleku-camping-ezcaba\/\">\u00c9tape 7. Camping Aritzaleku-Camping Ezcaba<\/a><\/li>\n<li><a href=\"https:\/\/www.campingsnavarra.com\/fr\/etape-8-route-camping-ezcaba-camping-osate\/\">\u00c9tape 8. Camping Ezcaba-Camping Osate<\/a><\/li>\n<li><a href=\"https:\/\/www.campingsnavarra.com\/fr\/etape-9-route-camping-osate-camping-urrobi\/\">\u00c9tape 9. Camping Osate-Camping Urrobi<\/a><\/li>\n<li><a href=\"https:\/\/www.campingsnavarra.com\/etape-10-route-camping-durrobi-camping-de-baztan\/\">\u00c9tape 10. Camping Urobi-Camping Baztan<\/a><\/li>\n<li><a href=\"https:\/\/www.campingsnavarra.com\/fr\/etape-11-route-baztan-campsite-ariztigain-campsite\/\">\u00c9tape 11. Camping Baztan-Camping Ariztigain<\/a><\/li>\n<li><a href=\"https:\/\/www.campingsnavarra.com\/fr\/etape-12-route-ariztigain-campsite-aralar-campsite\/\">\u00c9tape 12. Camping Ariztigain-Camping Aralar<\/a><\/li>\n<li><a href=\"https:\/\/www.campingsnavarra.com\/fr\/etape-13-route-camping-daralar-camping-darbizu\/\">\u00c9tape 13. Camping Aralar-Camping Arbizu<\/a><\/li>\n<li><a href=\"https:\/\/www.campingsnavarra.com\/fr\/etape-14-route-camping-arbizu-camping-etxarri\/\">\u00c9tape 14. Camping Arbizu-Camping Etxarri<\/a><\/li>\n<li><a href=\"https:\/\/www.campingsnavarra.com\/fr\/etape-15-route-etxarri-campsite-urbasa-campsite\/\">\u00c9tape 15. Camping Etxarri-Camping Urbasa<\/a><\/li>\n<li><a href=\"https:\/\/www.campingsnavarra.com\/fr\/?page_id=59426\">\u00c9tape 16. Camping Urbasa-Camping Artaza<\/a><\/li>\n<li><a href=\"https:\/\/www.campingsnavarra.com\/fr\/?page_id=59451\">\u00c9tape 17. Camping Artaza-Camping Acedo<\/a><\/li>\n<\/ul>\n[\/vc_column_text][\/vc_column][\/vc_row][vc_row type=&#8221;in_container&#8221; full_screen_row_position=&#8221;middle&#8221; column_margin=&#8221;default&#8221; column_direction=&#8221;default&#8221; column_direction_tablet=&#8221;default&#8221; column_direction_phone=&#8221;default&#8221; scene_position=&#8221;center&#8221; text_color=&#8221;dark&#8221; text_align=&#8221;left&#8221; row_border_radius=&#8221;none&#8221; row_border_radius_applies=&#8221;bg&#8221; overlay_strength=&#8221;0.3&#8243; gradient_direction=&#8221;left_to_right&#8221; shape_divider_position=&#8221;bottom&#8221; bg_image_animation=&#8221;none&#8221;][vc_column column_padding=&#8221;no-extra-padding&#8221; column_padding_tablet=&#8221;inherit&#8221; column_padding_phone=&#8221;inherit&#8221; column_padding_position=&#8221;all&#8221; column_element_spacing=&#8221;default&#8221; background_color_opacity=&#8221;1&#8243; background_hover_color_opacity=&#8221;1&#8243; column_shadow=&#8221;none&#8221; column_border_radius=&#8221;none&#8221; column_link_target=&#8221;_self&#8221; gradient_direction=&#8221;left_to_right&#8221; overlay_strength=&#8221;0.3&#8243; width=&#8221;1\/1&#8243; tablet_width_inherit=&#8221;default&#8221; tablet_text_alignment=&#8221;default&#8221; phone_text_alignment=&#8221;default&#8221; bg_image_animation=&#8221;none&#8221; border_type=&#8221;simple&#8221; column_border_width=&#8221;none&#8221; column_border_style=&#8221;solid&#8221;][split_line_heading animation_type=&#8221;default&#8221;]\n<h3>ROUTES DE GRAVIER<\/h3>\n[\/split_line_heading][vc_column_text]\n<ul>\n<li><a href=\"https:\/\/www.campingsnavarra.com\/fr\/etape-1-gravel-camping-acedo-camping-iratxe\/\">\u00c9tape 1 Gravier. Camping Acedo-Camping Iratxe<\/a><\/li>\n<li><a href=\"https:\/\/www.campingsnavarra.com\/fr\/?page_id=59503\">\u00c9tape 2 Gravier. Camping Iratxe-Camping Bardenas<\/a><\/li>\n<li><a href=\"https:\/\/www.campingsnavarra.com\/fr\/?page_id=59536\">\u00c9tape 3 Gravier. Camping Bardenas-Camping de Olite<\/a><\/li>\n<li><a href=\"https:\/\/www.campingsnavarra.com\/fr\/etape-4-gravel-camping-de-olite-camping-el-molino\/\">\u00c9tape 4 Gravier. Camping de Olite-Camping El Molino<\/a><\/li>\n<li><a href=\"https:\/\/www.campingsnavarra.com\/fr\/etape-5-gravier-camping-el-molino-camping-lizarra\/\">\u00c9tape 5 Gravier. Camping El Molino-Camping Lizarra<\/a><\/li>\n<li><a href=\"https:\/\/www.campingsnavarra.com\/fr\/etape-6-gravel-camping-de-lizarra-camping-aritzaleku\/\">\u00c9tape 6 Gravier. Lizarra-Camping Camping Aritzaleku<\/a><\/li>\n<li><a href=\"https:\/\/www.campingsnavarra.com\/fr\/etape-7-gravel-camping-aritzaleku-camping-ezcaba\/\">\u00c9tape 7 Gravel. Aritzaleku-Camping Ezcaba Campsite<\/a><\/li>\n<li><a href=\"https:\/\/www.campingsnavarra.com\/fr\/etape-8-gravel-ezcaba-campsite-osate-campsite\/\">\u00c9tape 8 Gravel. Camping Ezcaba-Camping Osate<\/a><\/li>\n<li><a href=\"https:\/\/www.campingsnavarra.com\/fr\/etape-9-gravel-camping-osate-camping-urrobi\/\">\u00c9tape 9 Gravel. Camping Osate-Camping Urrobi<\/a><\/li>\n<li><a href=\"https:\/\/www.campingsnavarra.com\/fr\/etape-10-graviers-urrobi-camping-baztan-camping\/\">\u00c9tape 10 Gravel. Camping Urrobi-Camping Baztan<\/a><\/li>\n<li><a href=\"https:\/\/www.campingsnavarra.com\/fr\/etape-11-gravel-camping-baztan-camping-ariztigain\/\">\u00c9tape 11 Gravel. Camping Baztan-Camping Ariztigain<\/a><\/li>\n<li><a href=\"https:\/\/www.campingsnavarra.com\/fr\/etape-12-gravel-campsite-ariztain-campsite-aralar\/\">\u00c9tape 12 Gravel. Camping Ariztigain-Camping Aralar<\/a><\/li>\n<li><a href=\"https:\/\/www.campingsnavarra.com\/fr\/etape-13-gravel-camping-aralar-camping-arbizu\/\">\u00c9tape 13 Gravel. Camping Aralar-Camping Arbizu<\/a><\/li>\n<li><a href=\"https:\/\/www.campingsnavarra.com\/fr\/etape-14-gravel-camping-arbizu-camping-etxarri\/\">\u00c9tape 14 Gravel. Camping Arbizu-Camping Etxarri<\/a><\/li>\n<li><a href=\"https:\/\/www.campingsnavarra.com\/fr\/etape-15-gravel-camping-etxarri-camping-urbasa\/\">\u00c9tape 15 Gravel. Camping Etxarri-Camping Urbasa<\/a><\/li>\n<li><a href=\"https:\/\/www.campingsnavarra.com\/fr\/etape-16-gravel-camping-urbasa-camping-artaza\/\">\u00c9tape 16 Gravel. Camping Urbasa-Camping Artaza<\/a><\/li>\n<li><a href=\"https:\/\/www.campingsnavarra.com\/fr\/etape-17-gravel-camping-artaza-camping-acedo\/\">\u00c9tape 17 Gravel. Camping Artaza-Camping Acedo<\/a><\/li>\n<\/ul>\n[\/vc_column_text][\/vc_column][\/vc_row][vc_row type=&#8221;in_container&#8221; full_screen_row_position=&#8221;middle&#8221; column_margin=&#8221;default&#8221; column_direction=&#8221;default&#8221; column_direction_tablet=&#8221;default&#8221; column_direction_phone=&#8221;default&#8221; scene_position=&#8221;center&#8221; text_color=&#8221;dark&#8221; text_align=&#8221;left&#8221; row_border_radius=&#8221;none&#8221; row_border_radius_applies=&#8221;bg&#8221; overlay_strength=&#8221;0.3&#8243; gradient_direction=&#8221;left_to_right&#8221; shape_divider_position=&#8221;bottom&#8221; bg_image_animation=&#8221;none&#8221;][vc_column column_padding=&#8221;no-extra-padding&#8221; column_padding_tablet=&#8221;inherit&#8221; column_padding_phone=&#8221;inherit&#8221; column_padding_position=&#8221;all&#8221; column_element_spacing=&#8221;default&#8221; background_color_opacity=&#8221;1&#8243; background_hover_color_opacity=&#8221;1&#8243; column_shadow=&#8221;none&#8221; column_border_radius=&#8221;none&#8221; column_link_target=&#8221;_self&#8221; gradient_direction=&#8221;left_to_right&#8221; overlay_strength=&#8221;0.3&#8243; width=&#8221;1\/1&#8243; tablet_width_inherit=&#8221;default&#8221; tablet_text_alignment=&#8221;default&#8221; phone_text_alignment=&#8221;default&#8221; bg_image_animation=&#8221;none&#8221; border_type=&#8221;simple&#8221; column_border_width=&#8221;none&#8221; column_border_style=&#8221;solid&#8221;][split_line_heading animation_type=&#8221;default&#8221;]\n<h3>ROUTES MTB<\/h3>\n[\/split_line_heading][vc_column_text]\n<ul>\n<li><a href=\"https:\/\/www.campingsnavarra.com\/fr\/etape-1-vtt-camping-acedo-camping-iratxe\/\">\u00c9tape 1 MTB. Camping Acedo-Camping Iratxe<\/a><\/li>\n<li><a href=\"https:\/\/www.campingsnavarra.com\/fr\/etape-2-vtt-camping-iratxe-camping-bardenas\/\">\u00c9tape 2 MTB. Camping Iratxe-Camping Bardenas<\/a><\/li>\n<li><a href=\"https:\/\/www.campingsnavarra.com\/fr\/etape-3-vtt-camping-bardenas-camping-de-olite\/\">\u00c9tape 3 MTB. Camping Bardenas-Camping de Olite<\/a><\/li>\n<li><a href=\"https:\/\/www.campingsnavarra.com\/fr\/etape-4-vtt-camping-olite-camping-el-molino\/\">\u00c9tape 4 MTB. Camping de Olite-Camping El Molino<\/a><\/li>\n<li><a href=\"https:\/\/www.campingsnavarra.com\/fr\/etape-5-vtt-camping-el-molino-camping-lizarra\/\">\u00c9tape 5 MTB. Camping El Molino-Camping Lizarra<\/a><\/li>\n<li><a href=\"https:\/\/www.campingsnavarra.com\/fr\/etape-6-vtt-camping-lizarra-camping-aritzaleku\/\">\u00c9tape 6 MTB. Lizarra-Camping Camping Aritzaleku<\/a><\/li>\n<li><a href=\"https:\/\/www.campingsnavarra.com\/fr\/etape-7-vtt-camping-aritzaleku-camping-ezcaba\/\">\u00c9tape 7 MTB. Aritzaleku-Camping Ezcaba Campsite<\/a><\/li>\n<li><a href=\"https:\/\/www.campingsnavarra.com\/fr\/etape-8-vtt-camping-ezcaba-camping-osate\/\">\u00c9tape 8 MTB. Camping Ezcaba-Camping Osate<\/a><\/li>\n<li><a href=\"https:\/\/www.campingsnavarra.com\/fr\/etape-9-vtt-camping-osate-camping-urrobi\/\">\u00c9tape 9 MTB. Camping Osate-Camping Urrobi<\/a><\/li>\n<li><a href=\"https:\/\/www.campingsnavarra.com\/fr\/etape-10-vtt-camping-urrobi-camping-baztan\/\">\u00c9tape 10 MTB. Camping Urobi-Camping Baztan<\/a><\/li>\n<li><a href=\"https:\/\/www.campingsnavarra.com\/fr\/etape-11-vtt-camping-baztan-camping-ariztigain\/\">\u00c9tape 11 MTB. Camping Baztan-Camping Ariztigain<\/a><\/li>\n<li><a href=\"https:\/\/www.campingsnavarra.com\/fr\/etape-12-vtt-camping-ariztigain-camping-aralar\/\">\u00c9tape 12 MTB. Camping Ariztigain-Camping Aralar<\/a><\/li>\n<li><a href=\"https:\/\/www.campingsnavarra.com\/fr\/etape-13-vtt-camping-aralar-camping-arbizu\/\">\u00c9tape 13 MTB. Camping Aralar-Camping Arbizu<\/a><\/li>\n<li><a href=\"https:\/\/www.campingsnavarra.com\/fr\/etape-14-vtt-camping-arbizu-camping-etxarri\/\">\u00c9tape 14 MTB. Camping Arbizu-Camping Etxarri<\/a><\/li>\n<li><a href=\"https:\/\/www.campingsnavarra.com\/fr\/etape-15-vtt-camping-etxarri-camping-urbasa\/\">\u00c9tape 15 MTB. Camping Etxarri-Camping Urbasa<\/a><\/li>\n<li><a href=\"https:\/\/www.campingsnavarra.com\/fr\/etape-16-vtt-camping-urbasa-camping-artaza\/\">\u00c9tape 16 MTB. Camping Urbasa-Camping Artaza<\/a><\/li>\n<li><a href=\"https:\/\/www.campingsnavarra.com\/fr\/etape-17-vtt-camping-artaza-camping-acedo\/\">\u00c9tape 17 MTB. Camping Artaza-Camping Acedo<\/a><\/li>\n<\/ul>\n[\/vc_column_text][\/vc_column][\/vc_row]\n","protected":false},"excerpt":{"rendered":"<p>[vc_row type=&#8221;full_width_background&#8221; full_screen_row_position=&#8221;middle&#8221; column_margin=&#8221;default&#8221; equal_height=&#8221;yes&#8221; content_placement=&#8221;middle&#8221; column_direction=&#8221;default&#8221; column_direction_tablet=&#8221;default&#8221; column_direction_phone=&#8221;default&#8221; bg_image=&#8221;44215&#8243; bg_position=&#8221;center center&#8221; background_image_loading=&#8221;default&#8221; bg_repeat=&#8221;no-repeat&#8221; scene_position=&#8221;center&#8221; top_padding=&#8221;10%&#8221; bottom_padding=&#8221;5%&#8221; text_color=&#8221;light&#8221; text_align=&#8221;left&#8221; row_border_radius=&#8221;none&#8221; row_border_radius_applies=&#8221;bg&#8221; color_overlay=&#8221;#000000&#8243; overlay_strength=&#8221;0.5&#8243; gradient_direction=&#8221;left_to_right&#8221; shape_divider_position=&#8221;bottom&#8221; bg_image_animation=&#8221;none&#8221; shape_type=&#8221;&#8221;][vc_column column_padding=&#8221;padding-3-percent&#8221; column_padding_tablet=&#8221;inherit&#8221; column_padding_phone=&#8221;inherit&#8221;&#8230;<\/p>\n","protected":false},"author":1,"featured_media":0,"parent":0,"menu_order":0,"comment_status":"closed","ping_status":"closed","template":"","meta":{"footnotes":""},"class_list":["post-59002","page","type-page","status-publish"],"_links":{"self":[{"href":"https:\/\/www.campingsnavarra.com\/fr\/wp-json\/wp\/v2\/pages\/59002","targetHints":{"allow":["GET"]}}],"collection":[{"href":"https:\/\/www.campingsnavarra.com\/fr\/wp-json\/wp\/v2\/pages"}],"about":[{"href":"https:\/\/www.campingsnavarra.com\/fr\/wp-json\/wp\/v2\/types\/page"}],"author":[{"embeddable":true,"href":"https:\/\/www.campingsnavarra.com\/fr\/wp-json\/wp\/v2\/users\/1"}],"replies":[{"embeddable":true,"href":"https:\/\/www.campingsnavarra.com\/fr\/wp-json\/wp\/v2\/comments?post=59002"}],"version-history":[{"count":14,"href":"https:\/\/www.campingsnavarra.com\/fr\/wp-json\/wp\/v2\/pages\/59002\/revisions"}],"predecessor-version":[{"id":62385,"href":"https:\/\/www.campingsnavarra.com\/fr\/wp-json\/wp\/v2\/pages\/59002\/revisions\/62385"}],"wp:attachment":[{"href":"https:\/\/www.campingsnavarra.com\/fr\/wp-json\/wp\/v2\/media?parent=59002"}],"curies":[{"name":"wp","href":"https:\/\/api.w.org\/{rel}","templated":true}]}}