




























































































































































































{"id":14274,"date":"2022-01-18T15:19:58","date_gmt":"2022-01-18T14:19:58","guid":{"rendered":"https:\/\/www.visitgastroh.com\/politica-de-cookies\/"},"modified":"2022-10-06T12:03:47","modified_gmt":"2022-10-06T10:03:47","slug":"politique-de-cookies","status":"publish","type":"page","link":"https:\/\/www.campingsnavarra.com\/fr\/politique-de-cookies\/","title":{"rendered":"Politique en mati\u00e8re de cookies"},"content":{"rendered":"[vc_row type=&#8221;in_container&#8221; full_screen_row_position=&#8221;middle&#8221; column_margin=&#8221;default&#8221; column_direction=&#8221;default&#8221; column_direction_tablet=&#8221;default&#8221; column_direction_phone=&#8221;default&#8221; scene_position=&#8221;center&#8221; text_color=&#8221;dark&#8221; text_align=&#8221;left&#8221; row_border_radius=&#8221;none&#8221; row_border_radius_applies=&#8221;bg&#8221; overlay_strength=&#8221;0.3&#8243; gradient_direction=&#8221;left_to_right&#8221; shape_divider_position=&#8221;bottom&#8221; bg_image_animation=&#8221;none&#8221;][vc_column column_padding=&#8221;no-extra-padding&#8221; column_padding_tablet=&#8221;inherit&#8221; column_padding_phone=&#8221;inherit&#8221; column_padding_position=&#8221;all&#8221; column_element_spacing=&#8221;default&#8221; background_color_opacity=&#8221;1&#8243; background_hover_color_opacity=&#8221;1&#8243; column_shadow=&#8221;none&#8221; column_border_radius=&#8221;none&#8221; column_link_target=&#8221;_self&#8221; gradient_direction=&#8221;left_to_right&#8221; overlay_strength=&#8221;0.3&#8243; width=&#8221;1\/1&#8243; tablet_width_inherit=&#8221;default&#8221; tablet_text_alignment=&#8221;default&#8221; phone_text_alignment=&#8221;default&#8221; bg_image_animation=&#8221;none&#8221; border_type=&#8221;simple&#8221; column_border_width=&#8221;none&#8221; column_border_style=&#8221;solid&#8221;][vc_column_text]Un cookie est un fichier qui est t\u00e9l\u00e9charg\u00e9 sur votre ordinateur lorsque vous acc\u00e9dez \u00e0 certaines pages web. Les cookies permettent \u00e0 un site web, entre autres, de stocker et de r\u00e9cup\u00e9rer des informations sur les habitudes de navigation d&#8217;un utilisateur ou sur son \u00e9quipement et, en fonction des informations qu&#8217;ils contiennent et de la mani\u00e8re dont il utilise son \u00e9quipement, ils peuvent \u00eatre utilis\u00e9s pour reconna\u00eetre l&#8217;utilisateur.<\/p>\n<p>Le navigateur de l&#8217;utilisateur ne stocke les cookies sur le disque dur que pendant la session en cours, occupant un espace m\u00e9moire minimal et n&#8217;endommageant pas l&#8217;ordinateur.<\/p>\n<p>Les cookies ne contiennent pas d&#8217;informations personnelles sp\u00e9cifiques et la plupart des cookies sont supprim\u00e9s du disque dur \u00e0 la fin de la session du navigateur (cookies dits de session).<\/p>\n<p>La plupart des navigateurs acceptent les cookies par d\u00e9faut et, ind\u00e9pendamment d&#8217;eux, autorisent ou emp\u00eachent les cookies temporaires ou stock\u00e9s dans les param\u00e8tres de s\u00e9curit\u00e9.<\/p>\n<p>Sans votre consentement expr\u00e8s &#8211; en activant les cookies dans votre navigateur &#8211; les cookies ne permettront pas de relier les donn\u00e9es stock\u00e9es avec vos donn\u00e9es personnelles fournies au moment de l&#8217;enregistrement ou de l&#8217;achat. Quels types de cookies ce site web utilise-t-il ?<\/p>\n<p>&#8211; Cookies techniques : Ce sont ceux qui permettent \u00e0 l&#8217;utilisateur de naviguer sur un site web, une plateforme ou une application et d&#8217;utiliser les diff\u00e9rentes options ou services qui y existent comme, par exemple, le contr\u00f4le du trafic et de la communication des donn\u00e9es, l&#8217;identification de la session, l&#8217;acc\u00e8s aux parties \u00e0 acc\u00e8s restreint, la m\u00e9morisation des \u00e9l\u00e9ments qui composent une commande, la r\u00e9alisation du processus d&#8217;achat d&#8217;une commande, la r\u00e9alisation de la demande d&#8217;inscription ou de participation \u00e0 un \u00e9v\u00e9nement, l&#8217;utilisation d&#8217;\u00e9l\u00e9ments de s\u00e9curit\u00e9 pendant la navigation, le stockage de contenus pour la diffusion de vid\u00e9os ou de sons ou le partage de contenus \u00e0 travers les r\u00e9seaux sociaux.<\/p>\n<p>&#8211; Cookies de personnalisation : ces cookies permettent \u00e0 l&#8217;utilisateur d&#8217;acc\u00e9der au service avec certaines caract\u00e9ristiques g\u00e9n\u00e9rales pr\u00e9d\u00e9finies en fonction d&#8217;une s\u00e9rie de crit\u00e8res du terminal de l&#8217;utilisateur, tels que la langue, le type de navigateur utilis\u00e9 pour acc\u00e9der au service, la configuration r\u00e9gionale depuis laquelle on acc\u00e8de au service, etc.<\/p>\n<p>&#8211; Cookies d&#8217;analyse : il s&#8217;agit de cookies qui sont soit trait\u00e9s par nous, soit par des tiers et qui nous permettent de quantifier le nombre d&#8217;utilisateurs et ainsi d&#8217;effectuer la mesure et l&#8217;analyse statistique de l&#8217;utilisation faite par les utilisateurs du service offert. \u00c0 cette fin, votre navigation sur notre site web est analys\u00e9e afin d&#8217;am\u00e9liorer la gamme de produits ou de services que nous vous proposons.<\/p>\n<p>&#8211; Cookies publicitaires : ce sont ceux qui, trait\u00e9s par nous ou par des tiers, nous permettent de g\u00e9rer le plus efficacement possible l&#8217;offre d&#8217;espaces publicitaires sur le site web, en adaptant le contenu de la publicit\u00e9 au contenu du service demand\u00e9 ou \u00e0 l&#8217;utilisation que vous faites de notre site web. \u00c0 cette fin, nous pouvons analyser vos habitudes de navigation sur Internet et vous montrer des publicit\u00e9s li\u00e9es \u00e0 votre profil de navigation.<\/p>\n<p>&#8211; Cookies de publicit\u00e9 comportementale : Ces cookies permettent de g\u00e9rer, de la mani\u00e8re la plus efficace possible, les espaces publicitaires que, le cas \u00e9ch\u00e9ant, l&#8217;\u00e9diteur a inclus sur un site web, une application ou une plateforme \u00e0 partir desquels le service demand\u00e9 est fourni. Ces cookies stockent des informations sur le comportement des utilisateurs obtenues par l&#8217;observation continue de leurs habitudes de navigation, ce qui permet de d\u00e9velopper un profil sp\u00e9cifique afin d&#8217;afficher des publicit\u00e9s bas\u00e9es sur ce dernier.<\/p>\n<p>Cookies de tiers : Le site web peut utiliser des services de tiers qui collectent des informations \u00e0 des fins statistiques, pour l&#8217;utilisation du site par l&#8217;utilisateur et pour la fourniture d&#8217;autres services li\u00e9s \u00e0 l&#8217;activit\u00e9 du site web et d&#8217;autres services Internet.<\/p>\n<p>En particulier, ce site utilise Google Analytics, un service d&#8217;analyse du Web fourni par Google Inc. domicili\u00e9e aux \u00c9tats-Unis et dont le principal \u00e9tablissement est situ\u00e9 au 1600 Amphitheatre Parkway, Mountain View, Californie 94043.<\/p>\n<p>Pour fournir ces services, ils utilisent des cookies qui collectent des informations, y compris l&#8217;adresse IP de l&#8217;utilisateur, qui seront transmises, trait\u00e9es et stock\u00e9es par Google dans les conditions d\u00e9crites sur le site Google.com.<\/p>\n<p>Cela inclut la transmission \u00e9ventuelle de ces informations \u00e0 des tiers pour des raisons d&#8217;obligation l\u00e9gale ou lorsque ces tiers traitent ces informations pour le compte de Google.<\/p>\n<p>L&#8217;Utilisateur accepte express\u00e9ment, en utilisant ce Site, le traitement des informations recueillies de la mani\u00e8re et aux fins susmentionn\u00e9es. Vous reconnaissez \u00e9galement \u00eatre inform\u00e9 de la possibilit\u00e9 de vous opposer au traitement de ces donn\u00e9es ou informations en rejetant l&#8217;utilisation de cookies en s\u00e9lectionnant les param\u00e8tres appropri\u00e9s \u00e0 cet effet dans votre navigateur.<\/p>\n<p>Bien que cette option de blocage des cookies dans votre navigateur puisse ne pas vous permettre d&#8217;utiliser pleinement toutes les fonctionnalit\u00e9s du site web. Vous pouvez autoriser, bloquer ou supprimer les cookies install\u00e9s sur votre ordinateur en configurant les options du navigateur install\u00e9 sur votre ordinateur : Chrome Internet Explorer Mozilla Firefox Safari[\/vc_column_text][\/vc_column][\/vc_row]\n","protected":false},"excerpt":{"rendered":"<p>[vc_row type=&#8221;in_container&#8221; full_screen_row_position=&#8221;middle&#8221; column_margin=&#8221;default&#8221; column_direction=&#8221;default&#8221; column_direction_tablet=&#8221;default&#8221; column_direction_phone=&#8221;default&#8221; scene_position=&#8221;center&#8221; text_color=&#8221;dark&#8221; text_align=&#8221;left&#8221; row_border_radius=&#8221;none&#8221; row_border_radius_applies=&#8221;bg&#8221; overlay_strength=&#8221;0.3&#8243; gradient_direction=&#8221;left_to_right&#8221; shape_divider_position=&#8221;bottom&#8221; bg_image_animation=&#8221;none&#8221;][vc_column column_padding=&#8221;no-extra-padding&#8221; column_padding_tablet=&#8221;inherit&#8221; column_padding_phone=&#8221;inherit&#8221; column_padding_position=&#8221;all&#8221; column_element_spacing=&#8221;default&#8221; background_color_opacity=&#8221;1&#8243; background_hover_color_opacity=&#8221;1&#8243; column_shadow=&#8221;none&#8221; column_border_radius=&#8221;none&#8221; column_link_target=&#8221;_self&#8221; gradient_direction=&#8221;left_to_right&#8221; overlay_strength=&#8221;0.3&#8243; width=&#8221;1\/1&#8243; tablet_width_inherit=&#8221;default&#8221;&#8230;<\/p>\n","protected":false},"author":1,"featured_media":0,"parent":0,"menu_order":0,"comment_status":"closed","ping_status":"closed","template":"","meta":{"footnotes":""},"class_list":["post-14274","page","type-page","status-publish"],"_links":{"self":[{"href":"https:\/\/www.campingsnavarra.com\/fr\/wp-json\/wp\/v2\/pages\/14274","targetHints":{"allow":["GET"]}}],"collection":[{"href":"https:\/\/www.campingsnavarra.com\/fr\/wp-json\/wp\/v2\/pages"}],"about":[{"href":"https:\/\/www.campingsnavarra.com\/fr\/wp-json\/wp\/v2\/types\/page"}],"author":[{"embeddable":true,"href":"https:\/\/www.campingsnavarra.com\/fr\/wp-json\/wp\/v2\/users\/1"}],"replies":[{"embeddable":true,"href":"https:\/\/www.campingsnavarra.com\/fr\/wp-json\/wp\/v2\/comments?post=14274"}],"version-history":[{"count":2,"href":"https:\/\/www.campingsnavarra.com\/fr\/wp-json\/wp\/v2\/pages\/14274\/revisions"}],"predecessor-version":[{"id":50739,"href":"https:\/\/www.campingsnavarra.com\/fr\/wp-json\/wp\/v2\/pages\/14274\/revisions\/50739"}],"wp:attachment":[{"href":"https:\/\/www.campingsnavarra.com\/fr\/wp-json\/wp\/v2\/media?parent=14274"}],"curies":[{"name":"wp","href":"https:\/\/api.w.org\/{rel}","templated":true}]}}