




























































































































































































{"id":57780,"date":"2022-08-01T09:41:37","date_gmt":"2022-08-01T07:41:37","guid":{"rendered":"https:\/\/www.campingsnavarra.com\/7-ibilbidea-iratxe-lokizko-mendilerroa\/"},"modified":"2024-06-19T09:12:31","modified_gmt":"2024-06-19T07:12:31","slug":"7-ibilbidea-iratxe-lokizko-mendilerroa","status":"publish","type":"page","link":"https:\/\/www.campingsnavarra.com\/eu\/7-ibilbidea-iratxe-lokizko-mendilerroa\/","title":{"rendered":"7. ibilbidea &#8211; Iratxe- Lokizko mendilerroa"},"content":{"rendered":"[vc_row type=&#8221;in_container&#8221; full_screen_row_position=&#8221;middle&#8221; column_margin=&#8221;default&#8221; column_direction=&#8221;default&#8221; column_direction_tablet=&#8221;default&#8221; column_direction_phone=&#8221;default&#8221; scene_position=&#8221;center&#8221; top_padding=&#8221;12%&#8221; text_color=&#8221;dark&#8221; text_align=&#8221;left&#8221; row_border_radius=&#8221;none&#8221; row_border_radius_applies=&#8221;bg&#8221; overlay_strength=&#8221;0.3&#8243; gradient_direction=&#8221;left_to_right&#8221; shape_divider_position=&#8221;bottom&#8221; bg_image_animation=&#8221;none&#8221; shape_type=&#8221;&#8221;][vc_column column_padding=&#8221;no-extra-padding&#8221; column_padding_tablet=&#8221;inherit&#8221; column_padding_phone=&#8221;inherit&#8221; column_padding_position=&#8221;all&#8221; column_element_spacing=&#8221;default&#8221; background_color_opacity=&#8221;1&#8243; background_hover_color_opacity=&#8221;1&#8243; column_shadow=&#8221;none&#8221; column_border_radius=&#8221;none&#8221; column_link_target=&#8221;_self&#8221; gradient_direction=&#8221;left_to_right&#8221; overlay_strength=&#8221;0.3&#8243; width=&#8221;1\/2&#8243; tablet_width_inherit=&#8221;default&#8221; tablet_text_alignment=&#8221;default&#8221; phone_text_alignment=&#8221;default&#8221; bg_image_animation=&#8221;none&#8221; border_type=&#8221;simple&#8221; column_border_width=&#8221;none&#8221; column_border_style=&#8221;solid&#8221;][split_line_heading animation_type=&#8221;default&#8221;]<strong><span style=\"color: #62a74e; font-size: 35px;\">7. Ibilbidea: IRATXE KANPINA<\/span><\/strong><br \/>\n<strong><span style=\"color: #62a74e; font-size: 25px;\">LOKIZ SAW<\/span><\/strong><br \/>\n<strong><span style=\"color: #62a74e; font-size: 20px;\">Tipologia: MTB<\/span><\/strong>[\/split_line_heading][vc_column_text]Ibilbide honetan Lokizko mendilerrora hurbilduko gara. Kilometraje gehiegirik ez egiteko, Anc\u00ednera biderik laburrenetik joatea aukeratu genuen, baina ez horregatik itsusiena, eta Ig\u00fazquizatik itzulera irteerako bide beretik egiten da. Anc\u00ednera lur onuragarri batean ibiliko gara, non pistak eta bideak ugariak izango diren baina bide txikiren batekin. Lokizera igoera bide ikusgarri batetik egiten da Lazagorriako Barrancoaren hondoan zehar, landaredi oparoz inguratuta.<\/p>\n<p>San Anton baselizatik gertu igaroko gara eta igotzen jarraituko dugu, oraingoan mendilerro honetako harrizko bide tipikotik, mailara iritsi eta Santiago baselizara jaitsiera hasi arte. Puntu honek benetako jaitsieraren hasiera adierazten du, lehenengo oso bide dibertigarri batetik eta gero bide zabal batetik.<\/p>\n<p>Bidearen ostean bistak ez galdu, merezi du geldialdia egitea. Itzulera Ollogoyenetik egiten dugu era guztietako lursailak txandakatuz pista nagusituz.[\/vc_column_text][\/vc_column][vc_column column_padding=&#8221;no-extra-padding&#8221; column_padding_tablet=&#8221;inherit&#8221; column_padding_phone=&#8221;inherit&#8221; column_padding_position=&#8221;all&#8221; column_element_spacing=&#8221;default&#8221; background_color_opacity=&#8221;1&#8243; background_hover_color_opacity=&#8221;1&#8243; column_shadow=&#8221;none&#8221; column_border_radius=&#8221;none&#8221; column_link_target=&#8221;_self&#8221; gradient_direction=&#8221;left_to_right&#8221; overlay_strength=&#8221;0.3&#8243; width=&#8221;1\/2&#8243; tablet_width_inherit=&#8221;default&#8221; tablet_text_alignment=&#8221;default&#8221; phone_text_alignment=&#8221;default&#8221; bg_image_animation=&#8221;none&#8221; border_type=&#8221;simple&#8221; column_border_width=&#8221;none&#8221; column_border_style=&#8221;solid&#8221;][image_with_animation image_url=&#8221;46327&#8243; animation=&#8221;Fade In&#8221; hover_animation=&#8221;none&#8221; alignment=&#8221;&#8221; border_radius=&#8221;10px&#8221; box_shadow=&#8221;medium_depth&#8221; image_loading=&#8221;default&#8221; max_width=&#8221;100%&#8221; max_width_mobile=&#8221;default&#8221;][\/vc_column][\/vc_row][vc_row type=&#8221;in_container&#8221; full_screen_row_position=&#8221;middle&#8221; column_margin=&#8221;default&#8221; column_direction=&#8221;default&#8221; column_direction_tablet=&#8221;default&#8221; column_direction_phone=&#8221;default&#8221; scene_position=&#8221;center&#8221; text_color=&#8221;dark&#8221; text_align=&#8221;left&#8221; row_border_radius=&#8221;none&#8221; row_border_radius_applies=&#8221;bg&#8221; overlay_strength=&#8221;0.3&#8243; gradient_direction=&#8221;left_to_right&#8221; shape_divider_position=&#8221;bottom&#8221; bg_image_animation=&#8221;none&#8221;][vc_column column_padding=&#8221;no-extra-padding&#8221; column_padding_tablet=&#8221;inherit&#8221; column_padding_phone=&#8221;inherit&#8221; column_padding_position=&#8221;all&#8221; column_element_spacing=&#8221;default&#8221; background_color_opacity=&#8221;1&#8243; background_hover_color_opacity=&#8221;1&#8243; column_shadow=&#8221;none&#8221; column_border_radius=&#8221;none&#8221; column_link_target=&#8221;_self&#8221; gradient_direction=&#8221;left_to_right&#8221; overlay_strength=&#8221;0.3&#8243; width=&#8221;1\/1&#8243; tablet_width_inherit=&#8221;default&#8221; tablet_text_alignment=&#8221;default&#8221; phone_text_alignment=&#8221;default&#8221; bg_image_animation=&#8221;none&#8221; border_type=&#8221;simple&#8221; column_border_width=&#8221;none&#8221; column_border_style=&#8221;solid&#8221;][split_line_heading animation_type=&#8221;default&#8221;]\n<h3>DATU FITXA<\/h3>\n[\/split_line_heading][vc_column_text]<strong>Tipologia<\/strong> : MTB<br \/>\n<strong>Distantzia<\/strong> : 49,4 km.<br \/>\n<strong>Metatutako malda positiboa (IBP indizearen arabera)<\/strong> : 1017 m.<br \/>\n<strong>Zailtasuna (IBP indizea)<\/strong> : 72[\/vc_column_text][\/vc_column][\/vc_row][vc_row type=&#8221;in_container&#8221; full_screen_row_position=&#8221;middle&#8221; column_margin=&#8221;default&#8221; column_direction=&#8221;default&#8221; column_direction_tablet=&#8221;default&#8221; column_direction_phone=&#8221;default&#8221; scene_position=&#8221;center&#8221; text_color=&#8221;dark&#8221; text_align=&#8221;left&#8221; row_border_radius=&#8221;none&#8221; row_border_radius_applies=&#8221;bg&#8221; overlay_strength=&#8221;0.3&#8243; gradient_direction=&#8221;left_to_right&#8221; shape_divider_position=&#8221;bottom&#8221; bg_image_animation=&#8221;none&#8221;][vc_column column_padding=&#8221;no-extra-padding&#8221; column_padding_tablet=&#8221;inherit&#8221; column_padding_phone=&#8221;inherit&#8221; column_padding_position=&#8221;all&#8221; column_element_spacing=&#8221;default&#8221; background_color_opacity=&#8221;1&#8243; background_hover_color_opacity=&#8221;1&#8243; column_shadow=&#8221;none&#8221; column_border_radius=&#8221;none&#8221; column_link_target=&#8221;_self&#8221; gradient_direction=&#8221;left_to_right&#8221; overlay_strength=&#8221;0.3&#8243; width=&#8221;1\/1&#8243; tablet_width_inherit=&#8221;default&#8221; tablet_text_alignment=&#8221;default&#8221; phone_text_alignment=&#8221;default&#8221; bg_image_animation=&#8221;none&#8221; border_type=&#8221;simple&#8221; column_border_width=&#8221;none&#8221; column_border_style=&#8221;solid&#8221;][split_line_heading animation_type=&#8221;default&#8221;]\n<h3>ZAILTASUNA<\/h3>\n[\/split_line_heading][image_with_animation image_url=&#8221;45630&#8243; animation=&#8221;Fade In&#8221; hover_animation=&#8221;none&#8221; alignment=&#8221;&#8221; border_radius=&#8221;none&#8221; box_shadow=&#8221;none&#8221; image_loading=&#8221;default&#8221; max_width=&#8221;75%&#8221; max_width_mobile=&#8221;default&#8221;][vc_column_text]<strong>Zailtasun fisikoa: ERTAINA<\/strong><br \/>\nIbilbideen <strong>zailtasun fisikoa<\/strong> definitzeko <strong>IBP indizea<\/strong> hartu dugu .<br \/>\nIBP indizea mendiko bizikleta, errepideko bizikleta edo legarrez egindako ibilbide baten zailtasun fisikoa baloratzen duen balorazio sistema automatiko bat da. Indize hau oso erabilgarria da ibilbide ezberdinen zailtasun fisiko maila ezagutzeko, elkarren artean alderatuz.<br \/>\nGarrantzitsua da ez nahastea ibilbide baten zailtasun fisiko-maila hori egiteak kostatuko zaigun esfortzuarekin: 60eko IBP indizea oso ibilbide gogorra izango da hasi gabekoarentzat, normala prestaketa ertainekoa duenarentzat eta oso erraza da profesional batentzat.<br \/>\nGure kasuan, <strong>prestaketa fisiko normal<\/strong> bat hartu dugu erreferentzia gisa ibilbideen zailtasun fisikoa baloratzeko.[\/vc_column_text][image_with_animation image_url=&#8221;45032&#8243; animation=&#8221;Fade In&#8221; hover_animation=&#8221;none&#8221; alignment=&#8221;&#8221; border_radius=&#8221;none&#8221; box_shadow=&#8221;none&#8221; image_loading=&#8221;default&#8221; max_width=&#8221;100%&#8221; max_width_mobile=&#8221;default&#8221;][vc_column_text]<strong>Zailtasun teknikoa: ERRAZA<\/strong><br \/>\nAtal honetarako ez dago zenbaki bat ematen digun formula matematikorik, beraz, balorazioa esperientziak emandako ezagutzan oinarrituta egiten da.<\/p>\n<p>Zailtasun teknikoa <strong>3 mailatan<\/strong> definitu dugu:<br \/>\n\u2022 <strong>Kolore berdea<\/strong> : sinplea. Ibilbidean ez dago zailtasun tekniko nabarmenik.<br \/>\n\u2022 <strong>Kolore urdina<\/strong> : ertaina. Zailtasun teknikoren bat duten eremuak aurki ditzakegu. <em>Hartxintxazko<\/em> bideen kasuan, trinkotu gabeko zoruan goranzko edo beheranzko malda handia duten eremuak izango dira, bide-zatiak edo egoera txarrean dauden zorua. BTT ibilbideen kasuan, maldan gora eta beherako ibilbidearen zatiak izan daitezke, pauso korapilatsuren batekin, lur-egoeraren ondorioz edo zoru oso kaltetuak dituzten bide naturalak direlako. Bi kasuetan, zati hauek ibilbidearen guztizko luzeraren portzentaje txiki bat adierazten dute.<br \/>\n\u2022 <strong>Kolore gorria<\/strong> : zaila. Bai legarran bai MTBn, urdinez definitutakoak bezalako eremu konplikatuak aurkitzen ditugu, baina maiztasun eta intentsitate handiagoarekin.<br \/>\nErrepideko ibilbideetan, zailtasun teknikoa beti berdea izango da, baina zorua bustita edo izotza badago, egoera guztiz aldatuko da.[\/vc_column_text][\/vc_column][\/vc_row][vc_row type=&#8221;in_container&#8221; full_screen_row_position=&#8221;middle&#8221; column_margin=&#8221;default&#8221; column_direction=&#8221;default&#8221; column_direction_tablet=&#8221;default&#8221; column_direction_phone=&#8221;default&#8221; scene_position=&#8221;center&#8221; text_color=&#8221;dark&#8221; text_align=&#8221;left&#8221; row_border_radius=&#8221;none&#8221; row_border_radius_applies=&#8221;bg&#8221; overlay_strength=&#8221;0.3&#8243; gradient_direction=&#8221;left_to_right&#8221; shape_divider_position=&#8221;bottom&#8221; bg_image_animation=&#8221;none&#8221;][vc_column column_padding=&#8221;no-extra-padding&#8221; column_padding_tablet=&#8221;inherit&#8221; column_padding_phone=&#8221;inherit&#8221; column_padding_position=&#8221;all&#8221; column_element_spacing=&#8221;default&#8221; background_color_opacity=&#8221;1&#8243; background_hover_color_opacity=&#8221;1&#8243; column_shadow=&#8221;none&#8221; column_border_radius=&#8221;none&#8221; column_link_target=&#8221;_self&#8221; gradient_direction=&#8221;left_to_right&#8221; overlay_strength=&#8221;0.3&#8243; width=&#8221;1\/1&#8243; tablet_width_inherit=&#8221;default&#8221; tablet_text_alignment=&#8221;default&#8221; phone_text_alignment=&#8221;default&#8221; bg_image_animation=&#8221;none&#8221; border_type=&#8221;simple&#8221; column_border_width=&#8221;none&#8221; column_border_style=&#8221;solid&#8221;][split_line_heading animation_type=&#8221;default&#8221;]\n<h3>IBILBIDE HONEN DESKARGAGARRIAK<\/h3>\n[\/split_line_heading][nectar_btn size=&#8221;large&#8221; button_style=&#8221;regular&#8221; button_color_2=&#8221;Accent-Color&#8221; icon_family=&#8221;none&#8221; text=&#8221;Deskargatu GPSa&#8221; url=&#8221;\/wp-content\/uploads\/2022\/gpx\/Camping_Acedo_Carretera_Ruta_1_Vuelta_a_la_Berrueza_IDENA.gpx&#8221;][nectar_btn size=&#8221;large&#8221; open_new_tab=&#8221;true&#8221; button_style=&#8221;regular&#8221; button_color_2=&#8221;Accent-Color&#8221; icon_family=&#8221;none&#8221; text=&#8221;Ibilbidea WIKILOCen&#8221; url=&#8221;https:\/\/es.wikiloc.com\/rutas-mountain-bike\/camping-iratxe-mtb-ruta-3-sierra-de-lokiz-106179218&#8243;][nectar_btn size=&#8221;large&#8221; open_new_tab=&#8221;true&#8221; button_style=&#8221;regular&#8221; button_color_2=&#8221;Accent-Color&#8221; icon_family=&#8221;none&#8221; text=&#8221;Ibilbidea KOMOOT-en&#8221; url=&#8221;https:\/\/www.komoot.es\/tour\/840815503&#8243;][nectar_btn size=&#8221;large&#8221; open_new_tab=&#8221;true&#8221; button_style=&#8221;regular&#8221; button_color_2=&#8221;Accent-Color&#8221; icon_family=&#8221;none&#8221; text=&#8221;Ibilbidea STRAVAn&#8221; url=&#8221;https:\/\/www.strava.com\/routes\/3220387533263141198&#8243;][nectar_btn size=&#8221;large&#8221; open_new_tab=&#8221;true&#8221; button_style=&#8221;regular&#8221; button_color_2=&#8221;Accent-Color&#8221; icon_family=&#8221;none&#8221; text=&#8221;KANPO AKTIBOA ibilbidea&#8221; url=&#8221;https:\/\/out.ac\/ITbnwX&#8221;][\/vc_column][\/vc_row][vc_row type=&#8221;in_container&#8221; full_screen_row_position=&#8221;middle&#8221; column_margin=&#8221;default&#8221; column_direction=&#8221;default&#8221; column_direction_tablet=&#8221;default&#8221; column_direction_phone=&#8221;default&#8221; scene_position=&#8221;center&#8221; text_color=&#8221;dark&#8221; text_align=&#8221;left&#8221; row_border_radius=&#8221;none&#8221; row_border_radius_applies=&#8221;bg&#8221; overlay_strength=&#8221;0.3&#8243; gradient_direction=&#8221;left_to_right&#8221; shape_divider_position=&#8221;bottom&#8221; bg_image_animation=&#8221;none&#8221;][vc_column column_padding=&#8221;no-extra-padding&#8221; column_padding_tablet=&#8221;inherit&#8221; column_padding_phone=&#8221;inherit&#8221; column_padding_position=&#8221;all&#8221; column_element_spacing=&#8221;default&#8221; background_color_opacity=&#8221;1&#8243; background_hover_color_opacity=&#8221;1&#8243; column_shadow=&#8221;none&#8221; column_border_radius=&#8221;none&#8221; column_link_target=&#8221;_self&#8221; gradient_direction=&#8221;left_to_right&#8221; overlay_strength=&#8221;0.3&#8243; width=&#8221;1\/1&#8243; tablet_width_inherit=&#8221;default&#8221; tablet_text_alignment=&#8221;default&#8221; phone_text_alignment=&#8221;default&#8221; bg_image_animation=&#8221;none&#8221; border_type=&#8221;simple&#8221; column_border_width=&#8221;none&#8221; column_border_style=&#8221;solid&#8221;][split_line_heading animation_type=&#8221;default&#8221;]\n<h3>MAPA<\/h3>\n[\/split_line_heading][vc_raw_html]PGlmcmFtZSBzcmM9Imh0dHBzOi8vd3d3Lmdvb2dsZS5jb20vbWFwcy9kL2VtYmVkP21pZD0xQzV2TGhUWGxLSjQ1OVVJMUpubm15YVdXYjFiWnlhNCZhbXA7ZWhiYz0yRTMxMkYiIHdpZHRoPSIxMDAlIiBoZWlnaHQ9IjQ4MCI+PC9pZnJhbWU+[\/vc_raw_html][\/vc_column][\/vc_row][vc_row type=&#8221;in_container&#8221; full_screen_row_position=&#8221;middle&#8221; column_margin=&#8221;default&#8221; column_direction=&#8221;default&#8221; column_direction_tablet=&#8221;default&#8221; column_direction_phone=&#8221;default&#8221; scene_position=&#8221;center&#8221; text_color=&#8221;dark&#8221; text_align=&#8221;left&#8221; row_border_radius=&#8221;none&#8221; row_border_radius_applies=&#8221;bg&#8221; overlay_strength=&#8221;0.3&#8243; gradient_direction=&#8221;left_to_right&#8221; shape_divider_position=&#8221;bottom&#8221; bg_image_animation=&#8221;none&#8221;][vc_column column_padding=&#8221;no-extra-padding&#8221; column_padding_tablet=&#8221;inherit&#8221; column_padding_phone=&#8221;inherit&#8221; column_padding_position=&#8221;all&#8221; column_element_spacing=&#8221;default&#8221; background_color_opacity=&#8221;1&#8243; background_hover_color_opacity=&#8221;1&#8243; column_shadow=&#8221;none&#8221; column_border_radius=&#8221;none&#8221; column_link_target=&#8221;_self&#8221; gradient_direction=&#8221;left_to_right&#8221; overlay_strength=&#8221;0.3&#8243; width=&#8221;1\/1&#8243; tablet_width_inherit=&#8221;default&#8221; tablet_text_alignment=&#8221;default&#8221; phone_text_alignment=&#8221;default&#8221; bg_image_animation=&#8221;none&#8221; border_type=&#8221;simple&#8221; column_border_width=&#8221;none&#8221; column_border_style=&#8221;solid&#8221;][split_line_heading animation_type=&#8221;default&#8221;]\n<h3>GOMENDIOAK<\/h3>\n[\/split_line_heading][vc_column_text]\n<ul>\n<li><strong>Nafarroako Kanpinen Elkarteak<\/strong> <strong>ez du bermatzen ibilbideen mantentze-lanak<\/strong> , beraz, ibilbideetan oztopoak aurki daitezke. Hala ere, hori gertatuz gero, eskertzen dugu jakinarazten diguten bisitariak, etorkizunean beste pertsonen joan-etorrietarako kontuan hartu ahal izateko.<\/li>\n<li>Oso gomendagarria da arrastoak <strong>GPSan hartzea<\/strong> . Urrutiko eremu batzuetan erraza da desorientatzea.<\/li>\n<li>Ezinbestekoa da ibilbide guztietarako <strong>ur<\/strong> asko eramatea, batez ere udan.<\/li>\n<li><strong>Kaskoa<\/strong> erabiltzea derrigorrezkoa da.<\/li>\n<li>Praktikatu leuna <strong>gidatzea<\/strong> higadura saihesteko.<\/li>\n<li>Konpainiarik gabe irtengo bazara, <strong>utzi egingo duzun ibilbidearen abisua<\/strong> .<\/li>\n<li><strong>Ibilbideak<\/strong> mendizaleekin eta zaldizkoekin partekatutako erabilerarako dira. Beti eman bidea, pertsona hauek dute lehentasuna.<\/li>\n<li><strong>Abere itxiera<\/strong> bat aurkitzen baduzu, igaro ondoren utzi aurkitu duzun bezala.<\/li>\n<li>Errepide guztietan <strong>ganadua igarotzea<\/strong> errazten du.<\/li>\n<li>Saihestu <strong>markatutako bidetik<\/strong> irten eta finka pribatuetara sartzea.<\/li>\n<li>Errespetatu <strong>ingurumena<\/strong> eta <strong>ez utzi hondakinik<\/strong> .<\/li>\n<li>Saihestu oihu egitea eta <strong>fauna<\/strong> asaldatzea.<\/li>\n<li><strong>Ehiza erasoaren<\/strong> zantzu bat ikusten baduzu, buelta eman eta aukeratu beste bide bat.<\/li>\n<li>Errespetatu <strong>trafiko arauak<\/strong> .<\/li>\n<li><strong>Errespetuz<\/strong> ibili herrietako zeharkaldietan jendearekin.<\/li>\n<\/ul>\n<p><strong>Eta gozatu Nafarroako gure kanpinetako ibilbideez!<\/strong>[\/vc_column_text][\/vc_column][\/vc_row]\n","protected":false},"excerpt":{"rendered":"<p>[vc_row type=&#8221;in_container&#8221; full_screen_row_position=&#8221;middle&#8221; column_margin=&#8221;default&#8221; column_direction=&#8221;default&#8221; column_direction_tablet=&#8221;default&#8221; column_direction_phone=&#8221;default&#8221; scene_position=&#8221;center&#8221; top_padding=&#8221;12%&#8221; text_color=&#8221;dark&#8221; text_align=&#8221;left&#8221; row_border_radius=&#8221;none&#8221; row_border_radius_applies=&#8221;bg&#8221; overlay_strength=&#8221;0.3&#8243; gradient_direction=&#8221;left_to_right&#8221; shape_divider_position=&#8221;bottom&#8221; bg_image_animation=&#8221;none&#8221; shape_type=&#8221;&#8221;][vc_column column_padding=&#8221;no-extra-padding&#8221; column_padding_tablet=&#8221;inherit&#8221; column_padding_phone=&#8221;inherit&#8221; column_padding_position=&#8221;all&#8221; column_element_spacing=&#8221;default&#8221; background_color_opacity=&#8221;1&#8243; background_hover_color_opacity=&#8221;1&#8243; column_shadow=&#8221;none&#8221; column_border_radius=&#8221;none&#8221; column_link_target=&#8221;_self&#8221; gradient_direction=&#8221;left_to_right&#8221; overlay_strength=&#8221;0.3&#8243;&#8230;<\/p>\n","protected":false},"author":1,"featured_media":0,"parent":0,"menu_order":0,"comment_status":"closed","ping_status":"closed","template":"","meta":{"footnotes":""},"class_list":["post-57780","page","type-page","status-publish"],"_links":{"self":[{"href":"https:\/\/www.campingsnavarra.com\/eu\/wp-json\/wp\/v2\/pages\/57780","targetHints":{"allow":["GET"]}}],"collection":[{"href":"https:\/\/www.campingsnavarra.com\/eu\/wp-json\/wp\/v2\/pages"}],"about":[{"href":"https:\/\/www.campingsnavarra.com\/eu\/wp-json\/wp\/v2\/types\/page"}],"author":[{"embeddable":true,"href":"https:\/\/www.campingsnavarra.com\/eu\/wp-json\/wp\/v2\/users\/1"}],"replies":[{"embeddable":true,"href":"https:\/\/www.campingsnavarra.com\/eu\/wp-json\/wp\/v2\/comments?post=57780"}],"version-history":[{"count":20,"href":"https:\/\/www.campingsnavarra.com\/eu\/wp-json\/wp\/v2\/pages\/57780\/revisions"}],"predecessor-version":[{"id":66226,"href":"https:\/\/www.campingsnavarra.com\/eu\/wp-json\/wp\/v2\/pages\/57780\/revisions\/66226"}],"wp:attachment":[{"href":"https:\/\/www.campingsnavarra.com\/eu\/wp-json\/wp\/v2\/media?parent=57780"}],"curies":[{"name":"wp","href":"https:\/\/api.w.org\/{rel}","templated":true}]}}